{"id":2603,"date":"2024-02-20T17:13:10","date_gmt":"2024-02-20T16:13:10","guid":{"rendered":"https:\/\/www.mimpishop.be\/?post_type=product&#038;p=2603"},"modified":"2024-06-09T19:02:06","modified_gmt":"2024-06-09T17:02:06","slug":"monoi-candle-copie","status":"publish","type":"product","link":"https:\/\/www.mimpishop.be\/en\/produit\/monoi-candle-copie\/","title":{"rendered":"Mono\u00ef Candle (Copie)"},"content":{"rendered":"<p>Une bougie avec un pot en Jesmonite ?\u00a0<br\/>La Jesmonite est une alternative \u00e9cologique \u00e0 la r\u00e9sine Epoxy, sans solvants et \u00e0 base d\u2019eau elle est plus \u00e9cologique.\u00a0Elle est aussi plus l\u00e9g\u00e8re que le b\u00e9ton et plus solide que le pl\u00e2tre.<\/p><p><br\/>Quand votre bougie est termin\u00e9e, lavez le contenant \u00e0 l\u2019eau chaude, savonneuse et donnez-lui une seconde vie !\u00a0Ou vous pouvez achtetez une recharge disponible sur notre site. <\/p><p><\/p><p>Bougie respectueuse de votre sant\u00e9 et de l&#8217;environnement<\/p><p><br\/>La cire de soja est v\u00e9g\u00e9tale, biod\u00e9gradable et non toxique. Les parfums sont sans CMR et sans phtalates.\u00a0 <\/p><p>Cire de soja europ\u00e9enne. <\/p><p>40h de combustion<br\/>Fragrances sans substances toxiques<br\/>Pot r\u00e9utilisable en Jesmonite<br\/>240ML<\/p>","protected":false},"excerpt":{"rendered":"<p><strong>Olfactory pyramid<\/strong><\/p>\n<div id=\"mm-0\" class=\"mm-page mm-slideout\">\n<div id=\"page\">\n<div id=\"columns_wrapper\" class=\"bg-light position-relative\">\n<div id=\"columns\" class=\"container py-4\">\n<div class=\"row\">\n<div id=\"center_column\" class=\"col-lg order-1 order-lg-0\">\n<div>\n<div id=\"product_content_container\" class=\"row\">\n<div id=\"content\" class=\"col-12\">\n<div class=\"bg-white p-3 p-lg-4 rounded\">\n<div id=\"more_info_block\" class=\"mt-4 mb-md-4\">\n<div class=\"tab-content\">\n<section class=\"tab-pane active show\" id=\"product-description\" role=\"tabpanel\">\n<div id=\"product-description-collapse\" class=\"collapse d-md-block show\">\n<div class=\"row row-to-receive\">\n<div class=\"col-12 col-lg\">\n<section id=\"sld-characteristics\">\n<div class=\"table-responsive-sm mb-4 mb-md-5\">\n<table class=\"table table-data-sheet\">\n<tbody>\n<tr class=\"odd\">\n<td>Notes<\/td>\n<td>Floral \/ Fruity \/ Coconut \/ Tuberose<\/td>\n<\/tr>\n<tr class=\"even\">\n<td>Head<\/td>\n<td>ylang-ylang<\/td>\n<\/tr>\n<tr class=\"odd\">\n<td>Heart<\/td>\n<td>Orange blossom\/tuberose<\/td>\n<\/tr>\n<tr class=\"even\">\n<td>Base<\/td>\n<td>tiare\/monoi<\/td>\n<\/tr>\n<\/tbody>\n<\/table>\n<\/div>\n<div class=\"groupfeature-title h4\"><\/div>\n<\/section>\n<\/div>\n<\/div>\n<\/div>\n<\/section>\n<\/div>\n<\/div>\n<\/div>\n<\/div>\n<\/div>\n<\/div>\n<\/div>\n<\/div>\n<\/div>\n<\/div>\n<\/div>\n<\/div>\n","protected":false},"featured_media":5508,"template":"","meta":[],"product_cat":[62,130],"product_tag":[],"class_list":{"0":"post-2603","1":"product","2":"type-product","3":"status-publish","4":"has-post-thumbnail","6":"product_cat-category-candles","7":"product_cat-candle","9":"first","10":"instock","11":"taxable","12":"shipping-taxable","13":"purchasable","14":"product-type-simple"},"yoast_head":"<!-- This site is optimized with the Yoast SEO plugin v24.2 - https:\/\/yoast.com\/wordpress\/plugins\/seo\/ -->\n<title>Mono\u00ef Candle (Copie) - Mimpi<\/title>\n<meta name=\"robots\" content=\"index, follow, max-snippet:-1, max-image-preview:large, max-video-preview:-1\" \/>\n<link rel=\"canonical\" href=\"https:\/\/www.mimpishop.be\/en\/produit\/monoi-candle-copie\/\" \/>\n<meta property=\"og:locale\" content=\"en_US\" \/>\n<meta property=\"og:type\" content=\"article\" \/>\n<meta property=\"og:title\" content=\"Mono\u00ef Candle (Copie) - Mimpi\" \/>\n<meta property=\"og:description\" content=\"Olfactory pyramidNotes Floral \/ Fruity \/ Coconut \/ Tuberose         Head ylang-ylang                Heart Orange blossom\/tuberose                Base tiare\/monoi\" \/>\n<meta property=\"og:url\" content=\"https:\/\/www.mimpishop.be\/en\/produit\/monoi-candle-copie\/\" \/>\n<meta property=\"og:site_name\" content=\"Mimpi\" \/>\n<meta property=\"article:publisher\" content=\"https:\/\/www.facebook.com\/mimpibyjulie\/\" \/>\n<meta property=\"article:modified_time\" content=\"2024-06-09T17:02:06+00:00\" \/>\n<meta property=\"og:image\" content=\"https:\/\/www.mimpishop.be\/wp-content\/uploads\/2024\/06\/IMG_2719.jpg\" \/>\n\t<meta property=\"og:image:width\" content=\"1179\" \/>\n\t<meta property=\"og:image:height\" content=\"2096\" \/>\n\t<meta property=\"og:image:type\" content=\"image\/jpeg\" \/>\n<script type=\"application\/ld+json\" class=\"yoast-schema-graph\">{\"@context\":\"https:\/\/schema.org\",\"@graph\":[{\"@type\":\"WebPage\",\"@id\":\"https:\/\/www.mimpishop.be\/en\/produit\/monoi-candle-copie\/\",\"url\":\"https:\/\/www.mimpishop.be\/en\/produit\/monoi-candle-copie\/\",\"name\":\"Mono\u00ef Candle (Copie) - Mimpi\",\"isPartOf\":{\"@id\":\"https:\/\/www.mimpishop.be\/en\/#website\"},\"primaryImageOfPage\":{\"@id\":\"https:\/\/www.mimpishop.be\/en\/produit\/monoi-candle-copie\/#primaryimage\"},\"image\":{\"@id\":\"https:\/\/www.mimpishop.be\/en\/produit\/monoi-candle-copie\/#primaryimage\"},\"thumbnailUrl\":\"https:\/\/www.mimpishop.be\/wp-content\/uploads\/2026\/03\/ChatGPT-Image-10-mars-2026-10_00_03.png\",\"datePublished\":\"2024-02-20T16:13:10+00:00\",\"dateModified\":\"2024-06-09T17:02:06+00:00\",\"breadcrumb\":{\"@id\":\"https:\/\/www.mimpishop.be\/en\/produit\/monoi-candle-copie\/#breadcrumb\"},\"inLanguage\":\"en-US\",\"potentialAction\":[{\"@type\":\"ReadAction\",\"target\":[\"https:\/\/www.mimpishop.be\/en\/produit\/monoi-candle-copie\/\"]}]},{\"@type\":\"ImageObject\",\"inLanguage\":\"en-US\",\"@id\":\"https:\/\/www.mimpishop.be\/en\/produit\/monoi-candle-copie\/#primaryimage\",\"url\":\"https:\/\/www.mimpishop.be\/wp-content\/uploads\/2026\/03\/ChatGPT-Image-10-mars-2026-10_00_03.png\",\"contentUrl\":\"https:\/\/www.mimpishop.be\/wp-content\/uploads\/2026\/03\/ChatGPT-Image-10-mars-2026-10_00_03.png\",\"width\":1024,\"height\":1536},{\"@type\":\"BreadcrumbList\",\"@id\":\"https:\/\/www.mimpishop.be\/en\/produit\/monoi-candle-copie\/#breadcrumb\",\"itemListElement\":[{\"@type\":\"ListItem\",\"position\":1,\"name\":\"Accueil\",\"item\":\"https:\/\/www.mimpishop.be\/en\/home\/\"},{\"@type\":\"ListItem\",\"position\":2,\"name\":\"Shop\",\"item\":\"https:\/\/www.mimpishop.be\/en\/shop\/\"},{\"@type\":\"ListItem\",\"position\":3,\"name\":\"Mono\u00ef Candle (Copie)\"}]},{\"@type\":\"WebSite\",\"@id\":\"https:\/\/www.mimpishop.be\/en\/#website\",\"url\":\"https:\/\/www.mimpishop.be\/en\/\",\"name\":\"Mimpi\",\"description\":\"Des Cr\u00e9ations Artisanales Pour Sublimer Votre Int\u00e9rieur !\",\"publisher\":{\"@id\":\"https:\/\/www.mimpishop.be\/en\/#organization\"},\"alternateName\":\"Mimpi\",\"potentialAction\":[{\"@type\":\"SearchAction\",\"target\":{\"@type\":\"EntryPoint\",\"urlTemplate\":\"https:\/\/www.mimpishop.be\/en\/?s={search_term_string}\"},\"query-input\":{\"@type\":\"PropertyValueSpecification\",\"valueRequired\":true,\"valueName\":\"search_term_string\"}}],\"inLanguage\":\"en-US\"},{\"@type\":\"Organization\",\"@id\":\"https:\/\/www.mimpishop.be\/en\/#organization\",\"name\":\"Mimpi\",\"alternateName\":\"Mimpi\",\"url\":\"https:\/\/www.mimpishop.be\/en\/\",\"logo\":{\"@type\":\"ImageObject\",\"inLanguage\":\"en-US\",\"@id\":\"https:\/\/www.mimpishop.be\/en\/#\/schema\/logo\/image\/\",\"url\":\"https:\/\/www.mimpishop.be\/wp-content\/uploads\/2023\/07\/logo-mimpi.svg\",\"contentUrl\":\"https:\/\/www.mimpishop.be\/wp-content\/uploads\/2023\/07\/logo-mimpi.svg\",\"width\":317,\"height\":147,\"caption\":\"Mimpi\"},\"image\":{\"@id\":\"https:\/\/www.mimpishop.be\/en\/#\/schema\/logo\/image\/\"},\"sameAs\":[\"https:\/\/www.facebook.com\/mimpibyjulie\/\",\"https:\/\/www.instagram.com\/mimpibyjulie\/\",\"https:\/\/www.tiktok.com\/@mimpishopjulie?_t=8dlMXK7DkAk&_r=1\"]}]}<\/script>\n<!-- \/ Yoast SEO plugin. -->","yoast_head_json":{"title":"Mono\u00ef Candle (Copie) - Mimpi","robots":{"index":"index","follow":"follow","max-snippet":"max-snippet:-1","max-image-preview":"max-image-preview:large","max-video-preview":"max-video-preview:-1"},"canonical":"https:\/\/www.mimpishop.be\/en\/produit\/monoi-candle-copie\/","og_locale":"en_US","og_type":"article","og_title":"Mono\u00ef Candle (Copie) - Mimpi","og_description":"Olfactory pyramidNotes Floral \/ Fruity \/ Coconut \/ Tuberose         Head ylang-ylang                Heart Orange blossom\/tuberose                Base tiare\/monoi","og_url":"https:\/\/www.mimpishop.be\/en\/produit\/monoi-candle-copie\/","og_site_name":"Mimpi","article_publisher":"https:\/\/www.facebook.com\/mimpibyjulie\/","article_modified_time":"2024-06-09T17:02:06+00:00","og_image":[{"width":1179,"height":2096,"url":"https:\/\/www.mimpishop.be\/wp-content\/uploads\/2024\/06\/IMG_2719.jpg","type":"image\/jpeg"}],"schema":{"@context":"https:\/\/schema.org","@graph":[{"@type":"WebPage","@id":"https:\/\/www.mimpishop.be\/en\/produit\/monoi-candle-copie\/","url":"https:\/\/www.mimpishop.be\/en\/produit\/monoi-candle-copie\/","name":"Mono\u00ef Candle (Copie) - Mimpi","isPartOf":{"@id":"https:\/\/www.mimpishop.be\/en\/#website"},"primaryImageOfPage":{"@id":"https:\/\/www.mimpishop.be\/en\/produit\/monoi-candle-copie\/#primaryimage"},"image":{"@id":"https:\/\/www.mimpishop.be\/en\/produit\/monoi-candle-copie\/#primaryimage"},"thumbnailUrl":"https:\/\/www.mimpishop.be\/wp-content\/uploads\/2026\/03\/ChatGPT-Image-10-mars-2026-10_00_03.png","datePublished":"2024-02-20T16:13:10+00:00","dateModified":"2024-06-09T17:02:06+00:00","breadcrumb":{"@id":"https:\/\/www.mimpishop.be\/en\/produit\/monoi-candle-copie\/#breadcrumb"},"inLanguage":"en-US","potentialAction":[{"@type":"ReadAction","target":["https:\/\/www.mimpishop.be\/en\/produit\/monoi-candle-copie\/"]}]},{"@type":"ImageObject","inLanguage":"en-US","@id":"https:\/\/www.mimpishop.be\/en\/produit\/monoi-candle-copie\/#primaryimage","url":"https:\/\/www.mimpishop.be\/wp-content\/uploads\/2026\/03\/ChatGPT-Image-10-mars-2026-10_00_03.png","contentUrl":"https:\/\/www.mimpishop.be\/wp-content\/uploads\/2026\/03\/ChatGPT-Image-10-mars-2026-10_00_03.png","width":1024,"height":1536},{"@type":"BreadcrumbList","@id":"https:\/\/www.mimpishop.be\/en\/produit\/monoi-candle-copie\/#breadcrumb","itemListElement":[{"@type":"ListItem","position":1,"name":"Accueil","item":"https:\/\/www.mimpishop.be\/en\/home\/"},{"@type":"ListItem","position":2,"name":"Shop","item":"https:\/\/www.mimpishop.be\/en\/shop\/"},{"@type":"ListItem","position":3,"name":"Mono\u00ef Candle (Copie)"}]},{"@type":"WebSite","@id":"https:\/\/www.mimpishop.be\/en\/#website","url":"https:\/\/www.mimpishop.be\/en\/","name":"Mimpi","description":"Des Cr\u00e9ations Artisanales Pour Sublimer Votre Int\u00e9rieur !","publisher":{"@id":"https:\/\/www.mimpishop.be\/en\/#organization"},"alternateName":"Mimpi","potentialAction":[{"@type":"SearchAction","target":{"@type":"EntryPoint","urlTemplate":"https:\/\/www.mimpishop.be\/en\/?s={search_term_string}"},"query-input":{"@type":"PropertyValueSpecification","valueRequired":true,"valueName":"search_term_string"}}],"inLanguage":"en-US"},{"@type":"Organization","@id":"https:\/\/www.mimpishop.be\/en\/#organization","name":"Mimpi","alternateName":"Mimpi","url":"https:\/\/www.mimpishop.be\/en\/","logo":{"@type":"ImageObject","inLanguage":"en-US","@id":"https:\/\/www.mimpishop.be\/en\/#\/schema\/logo\/image\/","url":"https:\/\/www.mimpishop.be\/wp-content\/uploads\/2023\/07\/logo-mimpi.svg","contentUrl":"https:\/\/www.mimpishop.be\/wp-content\/uploads\/2023\/07\/logo-mimpi.svg","width":317,"height":147,"caption":"Mimpi"},"image":{"@id":"https:\/\/www.mimpishop.be\/en\/#\/schema\/logo\/image\/"},"sameAs":["https:\/\/www.facebook.com\/mimpibyjulie\/","https:\/\/www.instagram.com\/mimpibyjulie\/","https:\/\/www.tiktok.com\/@mimpishopjulie?_t=8dlMXK7DkAk&_r=1"]}]}},"_links":{"self":[{"href":"https:\/\/www.mimpishop.be\/en\/wp-json\/wp\/v2\/product\/2603","targetHints":{"allow":["GET"]}}],"collection":[{"href":"https:\/\/www.mimpishop.be\/en\/wp-json\/wp\/v2\/product"}],"about":[{"href":"https:\/\/www.mimpishop.be\/en\/wp-json\/wp\/v2\/types\/product"}],"wp:featuredmedia":[{"embeddable":true,"href":"https:\/\/www.mimpishop.be\/en\/wp-json\/wp\/v2\/media\/5508"}],"wp:attachment":[{"href":"https:\/\/www.mimpishop.be\/en\/wp-json\/wp\/v2\/media?parent=2603"}],"wp:term":[{"taxonomy":"product_cat","embeddable":true,"href":"https:\/\/www.mimpishop.be\/en\/wp-json\/wp\/v2\/product_cat?post=2603"},{"taxonomy":"product_tag","embeddable":true,"href":"https:\/\/www.mimpishop.be\/en\/wp-json\/wp\/v2\/product_tag?post=2603"}],"curies":[{"name":"wp","href":"https:\/\/api.w.org\/{rel}","templated":true}]}}