{"id":4320,"date":"2025-07-09T16:00:21","date_gmt":"2025-07-09T14:00:21","guid":{"rendered":"https:\/\/www.mimpishop.be\/?post_type=product&#038;p=4320"},"modified":"2025-11-17T10:50:31","modified_gmt":"2025-11-17T09:50:31","slug":"bougeoirs-carre-2-bougies-fleur-de-cerisier","status":"publish","type":"product","link":"https:\/\/www.mimpishop.be\/en\/produit\/bougeoirs-carre-2-bougies-fleur-de-cerisier\/","title":{"rendered":"Bougeoirs carr\u00e9 | 2 bougies | Fleur de cerisier"},"content":{"rendered":"","protected":false},"excerpt":{"rendered":"<p>Ajoutez une touche de charme moderne \u00e0 votre d\u00e9coration avec ce bougeoir double en jesmonite terrazzo. Avec ses lignes carr\u00e9es affirm\u00e9es et ses deux emplacements pour bougies, il combine minimalisme et raffinement. Son fond blanc, parsem\u00e9 d\u2019\u00e9clats Rose, apporte une note douce et \u00e9l\u00e9gante \u00e0 votre int\u00e9rieur.<br \/>Id\u00e9al pour cr\u00e9er une ambiance tamis\u00e9e dans un salon, une chambre ou sur une table de f\u00eate, ce bougeoir est enti\u00e8rement fabriqu\u00e9 \u00e0 la main, pour une pi\u00e8ce unique au caract\u00e8re artisanal.<br \/>Mat\u00e9riau : Jesmonite \u2013 solide, \u00e9cologique et durable\u2028Couleurs : fond blanc avec \u00e9clats Rose\u2028Utilisation : pour bougies chauffe-plat \u2028Entretien : Nettoyer avec un chiffon doux et sec<br \/>Un objet d\u00e9coratif \u00e0 la fois graphique et chaleureux, parfait pour sublimer vos moments du quotidien ou vos d\u00eeners aux chandelles.<\/p>\n","protected":false},"featured_media":4259,"template":"","meta":[],"product_cat":[223,220],"product_tag":[],"class_list":{"0":"post-4320","1":"product","2":"type-product","3":"status-publish","4":"has-post-thumbnail","6":"product_cat-fleur-de-cerisier","7":"product_cat-2-bougies","9":"first","10":"instock","11":"taxable","12":"shipping-taxable","13":"purchasable","14":"product-type-simple"},"yoast_head":"<!-- This site is optimized with the Yoast SEO plugin v24.2 - https:\/\/yoast.com\/wordpress\/plugins\/seo\/ -->\n<title>Bougeoirs carr\u00e9 | 2 bougies | Fleur de cerisier - Mimpi<\/title>\n<meta name=\"robots\" content=\"index, follow, max-snippet:-1, max-image-preview:large, max-video-preview:-1\" \/>\n<link rel=\"canonical\" href=\"https:\/\/www.mimpishop.be\/en\/produit\/bougeoirs-carre-2-bougies-fleur-de-cerisier\/\" \/>\n<meta property=\"og:locale\" content=\"en_US\" \/>\n<meta property=\"og:type\" content=\"article\" \/>\n<meta property=\"og:title\" content=\"Bougeoirs carr\u00e9 | 2 bougies | Fleur de cerisier - Mimpi\" \/>\n<meta property=\"og:description\" content=\"Ajoutez une touche de charme moderne \u00e0 votre d\u00e9coration avec ce bougeoir double en jesmonite terrazzo. Avec ses lignes carr\u00e9es affirm\u00e9es et ses deux emplacements pour bougies, il combine minimalisme et raffinement. Son fond blanc, parsem\u00e9 d\u2019\u00e9clats Rose, apporte une note douce et \u00e9l\u00e9gante \u00e0 votre int\u00e9rieur.Id\u00e9al pour cr\u00e9er une ambiance tamis\u00e9e dans un salon, une chambre ou sur une table de f\u00eate, ce bougeoir est enti\u00e8rement fabriqu\u00e9 \u00e0 la main, pour une pi\u00e8ce unique au caract\u00e8re artisanal.Mat\u00e9riau : Jesmonite \u2013 solide, \u00e9cologique et durable\u2028Couleurs : fond blanc avec \u00e9clats Rose\u2028Utilisation : pour bougies chauffe-plat \u2028Entretien : Nettoyer avec un chiffon doux et secUn objet d\u00e9coratif \u00e0 la fois graphique et chaleureux, parfait pour sublimer vos moments du quotidien ou vos d\u00eeners aux chandelles.\" \/>\n<meta property=\"og:url\" content=\"https:\/\/www.mimpishop.be\/en\/produit\/bougeoirs-carre-2-bougies-fleur-de-cerisier\/\" \/>\n<meta property=\"og:site_name\" content=\"Mimpi\" \/>\n<meta property=\"article:publisher\" content=\"https:\/\/www.facebook.com\/mimpibyjulie\/\" \/>\n<meta property=\"article:modified_time\" content=\"2025-11-17T09:50:31+00:00\" \/>\n<meta property=\"og:image\" content=\"https:\/\/www.mimpishop.be\/wp-content\/uploads\/2025\/07\/IMG_8541-scaled.jpg\" \/>\n\t<meta property=\"og:image:width\" content=\"1920\" \/>\n\t<meta property=\"og:image:height\" content=\"2560\" \/>\n\t<meta property=\"og:image:type\" content=\"image\/jpeg\" \/>\n<script type=\"application\/ld+json\" class=\"yoast-schema-graph\">{\"@context\":\"https:\/\/schema.org\",\"@graph\":[{\"@type\":\"WebPage\",\"@id\":\"https:\/\/www.mimpishop.be\/en\/produit\/bougeoirs-carre-2-bougies-fleur-de-cerisier\/\",\"url\":\"https:\/\/www.mimpishop.be\/en\/produit\/bougeoirs-carre-2-bougies-fleur-de-cerisier\/\",\"name\":\"Bougeoirs carr\u00e9 | 2 bougies | Fleur de cerisier - Mimpi\",\"isPartOf\":{\"@id\":\"https:\/\/www.mimpishop.be\/en\/#website\"},\"primaryImageOfPage\":{\"@id\":\"https:\/\/www.mimpishop.be\/en\/produit\/bougeoirs-carre-2-bougies-fleur-de-cerisier\/#primaryimage\"},\"image\":{\"@id\":\"https:\/\/www.mimpishop.be\/en\/produit\/bougeoirs-carre-2-bougies-fleur-de-cerisier\/#primaryimage\"},\"thumbnailUrl\":\"https:\/\/www.mimpishop.be\/wp-content\/uploads\/2025\/07\/IMG_8541-scaled.jpg\",\"datePublished\":\"2025-07-09T14:00:21+00:00\",\"dateModified\":\"2025-11-17T09:50:31+00:00\",\"breadcrumb\":{\"@id\":\"https:\/\/www.mimpishop.be\/en\/produit\/bougeoirs-carre-2-bougies-fleur-de-cerisier\/#breadcrumb\"},\"inLanguage\":\"en-US\",\"potentialAction\":[{\"@type\":\"ReadAction\",\"target\":[\"https:\/\/www.mimpishop.be\/en\/produit\/bougeoirs-carre-2-bougies-fleur-de-cerisier\/\"]}]},{\"@type\":\"ImageObject\",\"inLanguage\":\"en-US\",\"@id\":\"https:\/\/www.mimpishop.be\/en\/produit\/bougeoirs-carre-2-bougies-fleur-de-cerisier\/#primaryimage\",\"url\":\"https:\/\/www.mimpishop.be\/wp-content\/uploads\/2025\/07\/IMG_8541-scaled.jpg\",\"contentUrl\":\"https:\/\/www.mimpishop.be\/wp-content\/uploads\/2025\/07\/IMG_8541-scaled.jpg\",\"width\":1920,\"height\":2560},{\"@type\":\"BreadcrumbList\",\"@id\":\"https:\/\/www.mimpishop.be\/en\/produit\/bougeoirs-carre-2-bougies-fleur-de-cerisier\/#breadcrumb\",\"itemListElement\":[{\"@type\":\"ListItem\",\"position\":1,\"name\":\"Accueil\",\"item\":\"https:\/\/www.mimpishop.be\/en\/home\/\"},{\"@type\":\"ListItem\",\"position\":2,\"name\":\"Shop\",\"item\":\"https:\/\/www.mimpishop.be\/en\/shop\/\"},{\"@type\":\"ListItem\",\"position\":3,\"name\":\"Bougeoirs carr\u00e9 | 2 bougies | Fleur de cerisier\"}]},{\"@type\":\"WebSite\",\"@id\":\"https:\/\/www.mimpishop.be\/en\/#website\",\"url\":\"https:\/\/www.mimpishop.be\/en\/\",\"name\":\"Mimpi\",\"description\":\"Des Cr\u00e9ations Artisanales Pour Sublimer Votre Int\u00e9rieur !\",\"publisher\":{\"@id\":\"https:\/\/www.mimpishop.be\/en\/#organization\"},\"alternateName\":\"Mimpi\",\"potentialAction\":[{\"@type\":\"SearchAction\",\"target\":{\"@type\":\"EntryPoint\",\"urlTemplate\":\"https:\/\/www.mimpishop.be\/en\/?s={search_term_string}\"},\"query-input\":{\"@type\":\"PropertyValueSpecification\",\"valueRequired\":true,\"valueName\":\"search_term_string\"}}],\"inLanguage\":\"en-US\"},{\"@type\":\"Organization\",\"@id\":\"https:\/\/www.mimpishop.be\/en\/#organization\",\"name\":\"Mimpi\",\"alternateName\":\"Mimpi\",\"url\":\"https:\/\/www.mimpishop.be\/en\/\",\"logo\":{\"@type\":\"ImageObject\",\"inLanguage\":\"en-US\",\"@id\":\"https:\/\/www.mimpishop.be\/en\/#\/schema\/logo\/image\/\",\"url\":\"https:\/\/www.mimpishop.be\/wp-content\/uploads\/2023\/07\/logo-mimpi.svg\",\"contentUrl\":\"https:\/\/www.mimpishop.be\/wp-content\/uploads\/2023\/07\/logo-mimpi.svg\",\"width\":317,\"height\":147,\"caption\":\"Mimpi\"},\"image\":{\"@id\":\"https:\/\/www.mimpishop.be\/en\/#\/schema\/logo\/image\/\"},\"sameAs\":[\"https:\/\/www.facebook.com\/mimpibyjulie\/\",\"https:\/\/www.instagram.com\/mimpibyjulie\/\",\"https:\/\/www.tiktok.com\/@mimpishopjulie?_t=8dlMXK7DkAk&_r=1\"]}]}<\/script>\n<!-- \/ Yoast SEO plugin. -->","yoast_head_json":{"title":"Bougeoirs carr\u00e9 | 2 bougies | Fleur de cerisier - Mimpi","robots":{"index":"index","follow":"follow","max-snippet":"max-snippet:-1","max-image-preview":"max-image-preview:large","max-video-preview":"max-video-preview:-1"},"canonical":"https:\/\/www.mimpishop.be\/en\/produit\/bougeoirs-carre-2-bougies-fleur-de-cerisier\/","og_locale":"en_US","og_type":"article","og_title":"Bougeoirs carr\u00e9 | 2 bougies | Fleur de cerisier - Mimpi","og_description":"Ajoutez une touche de charme moderne \u00e0 votre d\u00e9coration avec ce bougeoir double en jesmonite terrazzo. Avec ses lignes carr\u00e9es affirm\u00e9es et ses deux emplacements pour bougies, il combine minimalisme et raffinement. Son fond blanc, parsem\u00e9 d\u2019\u00e9clats Rose, apporte une note douce et \u00e9l\u00e9gante \u00e0 votre int\u00e9rieur.Id\u00e9al pour cr\u00e9er une ambiance tamis\u00e9e dans un salon, une chambre ou sur une table de f\u00eate, ce bougeoir est enti\u00e8rement fabriqu\u00e9 \u00e0 la main, pour une pi\u00e8ce unique au caract\u00e8re artisanal.Mat\u00e9riau : Jesmonite \u2013 solide, \u00e9cologique et durable\u2028Couleurs : fond blanc avec \u00e9clats Rose\u2028Utilisation : pour bougies chauffe-plat \u2028Entretien : Nettoyer avec un chiffon doux et secUn objet d\u00e9coratif \u00e0 la fois graphique et chaleureux, parfait pour sublimer vos moments du quotidien ou vos d\u00eeners aux chandelles.","og_url":"https:\/\/www.mimpishop.be\/en\/produit\/bougeoirs-carre-2-bougies-fleur-de-cerisier\/","og_site_name":"Mimpi","article_publisher":"https:\/\/www.facebook.com\/mimpibyjulie\/","article_modified_time":"2025-11-17T09:50:31+00:00","og_image":[{"width":1920,"height":2560,"url":"https:\/\/www.mimpishop.be\/wp-content\/uploads\/2025\/07\/IMG_8541-scaled.jpg","type":"image\/jpeg"}],"schema":{"@context":"https:\/\/schema.org","@graph":[{"@type":"WebPage","@id":"https:\/\/www.mimpishop.be\/en\/produit\/bougeoirs-carre-2-bougies-fleur-de-cerisier\/","url":"https:\/\/www.mimpishop.be\/en\/produit\/bougeoirs-carre-2-bougies-fleur-de-cerisier\/","name":"Bougeoirs carr\u00e9 | 2 bougies | Fleur de cerisier - Mimpi","isPartOf":{"@id":"https:\/\/www.mimpishop.be\/en\/#website"},"primaryImageOfPage":{"@id":"https:\/\/www.mimpishop.be\/en\/produit\/bougeoirs-carre-2-bougies-fleur-de-cerisier\/#primaryimage"},"image":{"@id":"https:\/\/www.mimpishop.be\/en\/produit\/bougeoirs-carre-2-bougies-fleur-de-cerisier\/#primaryimage"},"thumbnailUrl":"https:\/\/www.mimpishop.be\/wp-content\/uploads\/2025\/07\/IMG_8541-scaled.jpg","datePublished":"2025-07-09T14:00:21+00:00","dateModified":"2025-11-17T09:50:31+00:00","breadcrumb":{"@id":"https:\/\/www.mimpishop.be\/en\/produit\/bougeoirs-carre-2-bougies-fleur-de-cerisier\/#breadcrumb"},"inLanguage":"en-US","potentialAction":[{"@type":"ReadAction","target":["https:\/\/www.mimpishop.be\/en\/produit\/bougeoirs-carre-2-bougies-fleur-de-cerisier\/"]}]},{"@type":"ImageObject","inLanguage":"en-US","@id":"https:\/\/www.mimpishop.be\/en\/produit\/bougeoirs-carre-2-bougies-fleur-de-cerisier\/#primaryimage","url":"https:\/\/www.mimpishop.be\/wp-content\/uploads\/2025\/07\/IMG_8541-scaled.jpg","contentUrl":"https:\/\/www.mimpishop.be\/wp-content\/uploads\/2025\/07\/IMG_8541-scaled.jpg","width":1920,"height":2560},{"@type":"BreadcrumbList","@id":"https:\/\/www.mimpishop.be\/en\/produit\/bougeoirs-carre-2-bougies-fleur-de-cerisier\/#breadcrumb","itemListElement":[{"@type":"ListItem","position":1,"name":"Accueil","item":"https:\/\/www.mimpishop.be\/en\/home\/"},{"@type":"ListItem","position":2,"name":"Shop","item":"https:\/\/www.mimpishop.be\/en\/shop\/"},{"@type":"ListItem","position":3,"name":"Bougeoirs carr\u00e9 | 2 bougies | Fleur de cerisier"}]},{"@type":"WebSite","@id":"https:\/\/www.mimpishop.be\/en\/#website","url":"https:\/\/www.mimpishop.be\/en\/","name":"Mimpi","description":"Des Cr\u00e9ations Artisanales Pour Sublimer Votre Int\u00e9rieur !","publisher":{"@id":"https:\/\/www.mimpishop.be\/en\/#organization"},"alternateName":"Mimpi","potentialAction":[{"@type":"SearchAction","target":{"@type":"EntryPoint","urlTemplate":"https:\/\/www.mimpishop.be\/en\/?s={search_term_string}"},"query-input":{"@type":"PropertyValueSpecification","valueRequired":true,"valueName":"search_term_string"}}],"inLanguage":"en-US"},{"@type":"Organization","@id":"https:\/\/www.mimpishop.be\/en\/#organization","name":"Mimpi","alternateName":"Mimpi","url":"https:\/\/www.mimpishop.be\/en\/","logo":{"@type":"ImageObject","inLanguage":"en-US","@id":"https:\/\/www.mimpishop.be\/en\/#\/schema\/logo\/image\/","url":"https:\/\/www.mimpishop.be\/wp-content\/uploads\/2023\/07\/logo-mimpi.svg","contentUrl":"https:\/\/www.mimpishop.be\/wp-content\/uploads\/2023\/07\/logo-mimpi.svg","width":317,"height":147,"caption":"Mimpi"},"image":{"@id":"https:\/\/www.mimpishop.be\/en\/#\/schema\/logo\/image\/"},"sameAs":["https:\/\/www.facebook.com\/mimpibyjulie\/","https:\/\/www.instagram.com\/mimpibyjulie\/","https:\/\/www.tiktok.com\/@mimpishopjulie?_t=8dlMXK7DkAk&_r=1"]}]}},"_links":{"self":[{"href":"https:\/\/www.mimpishop.be\/en\/wp-json\/wp\/v2\/product\/4320","targetHints":{"allow":["GET"]}}],"collection":[{"href":"https:\/\/www.mimpishop.be\/en\/wp-json\/wp\/v2\/product"}],"about":[{"href":"https:\/\/www.mimpishop.be\/en\/wp-json\/wp\/v2\/types\/product"}],"wp:featuredmedia":[{"embeddable":true,"href":"https:\/\/www.mimpishop.be\/en\/wp-json\/wp\/v2\/media\/4259"}],"wp:attachment":[{"href":"https:\/\/www.mimpishop.be\/en\/wp-json\/wp\/v2\/media?parent=4320"}],"wp:term":[{"taxonomy":"product_cat","embeddable":true,"href":"https:\/\/www.mimpishop.be\/en\/wp-json\/wp\/v2\/product_cat?post=4320"},{"taxonomy":"product_tag","embeddable":true,"href":"https:\/\/www.mimpishop.be\/en\/wp-json\/wp\/v2\/product_tag?post=4320"}],"curies":[{"name":"wp","href":"https:\/\/api.w.org\/{rel}","templated":true}]}}