{"id":4323,"date":"2025-07-09T16:08:03","date_gmt":"2025-07-09T14:08:03","guid":{"rendered":"https:\/\/www.mimpishop.be\/?post_type=product&#038;p=4323"},"modified":"2025-11-17T11:02:05","modified_gmt":"2025-11-17T10:02:05","slug":"bougeoir-rond-3-bougies-violette","status":"publish","type":"product","link":"https:\/\/www.mimpishop.be\/en\/produit\/bougeoir-rond-3-bougies-violette\/","title":{"rendered":"Bougeoir rond | 3 bougies | violette"},"content":{"rendered":"","protected":false},"excerpt":{"rendered":"<p>Ce bougeoir en jesmonite terrazzo \u00e0 trois emplacements marie l\u2019\u00e9l\u00e9gance contemporaine et l\u2019artisanat. Avec son design rectangulaire aux bords carr\u00e9s et son fond blanc, parsem\u00e9 d\u2019\u00e9clats violet, il attire le regard tout en douceur.<br \/>Pens\u00e9 pour accueillir trois bougies chauffe-plat, il est parfait pour cr\u00e9er une ambiance chaleureuse et sophistiqu\u00e9e sur une table, une console ou un rebord de fen\u00eatre. Chaque pi\u00e8ce est faite \u00e0 la main, garantissant un rendu unique et soign\u00e9.<br \/>Mat\u00e9riau : Jesmonite \u2013 l\u00e9ger, robuste et respectueux de l\u2019environnement\u2028<br \/>Couleurs : fond blanc avec \u00e9clats violet\u2028<br \/>Utilisation : pour bougies chauffe-plat<br \/>\u2028Entretien : Nettoyer d\u00e9licatement avec un chiffon doux<br \/>Une pi\u00e8ce de caract\u00e8re qui sublime vos espaces avec d\u00e9licatesse, id\u00e9ale pour une d\u00e9co minimaliste et lumineuse.Ce bougeoir en jesmonite terrazzo \u00e0 trois emplacements marie l\u2019\u00e9l\u00e9gance contemporaine et l\u2019artisanat. Avec son design rectangulaire aux bords carr\u00e9s et son fond blanc, parsem\u00e9 d\u2019\u00e9clats violet, il attire le regard tout en douceur.<br \/>Pens\u00e9 pour accueillir trois bougies chauffe-plat, il est parfait pour cr\u00e9er une ambiance chaleureuse et sophistiqu\u00e9e sur une table, une console ou un rebord de fen\u00eatre. Chaque pi\u00e8ce est faite \u00e0 la main, garantissant un rendu unique et soign\u00e9.<br \/>Mat\u00e9riau : Jesmonite \u2013 l\u00e9ger, robuste et respectueux de l\u2019environnement\u2028Couleurs : fond blanc avec \u00e9clats violet\u2028Utilisation : pour bougies chauffe-plat\u2028Entretien : Nettoyer d\u00e9licatement avec un chiffon doux<br \/>Une pi\u00e8ce de caract\u00e8re qui sublime vos espaces avec d\u00e9licatesse, id\u00e9ale pour une d\u00e9co minimaliste et lumineuse.<\/p>\n","protected":false},"featured_media":4267,"template":"","meta":[],"product_cat":[249,217],"product_tag":[],"class_list":{"0":"post-4323","1":"product","2":"type-product","3":"status-publish","4":"has-post-thumbnail","6":"product_cat-violette","7":"product_cat-3-bougies","9":"first","10":"instock","11":"taxable","12":"shipping-taxable","13":"purchasable","14":"product-type-simple"},"yoast_head":"<!-- This site is optimized with the Yoast SEO plugin v24.2 - https:\/\/yoast.com\/wordpress\/plugins\/seo\/ -->\n<title>Bougeoir rond | 3 bougies | violette - Mimpi<\/title>\n<meta name=\"robots\" content=\"index, follow, max-snippet:-1, max-image-preview:large, max-video-preview:-1\" \/>\n<link rel=\"canonical\" href=\"https:\/\/www.mimpishop.be\/en\/produit\/bougeoir-rond-3-bougies-violette\/\" \/>\n<meta property=\"og:locale\" content=\"en_US\" \/>\n<meta property=\"og:type\" content=\"article\" \/>\n<meta property=\"og:title\" content=\"Bougeoir rond | 3 bougies | violette - Mimpi\" \/>\n<meta property=\"og:description\" content=\"Ce bougeoir en jesmonite terrazzo \u00e0 trois emplacements marie l\u2019\u00e9l\u00e9gance contemporaine et l\u2019artisanat. Avec son design rectangulaire aux bords carr\u00e9s et son fond blanc, parsem\u00e9 d\u2019\u00e9clats violet, il attire le regard tout en douceur.Pens\u00e9 pour accueillir trois bougies chauffe-plat, il est parfait pour cr\u00e9er une ambiance chaleureuse et sophistiqu\u00e9e sur une table, une console ou un rebord de fen\u00eatre. Chaque pi\u00e8ce est faite \u00e0 la main, garantissant un rendu unique et soign\u00e9.Mat\u00e9riau : Jesmonite \u2013 l\u00e9ger, robuste et respectueux de l\u2019environnement\u2028Couleurs : fond blanc avec \u00e9clats violet\u2028Utilisation : pour bougies chauffe-plat\u2028Entretien : Nettoyer d\u00e9licatement avec un chiffon douxUne pi\u00e8ce de caract\u00e8re qui sublime vos espaces avec d\u00e9licatesse, id\u00e9ale pour une d\u00e9co minimaliste et lumineuse.Ce bougeoir en jesmonite terrazzo \u00e0 trois emplacements marie l\u2019\u00e9l\u00e9gance contemporaine et l\u2019artisanat. Avec son design rectangulaire aux bords carr\u00e9s et son fond blanc, parsem\u00e9 d\u2019\u00e9clats violet, il attire le regard tout en douceur.Pens\u00e9 pour accueillir trois bougies chauffe-plat, il est parfait pour cr\u00e9er une ambiance chaleureuse et sophistiqu\u00e9e sur une table, une console ou un rebord de fen\u00eatre. Chaque pi\u00e8ce est faite \u00e0 la main, garantissant un rendu unique et soign\u00e9.Mat\u00e9riau : Jesmonite \u2013 l\u00e9ger, robuste et respectueux de l\u2019environnement\u2028Couleurs : fond blanc avec \u00e9clats violet\u2028Utilisation : pour bougies chauffe-plat\u2028Entretien : Nettoyer d\u00e9licatement avec un chiffon douxUne pi\u00e8ce de caract\u00e8re qui sublime vos espaces avec d\u00e9licatesse, id\u00e9ale pour une d\u00e9co minimaliste et lumineuse.\" \/>\n<meta property=\"og:url\" content=\"https:\/\/www.mimpishop.be\/en\/produit\/bougeoir-rond-3-bougies-violette\/\" \/>\n<meta property=\"og:site_name\" content=\"Mimpi\" \/>\n<meta property=\"article:publisher\" content=\"https:\/\/www.facebook.com\/mimpibyjulie\/\" \/>\n<meta property=\"article:modified_time\" content=\"2025-11-17T10:02:05+00:00\" \/>\n<meta property=\"og:image\" content=\"https:\/\/www.mimpishop.be\/wp-content\/uploads\/2025\/07\/IMG_8555-scaled.jpg\" \/>\n\t<meta property=\"og:image:width\" content=\"1920\" \/>\n\t<meta property=\"og:image:height\" content=\"2560\" \/>\n\t<meta property=\"og:image:type\" content=\"image\/jpeg\" \/>\n<script type=\"application\/ld+json\" class=\"yoast-schema-graph\">{\"@context\":\"https:\/\/schema.org\",\"@graph\":[{\"@type\":\"WebPage\",\"@id\":\"https:\/\/www.mimpishop.be\/en\/produit\/bougeoir-rond-3-bougies-violette\/\",\"url\":\"https:\/\/www.mimpishop.be\/en\/produit\/bougeoir-rond-3-bougies-violette\/\",\"name\":\"Bougeoir rond | 3 bougies | violette - Mimpi\",\"isPartOf\":{\"@id\":\"https:\/\/www.mimpishop.be\/en\/#website\"},\"primaryImageOfPage\":{\"@id\":\"https:\/\/www.mimpishop.be\/en\/produit\/bougeoir-rond-3-bougies-violette\/#primaryimage\"},\"image\":{\"@id\":\"https:\/\/www.mimpishop.be\/en\/produit\/bougeoir-rond-3-bougies-violette\/#primaryimage\"},\"thumbnailUrl\":\"https:\/\/www.mimpishop.be\/wp-content\/uploads\/2025\/07\/IMG_8555-scaled.jpg\",\"datePublished\":\"2025-07-09T14:08:03+00:00\",\"dateModified\":\"2025-11-17T10:02:05+00:00\",\"breadcrumb\":{\"@id\":\"https:\/\/www.mimpishop.be\/en\/produit\/bougeoir-rond-3-bougies-violette\/#breadcrumb\"},\"inLanguage\":\"en-US\",\"potentialAction\":[{\"@type\":\"ReadAction\",\"target\":[\"https:\/\/www.mimpishop.be\/en\/produit\/bougeoir-rond-3-bougies-violette\/\"]}]},{\"@type\":\"ImageObject\",\"inLanguage\":\"en-US\",\"@id\":\"https:\/\/www.mimpishop.be\/en\/produit\/bougeoir-rond-3-bougies-violette\/#primaryimage\",\"url\":\"https:\/\/www.mimpishop.be\/wp-content\/uploads\/2025\/07\/IMG_8555-scaled.jpg\",\"contentUrl\":\"https:\/\/www.mimpishop.be\/wp-content\/uploads\/2025\/07\/IMG_8555-scaled.jpg\",\"width\":1920,\"height\":2560},{\"@type\":\"BreadcrumbList\",\"@id\":\"https:\/\/www.mimpishop.be\/en\/produit\/bougeoir-rond-3-bougies-violette\/#breadcrumb\",\"itemListElement\":[{\"@type\":\"ListItem\",\"position\":1,\"name\":\"Accueil\",\"item\":\"https:\/\/www.mimpishop.be\/en\/home\/\"},{\"@type\":\"ListItem\",\"position\":2,\"name\":\"Shop\",\"item\":\"https:\/\/www.mimpishop.be\/en\/shop\/\"},{\"@type\":\"ListItem\",\"position\":3,\"name\":\"Bougeoir rond | 3 bougies | violette\"}]},{\"@type\":\"WebSite\",\"@id\":\"https:\/\/www.mimpishop.be\/en\/#website\",\"url\":\"https:\/\/www.mimpishop.be\/en\/\",\"name\":\"Mimpi\",\"description\":\"Des Cr\u00e9ations Artisanales Pour Sublimer Votre Int\u00e9rieur !\",\"publisher\":{\"@id\":\"https:\/\/www.mimpishop.be\/en\/#organization\"},\"alternateName\":\"Mimpi\",\"potentialAction\":[{\"@type\":\"SearchAction\",\"target\":{\"@type\":\"EntryPoint\",\"urlTemplate\":\"https:\/\/www.mimpishop.be\/en\/?s={search_term_string}\"},\"query-input\":{\"@type\":\"PropertyValueSpecification\",\"valueRequired\":true,\"valueName\":\"search_term_string\"}}],\"inLanguage\":\"en-US\"},{\"@type\":\"Organization\",\"@id\":\"https:\/\/www.mimpishop.be\/en\/#organization\",\"name\":\"Mimpi\",\"alternateName\":\"Mimpi\",\"url\":\"https:\/\/www.mimpishop.be\/en\/\",\"logo\":{\"@type\":\"ImageObject\",\"inLanguage\":\"en-US\",\"@id\":\"https:\/\/www.mimpishop.be\/en\/#\/schema\/logo\/image\/\",\"url\":\"https:\/\/www.mimpishop.be\/wp-content\/uploads\/2023\/07\/logo-mimpi.svg\",\"contentUrl\":\"https:\/\/www.mimpishop.be\/wp-content\/uploads\/2023\/07\/logo-mimpi.svg\",\"width\":317,\"height\":147,\"caption\":\"Mimpi\"},\"image\":{\"@id\":\"https:\/\/www.mimpishop.be\/en\/#\/schema\/logo\/image\/\"},\"sameAs\":[\"https:\/\/www.facebook.com\/mimpibyjulie\/\",\"https:\/\/www.instagram.com\/mimpibyjulie\/\",\"https:\/\/www.tiktok.com\/@mimpishopjulie?_t=8dlMXK7DkAk&_r=1\"]}]}<\/script>\n<!-- \/ Yoast SEO plugin. -->","yoast_head_json":{"title":"Bougeoir rond | 3 bougies | violette - Mimpi","robots":{"index":"index","follow":"follow","max-snippet":"max-snippet:-1","max-image-preview":"max-image-preview:large","max-video-preview":"max-video-preview:-1"},"canonical":"https:\/\/www.mimpishop.be\/en\/produit\/bougeoir-rond-3-bougies-violette\/","og_locale":"en_US","og_type":"article","og_title":"Bougeoir rond | 3 bougies | violette - Mimpi","og_description":"Ce bougeoir en jesmonite terrazzo \u00e0 trois emplacements marie l\u2019\u00e9l\u00e9gance contemporaine et l\u2019artisanat. Avec son design rectangulaire aux bords carr\u00e9s et son fond blanc, parsem\u00e9 d\u2019\u00e9clats violet, il attire le regard tout en douceur.Pens\u00e9 pour accueillir trois bougies chauffe-plat, il est parfait pour cr\u00e9er une ambiance chaleureuse et sophistiqu\u00e9e sur une table, une console ou un rebord de fen\u00eatre. Chaque pi\u00e8ce est faite \u00e0 la main, garantissant un rendu unique et soign\u00e9.Mat\u00e9riau : Jesmonite \u2013 l\u00e9ger, robuste et respectueux de l\u2019environnement\u2028Couleurs : fond blanc avec \u00e9clats violet\u2028Utilisation : pour bougies chauffe-plat\u2028Entretien : Nettoyer d\u00e9licatement avec un chiffon douxUne pi\u00e8ce de caract\u00e8re qui sublime vos espaces avec d\u00e9licatesse, id\u00e9ale pour une d\u00e9co minimaliste et lumineuse.Ce bougeoir en jesmonite terrazzo \u00e0 trois emplacements marie l\u2019\u00e9l\u00e9gance contemporaine et l\u2019artisanat. Avec son design rectangulaire aux bords carr\u00e9s et son fond blanc, parsem\u00e9 d\u2019\u00e9clats violet, il attire le regard tout en douceur.Pens\u00e9 pour accueillir trois bougies chauffe-plat, il est parfait pour cr\u00e9er une ambiance chaleureuse et sophistiqu\u00e9e sur une table, une console ou un rebord de fen\u00eatre. Chaque pi\u00e8ce est faite \u00e0 la main, garantissant un rendu unique et soign\u00e9.Mat\u00e9riau : Jesmonite \u2013 l\u00e9ger, robuste et respectueux de l\u2019environnement\u2028Couleurs : fond blanc avec \u00e9clats violet\u2028Utilisation : pour bougies chauffe-plat\u2028Entretien : Nettoyer d\u00e9licatement avec un chiffon douxUne pi\u00e8ce de caract\u00e8re qui sublime vos espaces avec d\u00e9licatesse, id\u00e9ale pour une d\u00e9co minimaliste et lumineuse.","og_url":"https:\/\/www.mimpishop.be\/en\/produit\/bougeoir-rond-3-bougies-violette\/","og_site_name":"Mimpi","article_publisher":"https:\/\/www.facebook.com\/mimpibyjulie\/","article_modified_time":"2025-11-17T10:02:05+00:00","og_image":[{"width":1920,"height":2560,"url":"https:\/\/www.mimpishop.be\/wp-content\/uploads\/2025\/07\/IMG_8555-scaled.jpg","type":"image\/jpeg"}],"schema":{"@context":"https:\/\/schema.org","@graph":[{"@type":"WebPage","@id":"https:\/\/www.mimpishop.be\/en\/produit\/bougeoir-rond-3-bougies-violette\/","url":"https:\/\/www.mimpishop.be\/en\/produit\/bougeoir-rond-3-bougies-violette\/","name":"Bougeoir rond | 3 bougies | violette - Mimpi","isPartOf":{"@id":"https:\/\/www.mimpishop.be\/en\/#website"},"primaryImageOfPage":{"@id":"https:\/\/www.mimpishop.be\/en\/produit\/bougeoir-rond-3-bougies-violette\/#primaryimage"},"image":{"@id":"https:\/\/www.mimpishop.be\/en\/produit\/bougeoir-rond-3-bougies-violette\/#primaryimage"},"thumbnailUrl":"https:\/\/www.mimpishop.be\/wp-content\/uploads\/2025\/07\/IMG_8555-scaled.jpg","datePublished":"2025-07-09T14:08:03+00:00","dateModified":"2025-11-17T10:02:05+00:00","breadcrumb":{"@id":"https:\/\/www.mimpishop.be\/en\/produit\/bougeoir-rond-3-bougies-violette\/#breadcrumb"},"inLanguage":"en-US","potentialAction":[{"@type":"ReadAction","target":["https:\/\/www.mimpishop.be\/en\/produit\/bougeoir-rond-3-bougies-violette\/"]}]},{"@type":"ImageObject","inLanguage":"en-US","@id":"https:\/\/www.mimpishop.be\/en\/produit\/bougeoir-rond-3-bougies-violette\/#primaryimage","url":"https:\/\/www.mimpishop.be\/wp-content\/uploads\/2025\/07\/IMG_8555-scaled.jpg","contentUrl":"https:\/\/www.mimpishop.be\/wp-content\/uploads\/2025\/07\/IMG_8555-scaled.jpg","width":1920,"height":2560},{"@type":"BreadcrumbList","@id":"https:\/\/www.mimpishop.be\/en\/produit\/bougeoir-rond-3-bougies-violette\/#breadcrumb","itemListElement":[{"@type":"ListItem","position":1,"name":"Accueil","item":"https:\/\/www.mimpishop.be\/en\/home\/"},{"@type":"ListItem","position":2,"name":"Shop","item":"https:\/\/www.mimpishop.be\/en\/shop\/"},{"@type":"ListItem","position":3,"name":"Bougeoir rond | 3 bougies | violette"}]},{"@type":"WebSite","@id":"https:\/\/www.mimpishop.be\/en\/#website","url":"https:\/\/www.mimpishop.be\/en\/","name":"Mimpi","description":"Des Cr\u00e9ations Artisanales Pour Sublimer Votre Int\u00e9rieur !","publisher":{"@id":"https:\/\/www.mimpishop.be\/en\/#organization"},"alternateName":"Mimpi","potentialAction":[{"@type":"SearchAction","target":{"@type":"EntryPoint","urlTemplate":"https:\/\/www.mimpishop.be\/en\/?s={search_term_string}"},"query-input":{"@type":"PropertyValueSpecification","valueRequired":true,"valueName":"search_term_string"}}],"inLanguage":"en-US"},{"@type":"Organization","@id":"https:\/\/www.mimpishop.be\/en\/#organization","name":"Mimpi","alternateName":"Mimpi","url":"https:\/\/www.mimpishop.be\/en\/","logo":{"@type":"ImageObject","inLanguage":"en-US","@id":"https:\/\/www.mimpishop.be\/en\/#\/schema\/logo\/image\/","url":"https:\/\/www.mimpishop.be\/wp-content\/uploads\/2023\/07\/logo-mimpi.svg","contentUrl":"https:\/\/www.mimpishop.be\/wp-content\/uploads\/2023\/07\/logo-mimpi.svg","width":317,"height":147,"caption":"Mimpi"},"image":{"@id":"https:\/\/www.mimpishop.be\/en\/#\/schema\/logo\/image\/"},"sameAs":["https:\/\/www.facebook.com\/mimpibyjulie\/","https:\/\/www.instagram.com\/mimpibyjulie\/","https:\/\/www.tiktok.com\/@mimpishopjulie?_t=8dlMXK7DkAk&_r=1"]}]}},"_links":{"self":[{"href":"https:\/\/www.mimpishop.be\/en\/wp-json\/wp\/v2\/product\/4323","targetHints":{"allow":["GET"]}}],"collection":[{"href":"https:\/\/www.mimpishop.be\/en\/wp-json\/wp\/v2\/product"}],"about":[{"href":"https:\/\/www.mimpishop.be\/en\/wp-json\/wp\/v2\/types\/product"}],"wp:featuredmedia":[{"embeddable":true,"href":"https:\/\/www.mimpishop.be\/en\/wp-json\/wp\/v2\/media\/4267"}],"wp:attachment":[{"href":"https:\/\/www.mimpishop.be\/en\/wp-json\/wp\/v2\/media?parent=4323"}],"wp:term":[{"taxonomy":"product_cat","embeddable":true,"href":"https:\/\/www.mimpishop.be\/en\/wp-json\/wp\/v2\/product_cat?post=4323"},{"taxonomy":"product_tag","embeddable":true,"href":"https:\/\/www.mimpishop.be\/en\/wp-json\/wp\/v2\/product_tag?post=4323"}],"curies":[{"name":"wp","href":"https:\/\/api.w.org\/{rel}","templated":true}]}}