{"id":4324,"date":"2025-07-09T16:10:16","date_gmt":"2025-07-09T14:10:16","guid":{"rendered":"https:\/\/www.mimpishop.be\/?post_type=product&#038;p=4324"},"modified":"2025-07-09T16:12:03","modified_gmt":"2025-07-09T14:12:03","slug":"bougeoir-rond-4-bougies","status":"publish","type":"product","link":"https:\/\/www.mimpishop.be\/en\/produit\/bougeoir-rond-4-bougies\/","title":{"rendered":"bougeoir rond | 4 bougies"},"content":{"rendered":"","protected":false},"excerpt":{"rendered":"<p>Ce bougeoir en jesmonite terrazzo au design arrondi et minimaliste accueille jusqu\u2019\u00e0 quatre bougies chauffe-plat, pour une ambiance douce et chaleureuse. Son fond blanc, subtilement contrast\u00e9 par des \u00e9clats Rose, apporte une touche de d\u00e9licatesse et de modernit\u00e9 \u00e0 votre d\u00e9coration.<br \/>Parfait pour habiller une table, une \u00e9tag\u00e8re ou un meuble d\u2019entr\u00e9e, ce bougeoir est enti\u00e8rement fait main, ce qui rend chaque pi\u00e8ce unique dans ses motifs et sa texture.<br \/>Mat\u00e9riau : Jesmonite \u2013 r\u00e9sistant, l\u00e9ger et \u00e9co-responsable\u2028<br \/>Couleurs : fond blanc avec \u00e9clats Rose\u2028<br \/>Utilisation : pour bougies chauffe-plat standards\u2028<br \/>Entretien : Nettoyage \u00e0 l\u2019aide d\u2019un chiffon doux<br \/>Un objet \u00e0 la fois d\u00e9coratif et chaleureux, id\u00e9al pour cr\u00e9er une atmosph\u00e8re cocooning en toute simplicit\u00e9.<\/p>\n","protected":false},"featured_media":4279,"template":"","meta":[],"product_cat":[218],"product_tag":[],"class_list":{"0":"post-4324","1":"product","2":"type-product","3":"status-publish","4":"has-post-thumbnail","6":"product_cat-4-bougies","8":"first","9":"instock","10":"taxable","11":"shipping-taxable","12":"purchasable","13":"product-type-simple"},"yoast_head":"<!-- This site is optimized with the Yoast SEO plugin v24.2 - https:\/\/yoast.com\/wordpress\/plugins\/seo\/ -->\n<title>bougeoir rond | 4 bougies - Mimpi<\/title>\n<meta name=\"robots\" content=\"index, follow, max-snippet:-1, max-image-preview:large, max-video-preview:-1\" \/>\n<link rel=\"canonical\" href=\"https:\/\/www.mimpishop.be\/en\/produit\/bougeoir-rond-4-bougies\/\" \/>\n<meta property=\"og:locale\" content=\"en_US\" \/>\n<meta property=\"og:type\" content=\"article\" \/>\n<meta property=\"og:title\" content=\"bougeoir rond | 4 bougies - Mimpi\" \/>\n<meta property=\"og:description\" content=\"Ce bougeoir en jesmonite terrazzo au design arrondi et minimaliste accueille jusqu\u2019\u00e0 quatre bougies chauffe-plat, pour une ambiance douce et chaleureuse. Son fond blanc, subtilement contrast\u00e9 par des \u00e9clats Rose, apporte une touche de d\u00e9licatesse et de modernit\u00e9 \u00e0 votre d\u00e9coration.Parfait pour habiller une table, une \u00e9tag\u00e8re ou un meuble d\u2019entr\u00e9e, ce bougeoir est enti\u00e8rement fait main, ce qui rend chaque pi\u00e8ce unique dans ses motifs et sa texture.Mat\u00e9riau : Jesmonite \u2013 r\u00e9sistant, l\u00e9ger et \u00e9co-responsable\u2028Couleurs : fond blanc avec \u00e9clats Rose\u2028Utilisation : pour bougies chauffe-plat standards\u2028Entretien : Nettoyage \u00e0 l\u2019aide d\u2019un chiffon douxUn objet \u00e0 la fois d\u00e9coratif et chaleureux, id\u00e9al pour cr\u00e9er une atmosph\u00e8re cocooning en toute simplicit\u00e9.\" \/>\n<meta property=\"og:url\" content=\"https:\/\/www.mimpishop.be\/en\/produit\/bougeoir-rond-4-bougies\/\" \/>\n<meta property=\"og:site_name\" content=\"Mimpi\" \/>\n<meta property=\"article:publisher\" content=\"https:\/\/www.facebook.com\/mimpibyjulie\/\" \/>\n<meta property=\"article:modified_time\" content=\"2025-07-09T14:12:03+00:00\" \/>\n<meta property=\"og:image\" content=\"https:\/\/www.mimpishop.be\/wp-content\/uploads\/2023\/07\/img-section-contact.png\" \/>\n\t<meta property=\"og:image:width\" content=\"1096\" \/>\n\t<meta property=\"og:image:height\" content=\"480\" \/>\n\t<meta property=\"og:image:type\" content=\"image\/png\" \/>\n<script type=\"application\/ld+json\" class=\"yoast-schema-graph\">{\"@context\":\"https:\/\/schema.org\",\"@graph\":[{\"@type\":\"WebPage\",\"@id\":\"https:\/\/www.mimpishop.be\/en\/produit\/bougeoir-rond-4-bougies\/\",\"url\":\"https:\/\/www.mimpishop.be\/en\/produit\/bougeoir-rond-4-bougies\/\",\"name\":\"bougeoir rond | 4 bougies - Mimpi\",\"isPartOf\":{\"@id\":\"https:\/\/www.mimpishop.be\/en\/#website\"},\"primaryImageOfPage\":{\"@id\":\"https:\/\/www.mimpishop.be\/en\/produit\/bougeoir-rond-4-bougies\/#primaryimage\"},\"image\":{\"@id\":\"https:\/\/www.mimpishop.be\/en\/produit\/bougeoir-rond-4-bougies\/#primaryimage\"},\"thumbnailUrl\":\"https:\/\/www.mimpishop.be\/wp-content\/uploads\/2025\/07\/IMG_8551-scaled.jpg\",\"datePublished\":\"2025-07-09T14:10:16+00:00\",\"dateModified\":\"2025-07-09T14:12:03+00:00\",\"breadcrumb\":{\"@id\":\"https:\/\/www.mimpishop.be\/en\/produit\/bougeoir-rond-4-bougies\/#breadcrumb\"},\"inLanguage\":\"en-US\",\"potentialAction\":[{\"@type\":\"ReadAction\",\"target\":[\"https:\/\/www.mimpishop.be\/en\/produit\/bougeoir-rond-4-bougies\/\"]}]},{\"@type\":\"ImageObject\",\"inLanguage\":\"en-US\",\"@id\":\"https:\/\/www.mimpishop.be\/en\/produit\/bougeoir-rond-4-bougies\/#primaryimage\",\"url\":\"https:\/\/www.mimpishop.be\/wp-content\/uploads\/2025\/07\/IMG_8551-scaled.jpg\",\"contentUrl\":\"https:\/\/www.mimpishop.be\/wp-content\/uploads\/2025\/07\/IMG_8551-scaled.jpg\",\"width\":1920,\"height\":2560},{\"@type\":\"BreadcrumbList\",\"@id\":\"https:\/\/www.mimpishop.be\/en\/produit\/bougeoir-rond-4-bougies\/#breadcrumb\",\"itemListElement\":[{\"@type\":\"ListItem\",\"position\":1,\"name\":\"Accueil\",\"item\":\"https:\/\/www.mimpishop.be\/en\/home\/\"},{\"@type\":\"ListItem\",\"position\":2,\"name\":\"Shop\",\"item\":\"https:\/\/www.mimpishop.be\/en\/shop\/\"},{\"@type\":\"ListItem\",\"position\":3,\"name\":\"bougeoir rond | 4 bougies\"}]},{\"@type\":\"WebSite\",\"@id\":\"https:\/\/www.mimpishop.be\/en\/#website\",\"url\":\"https:\/\/www.mimpishop.be\/en\/\",\"name\":\"Mimpi\",\"description\":\"Des Cr\u00e9ations Artisanales Pour Sublimer Votre Int\u00e9rieur !\",\"publisher\":{\"@id\":\"https:\/\/www.mimpishop.be\/en\/#organization\"},\"alternateName\":\"Mimpi\",\"potentialAction\":[{\"@type\":\"SearchAction\",\"target\":{\"@type\":\"EntryPoint\",\"urlTemplate\":\"https:\/\/www.mimpishop.be\/en\/?s={search_term_string}\"},\"query-input\":{\"@type\":\"PropertyValueSpecification\",\"valueRequired\":true,\"valueName\":\"search_term_string\"}}],\"inLanguage\":\"en-US\"},{\"@type\":\"Organization\",\"@id\":\"https:\/\/www.mimpishop.be\/en\/#organization\",\"name\":\"Mimpi\",\"alternateName\":\"Mimpi\",\"url\":\"https:\/\/www.mimpishop.be\/en\/\",\"logo\":{\"@type\":\"ImageObject\",\"inLanguage\":\"en-US\",\"@id\":\"https:\/\/www.mimpishop.be\/en\/#\/schema\/logo\/image\/\",\"url\":\"https:\/\/www.mimpishop.be\/wp-content\/uploads\/2023\/07\/logo-mimpi.svg\",\"contentUrl\":\"https:\/\/www.mimpishop.be\/wp-content\/uploads\/2023\/07\/logo-mimpi.svg\",\"width\":317,\"height\":147,\"caption\":\"Mimpi\"},\"image\":{\"@id\":\"https:\/\/www.mimpishop.be\/en\/#\/schema\/logo\/image\/\"},\"sameAs\":[\"https:\/\/www.facebook.com\/mimpibyjulie\/\",\"https:\/\/www.instagram.com\/mimpibyjulie\/\",\"https:\/\/www.tiktok.com\/@mimpishopjulie?_t=8dlMXK7DkAk&_r=1\"]}]}<\/script>\n<!-- \/ Yoast SEO plugin. -->","yoast_head_json":{"title":"bougeoir rond | 4 bougies - Mimpi","robots":{"index":"index","follow":"follow","max-snippet":"max-snippet:-1","max-image-preview":"max-image-preview:large","max-video-preview":"max-video-preview:-1"},"canonical":"https:\/\/www.mimpishop.be\/en\/produit\/bougeoir-rond-4-bougies\/","og_locale":"en_US","og_type":"article","og_title":"bougeoir rond | 4 bougies - Mimpi","og_description":"Ce bougeoir en jesmonite terrazzo au design arrondi et minimaliste accueille jusqu\u2019\u00e0 quatre bougies chauffe-plat, pour une ambiance douce et chaleureuse. Son fond blanc, subtilement contrast\u00e9 par des \u00e9clats Rose, apporte une touche de d\u00e9licatesse et de modernit\u00e9 \u00e0 votre d\u00e9coration.Parfait pour habiller une table, une \u00e9tag\u00e8re ou un meuble d\u2019entr\u00e9e, ce bougeoir est enti\u00e8rement fait main, ce qui rend chaque pi\u00e8ce unique dans ses motifs et sa texture.Mat\u00e9riau : Jesmonite \u2013 r\u00e9sistant, l\u00e9ger et \u00e9co-responsable\u2028Couleurs : fond blanc avec \u00e9clats Rose\u2028Utilisation : pour bougies chauffe-plat standards\u2028Entretien : Nettoyage \u00e0 l\u2019aide d\u2019un chiffon douxUn objet \u00e0 la fois d\u00e9coratif et chaleureux, id\u00e9al pour cr\u00e9er une atmosph\u00e8re cocooning en toute simplicit\u00e9.","og_url":"https:\/\/www.mimpishop.be\/en\/produit\/bougeoir-rond-4-bougies\/","og_site_name":"Mimpi","article_publisher":"https:\/\/www.facebook.com\/mimpibyjulie\/","article_modified_time":"2025-07-09T14:12:03+00:00","og_image":[{"width":1096,"height":480,"url":"https:\/\/www.mimpishop.be\/wp-content\/uploads\/2023\/07\/img-section-contact.png","type":"image\/png"}],"schema":{"@context":"https:\/\/schema.org","@graph":[{"@type":"WebPage","@id":"https:\/\/www.mimpishop.be\/en\/produit\/bougeoir-rond-4-bougies\/","url":"https:\/\/www.mimpishop.be\/en\/produit\/bougeoir-rond-4-bougies\/","name":"bougeoir rond | 4 bougies - Mimpi","isPartOf":{"@id":"https:\/\/www.mimpishop.be\/en\/#website"},"primaryImageOfPage":{"@id":"https:\/\/www.mimpishop.be\/en\/produit\/bougeoir-rond-4-bougies\/#primaryimage"},"image":{"@id":"https:\/\/www.mimpishop.be\/en\/produit\/bougeoir-rond-4-bougies\/#primaryimage"},"thumbnailUrl":"https:\/\/www.mimpishop.be\/wp-content\/uploads\/2025\/07\/IMG_8551-scaled.jpg","datePublished":"2025-07-09T14:10:16+00:00","dateModified":"2025-07-09T14:12:03+00:00","breadcrumb":{"@id":"https:\/\/www.mimpishop.be\/en\/produit\/bougeoir-rond-4-bougies\/#breadcrumb"},"inLanguage":"en-US","potentialAction":[{"@type":"ReadAction","target":["https:\/\/www.mimpishop.be\/en\/produit\/bougeoir-rond-4-bougies\/"]}]},{"@type":"ImageObject","inLanguage":"en-US","@id":"https:\/\/www.mimpishop.be\/en\/produit\/bougeoir-rond-4-bougies\/#primaryimage","url":"https:\/\/www.mimpishop.be\/wp-content\/uploads\/2025\/07\/IMG_8551-scaled.jpg","contentUrl":"https:\/\/www.mimpishop.be\/wp-content\/uploads\/2025\/07\/IMG_8551-scaled.jpg","width":1920,"height":2560},{"@type":"BreadcrumbList","@id":"https:\/\/www.mimpishop.be\/en\/produit\/bougeoir-rond-4-bougies\/#breadcrumb","itemListElement":[{"@type":"ListItem","position":1,"name":"Accueil","item":"https:\/\/www.mimpishop.be\/en\/home\/"},{"@type":"ListItem","position":2,"name":"Shop","item":"https:\/\/www.mimpishop.be\/en\/shop\/"},{"@type":"ListItem","position":3,"name":"bougeoir rond | 4 bougies"}]},{"@type":"WebSite","@id":"https:\/\/www.mimpishop.be\/en\/#website","url":"https:\/\/www.mimpishop.be\/en\/","name":"Mimpi","description":"Des Cr\u00e9ations Artisanales Pour Sublimer Votre Int\u00e9rieur !","publisher":{"@id":"https:\/\/www.mimpishop.be\/en\/#organization"},"alternateName":"Mimpi","potentialAction":[{"@type":"SearchAction","target":{"@type":"EntryPoint","urlTemplate":"https:\/\/www.mimpishop.be\/en\/?s={search_term_string}"},"query-input":{"@type":"PropertyValueSpecification","valueRequired":true,"valueName":"search_term_string"}}],"inLanguage":"en-US"},{"@type":"Organization","@id":"https:\/\/www.mimpishop.be\/en\/#organization","name":"Mimpi","alternateName":"Mimpi","url":"https:\/\/www.mimpishop.be\/en\/","logo":{"@type":"ImageObject","inLanguage":"en-US","@id":"https:\/\/www.mimpishop.be\/en\/#\/schema\/logo\/image\/","url":"https:\/\/www.mimpishop.be\/wp-content\/uploads\/2023\/07\/logo-mimpi.svg","contentUrl":"https:\/\/www.mimpishop.be\/wp-content\/uploads\/2023\/07\/logo-mimpi.svg","width":317,"height":147,"caption":"Mimpi"},"image":{"@id":"https:\/\/www.mimpishop.be\/en\/#\/schema\/logo\/image\/"},"sameAs":["https:\/\/www.facebook.com\/mimpibyjulie\/","https:\/\/www.instagram.com\/mimpibyjulie\/","https:\/\/www.tiktok.com\/@mimpishopjulie?_t=8dlMXK7DkAk&_r=1"]}]}},"_links":{"self":[{"href":"https:\/\/www.mimpishop.be\/en\/wp-json\/wp\/v2\/product\/4324","targetHints":{"allow":["GET"]}}],"collection":[{"href":"https:\/\/www.mimpishop.be\/en\/wp-json\/wp\/v2\/product"}],"about":[{"href":"https:\/\/www.mimpishop.be\/en\/wp-json\/wp\/v2\/types\/product"}],"wp:featuredmedia":[{"embeddable":true,"href":"https:\/\/www.mimpishop.be\/en\/wp-json\/wp\/v2\/media\/4279"}],"wp:attachment":[{"href":"https:\/\/www.mimpishop.be\/en\/wp-json\/wp\/v2\/media?parent=4324"}],"wp:term":[{"taxonomy":"product_cat","embeddable":true,"href":"https:\/\/www.mimpishop.be\/en\/wp-json\/wp\/v2\/product_cat?post=4324"},{"taxonomy":"product_tag","embeddable":true,"href":"https:\/\/www.mimpishop.be\/en\/wp-json\/wp\/v2\/product_tag?post=4324"}],"curies":[{"name":"wp","href":"https:\/\/api.w.org\/{rel}","templated":true}]}}