{"id":4365,"date":"2025-07-09T16:55:58","date_gmt":"2025-07-09T14:55:58","guid":{"rendered":"https:\/\/www.mimpishop.be\/?post_type=product&#038;p=4365"},"modified":"2026-02-02T16:20:52","modified_gmt":"2026-02-02T15:20:52","slug":"plateau-ovale-xl-magic-woods","status":"publish","type":"product","link":"https:\/\/www.mimpishop.be\/en\/produit\/plateau-ovale-xl-magic-woods\/","title":{"rendered":"plateau ovale xl | magic woods"},"content":{"rendered":"<p>Le fond blanc lumineux est rehauss\u00e9 d\u2019\u00e9clats d&#8217;ocre, noir et beige, cr\u00e9ant un contraste subtil et raffin\u00e9. Chaque plateau est coul\u00e9, ponc\u00e9 et scell\u00e9 \u00e0 la main, pour un rendu unique et artisanal.<\/p>\n<p>Mat\u00e9riau : Jesmonite \u2013 \u00e9cologique, solide et l\u00e9ger\u2028<br \/>Couleurs : \u00e9clats d&#8217;ocre, noir et beige sur fond blanc<br \/>\u2028Utilisation : plateau d\u00e9coratif, centre de table, support d\u2019objets<br \/>\u2028Entretien : Nettoyer avec un chiffon doux et humide<\/p>\n<p>Alliant fonctionnalit\u00e9 et esth\u00e9tisme, ce plateau XL s&#8217;impose comme une pi\u00e8ce ma\u00eetresse dans une d\u00e9coration douce et contemporaine.<\/p>\n","protected":false},"excerpt":{"rendered":"<p>Sublimez vos espaces avec ce plateau XL en jesmonite, au design terrazzo moderne et d\u00e9licat. Son grand format ovale offre une surface g\u00e9n\u00e9reuse, id\u00e9ale pour accueillir vos objets d\u00e9co, parfums, bougies, ou cr\u00e9er une composition \u00e9l\u00e9gante sur une table ou une console.<\/p>\n","protected":false},"featured_media":4333,"template":"","meta":[],"product_cat":[237,251,206],"product_tag":[],"class_list":{"0":"post-4365","1":"product","2":"type-product","3":"status-publish","4":"has-post-thumbnail","6":"product_cat-magic-woods","7":"product_cat-terrazzo-dautomne","8":"product_cat-plateau-ovale-xl","10":"first","11":"instock","12":"taxable","13":"shipping-taxable","14":"purchasable","15":"product-type-simple"},"yoast_head":"<!-- This site is optimized with the Yoast SEO plugin v24.2 - https:\/\/yoast.com\/wordpress\/plugins\/seo\/ -->\n<title>plateau ovale xl | magic woods - Mimpi<\/title>\n<meta name=\"robots\" content=\"index, follow, max-snippet:-1, max-image-preview:large, max-video-preview:-1\" \/>\n<link rel=\"canonical\" href=\"https:\/\/www.mimpishop.be\/en\/produit\/plateau-ovale-xl-magic-woods\/\" \/>\n<meta property=\"og:locale\" content=\"en_US\" \/>\n<meta property=\"og:type\" content=\"article\" \/>\n<meta property=\"og:title\" content=\"plateau ovale xl | magic woods - Mimpi\" \/>\n<meta property=\"og:description\" content=\"Sublimez vos espaces avec ce plateau XL en jesmonite, au design terrazzo moderne et d\u00e9licat. Son grand format ovale offre une surface g\u00e9n\u00e9reuse, id\u00e9ale pour accueillir vos objets d\u00e9co, parfums, bougies, ou cr\u00e9er une composition \u00e9l\u00e9gante sur une table ou une console.\" \/>\n<meta property=\"og:url\" content=\"https:\/\/www.mimpishop.be\/en\/produit\/plateau-ovale-xl-magic-woods\/\" \/>\n<meta property=\"og:site_name\" content=\"Mimpi\" \/>\n<meta property=\"article:publisher\" content=\"https:\/\/www.facebook.com\/mimpibyjulie\/\" \/>\n<meta property=\"article:modified_time\" content=\"2026-02-02T15:20:52+00:00\" \/>\n<meta property=\"og:image\" content=\"https:\/\/www.mimpishop.be\/wp-content\/uploads\/2025\/07\/IMG_8584-scaled.jpg\" \/>\n\t<meta property=\"og:image:width\" content=\"1920\" \/>\n\t<meta property=\"og:image:height\" content=\"2560\" \/>\n\t<meta property=\"og:image:type\" content=\"image\/jpeg\" \/>\n<script type=\"application\/ld+json\" class=\"yoast-schema-graph\">{\"@context\":\"https:\/\/schema.org\",\"@graph\":[{\"@type\":\"WebPage\",\"@id\":\"https:\/\/www.mimpishop.be\/en\/produit\/plateau-ovale-xl-magic-woods\/\",\"url\":\"https:\/\/www.mimpishop.be\/en\/produit\/plateau-ovale-xl-magic-woods\/\",\"name\":\"plateau ovale xl | magic woods - Mimpi\",\"isPartOf\":{\"@id\":\"https:\/\/www.mimpishop.be\/en\/#website\"},\"primaryImageOfPage\":{\"@id\":\"https:\/\/www.mimpishop.be\/en\/produit\/plateau-ovale-xl-magic-woods\/#primaryimage\"},\"image\":{\"@id\":\"https:\/\/www.mimpishop.be\/en\/produit\/plateau-ovale-xl-magic-woods\/#primaryimage\"},\"thumbnailUrl\":\"https:\/\/www.mimpishop.be\/wp-content\/uploads\/2025\/07\/IMG_8584-scaled.jpg\",\"datePublished\":\"2025-07-09T14:55:58+00:00\",\"dateModified\":\"2026-02-02T15:20:52+00:00\",\"breadcrumb\":{\"@id\":\"https:\/\/www.mimpishop.be\/en\/produit\/plateau-ovale-xl-magic-woods\/#breadcrumb\"},\"inLanguage\":\"en-US\",\"potentialAction\":[{\"@type\":\"ReadAction\",\"target\":[\"https:\/\/www.mimpishop.be\/en\/produit\/plateau-ovale-xl-magic-woods\/\"]}]},{\"@type\":\"ImageObject\",\"inLanguage\":\"en-US\",\"@id\":\"https:\/\/www.mimpishop.be\/en\/produit\/plateau-ovale-xl-magic-woods\/#primaryimage\",\"url\":\"https:\/\/www.mimpishop.be\/wp-content\/uploads\/2025\/07\/IMG_8584-scaled.jpg\",\"contentUrl\":\"https:\/\/www.mimpishop.be\/wp-content\/uploads\/2025\/07\/IMG_8584-scaled.jpg\",\"width\":1920,\"height\":2560},{\"@type\":\"BreadcrumbList\",\"@id\":\"https:\/\/www.mimpishop.be\/en\/produit\/plateau-ovale-xl-magic-woods\/#breadcrumb\",\"itemListElement\":[{\"@type\":\"ListItem\",\"position\":1,\"name\":\"Accueil\",\"item\":\"https:\/\/www.mimpishop.be\/en\/home\/\"},{\"@type\":\"ListItem\",\"position\":2,\"name\":\"Shop\",\"item\":\"https:\/\/www.mimpishop.be\/en\/shop\/\"},{\"@type\":\"ListItem\",\"position\":3,\"name\":\"plateau ovale xl | magic woods\"}]},{\"@type\":\"WebSite\",\"@id\":\"https:\/\/www.mimpishop.be\/en\/#website\",\"url\":\"https:\/\/www.mimpishop.be\/en\/\",\"name\":\"Mimpi\",\"description\":\"Des Cr\u00e9ations Artisanales Pour Sublimer Votre Int\u00e9rieur !\",\"publisher\":{\"@id\":\"https:\/\/www.mimpishop.be\/en\/#organization\"},\"alternateName\":\"Mimpi\",\"potentialAction\":[{\"@type\":\"SearchAction\",\"target\":{\"@type\":\"EntryPoint\",\"urlTemplate\":\"https:\/\/www.mimpishop.be\/en\/?s={search_term_string}\"},\"query-input\":{\"@type\":\"PropertyValueSpecification\",\"valueRequired\":true,\"valueName\":\"search_term_string\"}}],\"inLanguage\":\"en-US\"},{\"@type\":\"Organization\",\"@id\":\"https:\/\/www.mimpishop.be\/en\/#organization\",\"name\":\"Mimpi\",\"alternateName\":\"Mimpi\",\"url\":\"https:\/\/www.mimpishop.be\/en\/\",\"logo\":{\"@type\":\"ImageObject\",\"inLanguage\":\"en-US\",\"@id\":\"https:\/\/www.mimpishop.be\/en\/#\/schema\/logo\/image\/\",\"url\":\"https:\/\/www.mimpishop.be\/wp-content\/uploads\/2023\/07\/logo-mimpi.svg\",\"contentUrl\":\"https:\/\/www.mimpishop.be\/wp-content\/uploads\/2023\/07\/logo-mimpi.svg\",\"width\":317,\"height\":147,\"caption\":\"Mimpi\"},\"image\":{\"@id\":\"https:\/\/www.mimpishop.be\/en\/#\/schema\/logo\/image\/\"},\"sameAs\":[\"https:\/\/www.facebook.com\/mimpibyjulie\/\",\"https:\/\/www.instagram.com\/mimpibyjulie\/\",\"https:\/\/www.tiktok.com\/@mimpishopjulie?_t=8dlMXK7DkAk&_r=1\"]}]}<\/script>\n<!-- \/ Yoast SEO plugin. -->","yoast_head_json":{"title":"plateau ovale xl | magic woods - Mimpi","robots":{"index":"index","follow":"follow","max-snippet":"max-snippet:-1","max-image-preview":"max-image-preview:large","max-video-preview":"max-video-preview:-1"},"canonical":"https:\/\/www.mimpishop.be\/en\/produit\/plateau-ovale-xl-magic-woods\/","og_locale":"en_US","og_type":"article","og_title":"plateau ovale xl | magic woods - Mimpi","og_description":"Sublimez vos espaces avec ce plateau XL en jesmonite, au design terrazzo moderne et d\u00e9licat. Son grand format ovale offre une surface g\u00e9n\u00e9reuse, id\u00e9ale pour accueillir vos objets d\u00e9co, parfums, bougies, ou cr\u00e9er une composition \u00e9l\u00e9gante sur une table ou une console.","og_url":"https:\/\/www.mimpishop.be\/en\/produit\/plateau-ovale-xl-magic-woods\/","og_site_name":"Mimpi","article_publisher":"https:\/\/www.facebook.com\/mimpibyjulie\/","article_modified_time":"2026-02-02T15:20:52+00:00","og_image":[{"width":1920,"height":2560,"url":"https:\/\/www.mimpishop.be\/wp-content\/uploads\/2025\/07\/IMG_8584-scaled.jpg","type":"image\/jpeg"}],"schema":{"@context":"https:\/\/schema.org","@graph":[{"@type":"WebPage","@id":"https:\/\/www.mimpishop.be\/en\/produit\/plateau-ovale-xl-magic-woods\/","url":"https:\/\/www.mimpishop.be\/en\/produit\/plateau-ovale-xl-magic-woods\/","name":"plateau ovale xl | magic woods - Mimpi","isPartOf":{"@id":"https:\/\/www.mimpishop.be\/en\/#website"},"primaryImageOfPage":{"@id":"https:\/\/www.mimpishop.be\/en\/produit\/plateau-ovale-xl-magic-woods\/#primaryimage"},"image":{"@id":"https:\/\/www.mimpishop.be\/en\/produit\/plateau-ovale-xl-magic-woods\/#primaryimage"},"thumbnailUrl":"https:\/\/www.mimpishop.be\/wp-content\/uploads\/2025\/07\/IMG_8584-scaled.jpg","datePublished":"2025-07-09T14:55:58+00:00","dateModified":"2026-02-02T15:20:52+00:00","breadcrumb":{"@id":"https:\/\/www.mimpishop.be\/en\/produit\/plateau-ovale-xl-magic-woods\/#breadcrumb"},"inLanguage":"en-US","potentialAction":[{"@type":"ReadAction","target":["https:\/\/www.mimpishop.be\/en\/produit\/plateau-ovale-xl-magic-woods\/"]}]},{"@type":"ImageObject","inLanguage":"en-US","@id":"https:\/\/www.mimpishop.be\/en\/produit\/plateau-ovale-xl-magic-woods\/#primaryimage","url":"https:\/\/www.mimpishop.be\/wp-content\/uploads\/2025\/07\/IMG_8584-scaled.jpg","contentUrl":"https:\/\/www.mimpishop.be\/wp-content\/uploads\/2025\/07\/IMG_8584-scaled.jpg","width":1920,"height":2560},{"@type":"BreadcrumbList","@id":"https:\/\/www.mimpishop.be\/en\/produit\/plateau-ovale-xl-magic-woods\/#breadcrumb","itemListElement":[{"@type":"ListItem","position":1,"name":"Accueil","item":"https:\/\/www.mimpishop.be\/en\/home\/"},{"@type":"ListItem","position":2,"name":"Shop","item":"https:\/\/www.mimpishop.be\/en\/shop\/"},{"@type":"ListItem","position":3,"name":"plateau ovale xl | magic woods"}]},{"@type":"WebSite","@id":"https:\/\/www.mimpishop.be\/en\/#website","url":"https:\/\/www.mimpishop.be\/en\/","name":"Mimpi","description":"Des Cr\u00e9ations Artisanales Pour Sublimer Votre Int\u00e9rieur !","publisher":{"@id":"https:\/\/www.mimpishop.be\/en\/#organization"},"alternateName":"Mimpi","potentialAction":[{"@type":"SearchAction","target":{"@type":"EntryPoint","urlTemplate":"https:\/\/www.mimpishop.be\/en\/?s={search_term_string}"},"query-input":{"@type":"PropertyValueSpecification","valueRequired":true,"valueName":"search_term_string"}}],"inLanguage":"en-US"},{"@type":"Organization","@id":"https:\/\/www.mimpishop.be\/en\/#organization","name":"Mimpi","alternateName":"Mimpi","url":"https:\/\/www.mimpishop.be\/en\/","logo":{"@type":"ImageObject","inLanguage":"en-US","@id":"https:\/\/www.mimpishop.be\/en\/#\/schema\/logo\/image\/","url":"https:\/\/www.mimpishop.be\/wp-content\/uploads\/2023\/07\/logo-mimpi.svg","contentUrl":"https:\/\/www.mimpishop.be\/wp-content\/uploads\/2023\/07\/logo-mimpi.svg","width":317,"height":147,"caption":"Mimpi"},"image":{"@id":"https:\/\/www.mimpishop.be\/en\/#\/schema\/logo\/image\/"},"sameAs":["https:\/\/www.facebook.com\/mimpibyjulie\/","https:\/\/www.instagram.com\/mimpibyjulie\/","https:\/\/www.tiktok.com\/@mimpishopjulie?_t=8dlMXK7DkAk&_r=1"]}]}},"_links":{"self":[{"href":"https:\/\/www.mimpishop.be\/en\/wp-json\/wp\/v2\/product\/4365","targetHints":{"allow":["GET"]}}],"collection":[{"href":"https:\/\/www.mimpishop.be\/en\/wp-json\/wp\/v2\/product"}],"about":[{"href":"https:\/\/www.mimpishop.be\/en\/wp-json\/wp\/v2\/types\/product"}],"wp:featuredmedia":[{"embeddable":true,"href":"https:\/\/www.mimpishop.be\/en\/wp-json\/wp\/v2\/media\/4333"}],"wp:attachment":[{"href":"https:\/\/www.mimpishop.be\/en\/wp-json\/wp\/v2\/media?parent=4365"}],"wp:term":[{"taxonomy":"product_cat","embeddable":true,"href":"https:\/\/www.mimpishop.be\/en\/wp-json\/wp\/v2\/product_cat?post=4365"},{"taxonomy":"product_tag","embeddable":true,"href":"https:\/\/www.mimpishop.be\/en\/wp-json\/wp\/v2\/product_tag?post=4365"}],"curies":[{"name":"wp","href":"https:\/\/api.w.org\/{rel}","templated":true}]}}