{"id":4833,"date":"2025-11-17T09:53:43","date_gmt":"2025-11-17T08:53:43","guid":{"rendered":"https:\/\/www.mimpishop.be\/?post_type=product&#038;p=4833"},"modified":"2026-03-13T09:22:00","modified_gmt":"2026-03-13T08:22:00","slug":"candle-trick-or-treat-copie-copie-copie-2","status":"publish","type":"product","link":"https:\/\/www.mimpishop.be\/en\/produit\/candle-trick-or-treat-copie-copie-copie-2\/","title":{"rendered":"Candle &#8220;Trick or treat? (Copie) (Copie) (Copie)"},"content":{"rendered":"<p><\/p><div class=\"is-root-container edit-site-block-editor__block-list wp-site-blocks block-editor-block-list__layout\" data-is-drop-zone=\"true\"><p role=\"document\" aria-label=\"Bloc paragraphe\" class=\"block-editor-rich-text__editable block-editor-block-list__block wp-block is-multi-selected is-partially-selected wp-block-paragraph rich-text\" id=\"block-617c9567-49b5-4ba8-9474-c2534bde5f98\" data-block=\"617c9567-49b5-4ba8-9474-c2534bde5f98\" data-type=\"core\/paragraph\" data-title=\"Paragraph\" data-empty=\"false\" style=\"min-width: 1px\">Une bougie avec un pot en Jesmonite ?\u00a0<br\/>La Jesmonite est une alternative \u00e9cologique \u00e0 la r\u00e9sine Epoxy, sans solvants et \u00e0 base d\u2019eau elle est plus \u00e9cologique.\u00a0Elle est aussi plus l\u00e9g\u00e8re que le b\u00e9ton et plus solide que le pl\u00e2tre.<\/p><p role=\"document\" aria-label=\"Bloc paragraphe\" class=\"block-editor-rich-text__editable block-editor-block-list__block wp-block is-multi-selected is-partially-selected wp-block-paragraph rich-text\" id=\"block-951db85f-449f-4d0b-9ad8-d44b27dcce3f\" data-block=\"951db85f-449f-4d0b-9ad8-d44b27dcce3f\" data-type=\"core\/paragraph\" data-title=\"Paragraph\" data-empty=\"false\" style=\"min-width: 1px\"><br\/>Quand votre bougie est termin\u00e9e, lavez le contenant \u00e0 l\u2019eau chaude, savonneuse et donnez-lui une seconde vie !\u00a0Ou vous pouvez achetez une recharge disponible sur notre site.<\/p><p role=\"document\" aria-label=\"Bloc paragraphe\" class=\"block-editor-rich-text__editable block-editor-block-list__block wp-block is-multi-selected is-partially-selected wp-block-paragraph rich-text\" id=\"block-28c2410e-0ee7-4810-ad0a-591edf73c6bf\" data-block=\"28c2410e-0ee7-4810-ad0a-591edf73c6bf\" data-type=\"core\/paragraph\" data-title=\"Paragraph\" data-empty=\"false\" style=\"min-width: 1px\">Bougie respectueuse de votre sant\u00e9 et de l\u2019environnement<\/p><p role=\"document\" aria-label=\"Bloc paragraphe\" class=\"block-editor-rich-text__editable block-editor-block-list__block wp-block is-multi-selected is-partially-selected wp-block-paragraph rich-text\" id=\"block-14bf347d-5a2c-44bf-adbb-d9e4c2a7665c\" data-block=\"14bf347d-5a2c-44bf-adbb-d9e4c2a7665c\" data-type=\"core\/paragraph\" data-title=\"Paragraph\" data-empty=\"false\" style=\"min-width: 1px\"><br\/>La cire de soja est v\u00e9g\u00e9tale, biod\u00e9gradable et non toxique. Les parfums sont sans CMR et sans phtalates.\u00a0<\/p><p role=\"document\" aria-label=\"Bloc paragraphe\" class=\"block-editor-rich-text__editable block-editor-block-list__block wp-block is-multi-selected is-partially-selected wp-block-paragraph rich-text\" id=\"block-bdd06952-aa38-4490-ad0f-7c041d66341c\" data-block=\"bdd06952-aa38-4490-ad0f-7c041d66341c\" data-type=\"core\/paragraph\" data-title=\"Paragraph\" data-empty=\"false\" style=\"min-width: 1px\">Cire de soja europ\u00e9enne.<\/p><p role=\"document\" aria-label=\"Bloc paragraphe\" class=\"block-editor-rich-text__editable block-editor-block-list__block wp-block is-multi-selected is-partially-selected wp-block-paragraph rich-text\" id=\"block-2b4f4a54-d7d9-41b3-ba9e-aa20f5278c19\" data-block=\"2b4f4a54-d7d9-41b3-ba9e-aa20f5278c19\" data-type=\"core\/paragraph\" data-title=\"Paragraph\" data-empty=\"false\" style=\"min-width: 1px\">40h de combustion<br\/>Fragrances sans substances toxiques<br\/>Pot r\u00e9utilisable en Jesmonite<br\/>240ML<\/p><p role=\"document\" aria-label=\"Bloc paragraphe\" class=\"block-editor-rich-text__editable block-editor-block-list__block wp-block is-multi-selected is-partially-selected wp-block-paragraph rich-text\" id=\"block-92d9fd5e-c49d-4262-853a-390c7a5025d4\" data-block=\"92d9fd5e-c49d-4262-853a-390c7a5025d4\" data-type=\"core\/paragraph\" data-title=\"Paragraph\" data-empty=\"false\" style=\"min-width: 1px\"><br\/>Un rappel de ne jamais laisser \u00e0 la port\u00e9e des animaux et des enfants. <\/p><p role=\"document\" aria-label=\"Bloc vide&#xA0;;&#xA0;&#xE9;crivez ou saisissez une barre oblique pour choisir un bloc\" class=\"block-editor-rich-text__editable block-editor-block-list__block wp-block is-multi-selected is-partially-selected wp-block-paragraph rich-text\" id=\"block-19f0f0a6-ab49-4088-b2b8-5c5092ba7403\" data-block=\"19f0f0a6-ab49-4088-b2b8-5c5092ba7403\" data-type=\"core\/paragraph\" data-title=\"Paragraph\" data-empty=\"true\" style=\"min-width: 1px\"><\/p><p role=\"document\" aria-label=\"Bloc paragraphe\" class=\"block-editor-rich-text__editable block-editor-block-list__block wp-block is-multi-selected is-partially-selected wp-block-paragraph rich-text\" id=\"block-d4842110-e8e5-43d4-a01c-88702530d136\" data-block=\"d4842110-e8e5-43d4-a01c-88702530d136\" data-type=\"core\/paragraph\" data-title=\"Paragraph\" data-empty=\"false\" style=\"min-width: 1px\">Cire de soja et parfum de Grasse <\/p><\/div>","protected":false},"excerpt":{"rendered":"<p>The &#8220;Trick or treat&#8221; candle is the perfect gift for all lovers of autumn and its sweets. With its pretty black pot and orange, burgundy, green and yellow terrazzo. \ud83c\udf6c\ud83c\udf41<\/p>\n<p>Our &#8220;candy or spell&#8221; scented candle has a sweet fruity fragrance combining raspberry, plum, orange and lemon on a vanilla base, creating a wonderful sensation of indulgence!<\/p>\n","protected":false},"featured_media":4827,"template":"","meta":[],"product_cat":[117,132,62,130],"product_tag":[],"class_list":{"0":"post-4833","1":"product","2":"type-product","3":"status-publish","4":"has-post-thumbnail","6":"product_cat-noel-en","7":"product_cat-christmas-candle","8":"product_cat-category-candles","9":"product_cat-candle","11":"first","12":"instock","13":"taxable","14":"shipping-taxable","15":"purchasable","16":"product-type-simple"},"yoast_head":"<!-- This site is optimized with the Yoast SEO plugin v24.2 - https:\/\/yoast.com\/wordpress\/plugins\/seo\/ -->\n<title>Candle &quot;Trick or treat? (Copie) (Copie) (Copie) - Mimpi<\/title>\n<meta name=\"robots\" content=\"index, follow, max-snippet:-1, max-image-preview:large, max-video-preview:-1\" \/>\n<link rel=\"canonical\" href=\"https:\/\/www.mimpishop.be\/en\/produit\/candle-trick-or-treat-copie-copie-copie-2\/\" \/>\n<meta property=\"og:locale\" content=\"en_US\" \/>\n<meta property=\"og:type\" content=\"article\" \/>\n<meta property=\"og:title\" content=\"Candle &quot;Trick or treat? (Copie) (Copie) (Copie) - Mimpi\" \/>\n<meta property=\"og:description\" content=\"The &quot;Trick or treat&quot; candle is the perfect gift for all lovers of autumn and its sweets. With its pretty black pot and orange, burgundy, green and yellow terrazzo. \ud83c\udf6c\ud83c\udf41Our &quot;candy or spell&quot; scented candle has a sweet fruity fragrance combining raspberry, plum, orange and lemon on a vanilla base, creating a wonderful sensation of indulgence!\" \/>\n<meta property=\"og:url\" content=\"https:\/\/www.mimpishop.be\/en\/produit\/candle-trick-or-treat-copie-copie-copie-2\/\" \/>\n<meta property=\"og:site_name\" content=\"Mimpi\" \/>\n<meta property=\"article:publisher\" content=\"https:\/\/www.facebook.com\/mimpibyjulie\/\" \/>\n<meta property=\"article:modified_time\" content=\"2026-03-13T08:22:00+00:00\" \/>\n<meta property=\"og:image\" content=\"https:\/\/www.mimpishop.be\/wp-content\/uploads\/2025\/11\/IMG_9312-2-scaled.jpg\" \/>\n\t<meta property=\"og:image:width\" content=\"1920\" \/>\n\t<meta property=\"og:image:height\" content=\"2560\" \/>\n\t<meta property=\"og:image:type\" content=\"image\/jpeg\" \/>\n<script type=\"application\/ld+json\" class=\"yoast-schema-graph\">{\"@context\":\"https:\/\/schema.org\",\"@graph\":[{\"@type\":\"WebPage\",\"@id\":\"https:\/\/www.mimpishop.be\/en\/produit\/candle-trick-or-treat-copie-copie-copie-2\/\",\"url\":\"https:\/\/www.mimpishop.be\/en\/produit\/candle-trick-or-treat-copie-copie-copie-2\/\",\"name\":\"Candle \\\"Trick or treat? (Copie) (Copie) (Copie) - Mimpi\",\"isPartOf\":{\"@id\":\"https:\/\/www.mimpishop.be\/en\/#website\"},\"primaryImageOfPage\":{\"@id\":\"https:\/\/www.mimpishop.be\/en\/produit\/candle-trick-or-treat-copie-copie-copie-2\/#primaryimage\"},\"image\":{\"@id\":\"https:\/\/www.mimpishop.be\/en\/produit\/candle-trick-or-treat-copie-copie-copie-2\/#primaryimage\"},\"thumbnailUrl\":\"https:\/\/www.mimpishop.be\/wp-content\/uploads\/2025\/11\/IMG_9312-2-scaled.jpg\",\"datePublished\":\"2025-11-17T08:53:43+00:00\",\"dateModified\":\"2026-03-13T08:22:00+00:00\",\"breadcrumb\":{\"@id\":\"https:\/\/www.mimpishop.be\/en\/produit\/candle-trick-or-treat-copie-copie-copie-2\/#breadcrumb\"},\"inLanguage\":\"en-US\",\"potentialAction\":[{\"@type\":\"ReadAction\",\"target\":[\"https:\/\/www.mimpishop.be\/en\/produit\/candle-trick-or-treat-copie-copie-copie-2\/\"]}]},{\"@type\":\"ImageObject\",\"inLanguage\":\"en-US\",\"@id\":\"https:\/\/www.mimpishop.be\/en\/produit\/candle-trick-or-treat-copie-copie-copie-2\/#primaryimage\",\"url\":\"https:\/\/www.mimpishop.be\/wp-content\/uploads\/2025\/11\/IMG_9312-2-scaled.jpg\",\"contentUrl\":\"https:\/\/www.mimpishop.be\/wp-content\/uploads\/2025\/11\/IMG_9312-2-scaled.jpg\",\"width\":1920,\"height\":2560},{\"@type\":\"BreadcrumbList\",\"@id\":\"https:\/\/www.mimpishop.be\/en\/produit\/candle-trick-or-treat-copie-copie-copie-2\/#breadcrumb\",\"itemListElement\":[{\"@type\":\"ListItem\",\"position\":1,\"name\":\"Accueil\",\"item\":\"https:\/\/www.mimpishop.be\/en\/home\/\"},{\"@type\":\"ListItem\",\"position\":2,\"name\":\"Shop\",\"item\":\"https:\/\/www.mimpishop.be\/en\/shop\/\"},{\"@type\":\"ListItem\",\"position\":3,\"name\":\"Candle \u00ab\u00a0Trick or treat? (Copie) (Copie) (Copie)\"}]},{\"@type\":\"WebSite\",\"@id\":\"https:\/\/www.mimpishop.be\/en\/#website\",\"url\":\"https:\/\/www.mimpishop.be\/en\/\",\"name\":\"Mimpi\",\"description\":\"Des Cr\u00e9ations Artisanales Pour Sublimer Votre Int\u00e9rieur !\",\"publisher\":{\"@id\":\"https:\/\/www.mimpishop.be\/en\/#organization\"},\"alternateName\":\"Mimpi\",\"potentialAction\":[{\"@type\":\"SearchAction\",\"target\":{\"@type\":\"EntryPoint\",\"urlTemplate\":\"https:\/\/www.mimpishop.be\/en\/?s={search_term_string}\"},\"query-input\":{\"@type\":\"PropertyValueSpecification\",\"valueRequired\":true,\"valueName\":\"search_term_string\"}}],\"inLanguage\":\"en-US\"},{\"@type\":\"Organization\",\"@id\":\"https:\/\/www.mimpishop.be\/en\/#organization\",\"name\":\"Mimpi\",\"alternateName\":\"Mimpi\",\"url\":\"https:\/\/www.mimpishop.be\/en\/\",\"logo\":{\"@type\":\"ImageObject\",\"inLanguage\":\"en-US\",\"@id\":\"https:\/\/www.mimpishop.be\/en\/#\/schema\/logo\/image\/\",\"url\":\"https:\/\/www.mimpishop.be\/wp-content\/uploads\/2023\/07\/logo-mimpi.svg\",\"contentUrl\":\"https:\/\/www.mimpishop.be\/wp-content\/uploads\/2023\/07\/logo-mimpi.svg\",\"width\":317,\"height\":147,\"caption\":\"Mimpi\"},\"image\":{\"@id\":\"https:\/\/www.mimpishop.be\/en\/#\/schema\/logo\/image\/\"},\"sameAs\":[\"https:\/\/www.facebook.com\/mimpibyjulie\/\",\"https:\/\/www.instagram.com\/mimpibyjulie\/\",\"https:\/\/www.tiktok.com\/@mimpishopjulie?_t=8dlMXK7DkAk&_r=1\"]}]}<\/script>\n<!-- \/ Yoast SEO plugin. -->","yoast_head_json":{"title":"Candle \"Trick or treat? (Copie) (Copie) (Copie) - Mimpi","robots":{"index":"index","follow":"follow","max-snippet":"max-snippet:-1","max-image-preview":"max-image-preview:large","max-video-preview":"max-video-preview:-1"},"canonical":"https:\/\/www.mimpishop.be\/en\/produit\/candle-trick-or-treat-copie-copie-copie-2\/","og_locale":"en_US","og_type":"article","og_title":"Candle \"Trick or treat? (Copie) (Copie) (Copie) - Mimpi","og_description":"The \"Trick or treat\" candle is the perfect gift for all lovers of autumn and its sweets. With its pretty black pot and orange, burgundy, green and yellow terrazzo. \ud83c\udf6c\ud83c\udf41Our \"candy or spell\" scented candle has a sweet fruity fragrance combining raspberry, plum, orange and lemon on a vanilla base, creating a wonderful sensation of indulgence!","og_url":"https:\/\/www.mimpishop.be\/en\/produit\/candle-trick-or-treat-copie-copie-copie-2\/","og_site_name":"Mimpi","article_publisher":"https:\/\/www.facebook.com\/mimpibyjulie\/","article_modified_time":"2026-03-13T08:22:00+00:00","og_image":[{"width":1920,"height":2560,"url":"https:\/\/www.mimpishop.be\/wp-content\/uploads\/2025\/11\/IMG_9312-2-scaled.jpg","type":"image\/jpeg"}],"schema":{"@context":"https:\/\/schema.org","@graph":[{"@type":"WebPage","@id":"https:\/\/www.mimpishop.be\/en\/produit\/candle-trick-or-treat-copie-copie-copie-2\/","url":"https:\/\/www.mimpishop.be\/en\/produit\/candle-trick-or-treat-copie-copie-copie-2\/","name":"Candle \"Trick or treat? (Copie) (Copie) (Copie) - Mimpi","isPartOf":{"@id":"https:\/\/www.mimpishop.be\/en\/#website"},"primaryImageOfPage":{"@id":"https:\/\/www.mimpishop.be\/en\/produit\/candle-trick-or-treat-copie-copie-copie-2\/#primaryimage"},"image":{"@id":"https:\/\/www.mimpishop.be\/en\/produit\/candle-trick-or-treat-copie-copie-copie-2\/#primaryimage"},"thumbnailUrl":"https:\/\/www.mimpishop.be\/wp-content\/uploads\/2025\/11\/IMG_9312-2-scaled.jpg","datePublished":"2025-11-17T08:53:43+00:00","dateModified":"2026-03-13T08:22:00+00:00","breadcrumb":{"@id":"https:\/\/www.mimpishop.be\/en\/produit\/candle-trick-or-treat-copie-copie-copie-2\/#breadcrumb"},"inLanguage":"en-US","potentialAction":[{"@type":"ReadAction","target":["https:\/\/www.mimpishop.be\/en\/produit\/candle-trick-or-treat-copie-copie-copie-2\/"]}]},{"@type":"ImageObject","inLanguage":"en-US","@id":"https:\/\/www.mimpishop.be\/en\/produit\/candle-trick-or-treat-copie-copie-copie-2\/#primaryimage","url":"https:\/\/www.mimpishop.be\/wp-content\/uploads\/2025\/11\/IMG_9312-2-scaled.jpg","contentUrl":"https:\/\/www.mimpishop.be\/wp-content\/uploads\/2025\/11\/IMG_9312-2-scaled.jpg","width":1920,"height":2560},{"@type":"BreadcrumbList","@id":"https:\/\/www.mimpishop.be\/en\/produit\/candle-trick-or-treat-copie-copie-copie-2\/#breadcrumb","itemListElement":[{"@type":"ListItem","position":1,"name":"Accueil","item":"https:\/\/www.mimpishop.be\/en\/home\/"},{"@type":"ListItem","position":2,"name":"Shop","item":"https:\/\/www.mimpishop.be\/en\/shop\/"},{"@type":"ListItem","position":3,"name":"Candle \u00ab\u00a0Trick or treat? (Copie) (Copie) (Copie)"}]},{"@type":"WebSite","@id":"https:\/\/www.mimpishop.be\/en\/#website","url":"https:\/\/www.mimpishop.be\/en\/","name":"Mimpi","description":"Des Cr\u00e9ations Artisanales Pour Sublimer Votre Int\u00e9rieur !","publisher":{"@id":"https:\/\/www.mimpishop.be\/en\/#organization"},"alternateName":"Mimpi","potentialAction":[{"@type":"SearchAction","target":{"@type":"EntryPoint","urlTemplate":"https:\/\/www.mimpishop.be\/en\/?s={search_term_string}"},"query-input":{"@type":"PropertyValueSpecification","valueRequired":true,"valueName":"search_term_string"}}],"inLanguage":"en-US"},{"@type":"Organization","@id":"https:\/\/www.mimpishop.be\/en\/#organization","name":"Mimpi","alternateName":"Mimpi","url":"https:\/\/www.mimpishop.be\/en\/","logo":{"@type":"ImageObject","inLanguage":"en-US","@id":"https:\/\/www.mimpishop.be\/en\/#\/schema\/logo\/image\/","url":"https:\/\/www.mimpishop.be\/wp-content\/uploads\/2023\/07\/logo-mimpi.svg","contentUrl":"https:\/\/www.mimpishop.be\/wp-content\/uploads\/2023\/07\/logo-mimpi.svg","width":317,"height":147,"caption":"Mimpi"},"image":{"@id":"https:\/\/www.mimpishop.be\/en\/#\/schema\/logo\/image\/"},"sameAs":["https:\/\/www.facebook.com\/mimpibyjulie\/","https:\/\/www.instagram.com\/mimpibyjulie\/","https:\/\/www.tiktok.com\/@mimpishopjulie?_t=8dlMXK7DkAk&_r=1"]}]}},"_links":{"self":[{"href":"https:\/\/www.mimpishop.be\/en\/wp-json\/wp\/v2\/product\/4833","targetHints":{"allow":["GET"]}}],"collection":[{"href":"https:\/\/www.mimpishop.be\/en\/wp-json\/wp\/v2\/product"}],"about":[{"href":"https:\/\/www.mimpishop.be\/en\/wp-json\/wp\/v2\/types\/product"}],"wp:featuredmedia":[{"embeddable":true,"href":"https:\/\/www.mimpishop.be\/en\/wp-json\/wp\/v2\/media\/4827"}],"wp:attachment":[{"href":"https:\/\/www.mimpishop.be\/en\/wp-json\/wp\/v2\/media?parent=4833"}],"wp:term":[{"taxonomy":"product_cat","embeddable":true,"href":"https:\/\/www.mimpishop.be\/en\/wp-json\/wp\/v2\/product_cat?post=4833"},{"taxonomy":"product_tag","embeddable":true,"href":"https:\/\/www.mimpishop.be\/en\/wp-json\/wp\/v2\/product_tag?post=4833"}],"curies":[{"name":"wp","href":"https:\/\/api.w.org\/{rel}","templated":true}]}}