{"id":5207,"date":"2026-02-03T18:14:35","date_gmt":"2026-02-03T17:14:35","guid":{"rendered":"https:\/\/www.mimpishop.be\/?post_type=product&#038;p=5207"},"modified":"2026-02-03T18:16:00","modified_gmt":"2026-02-03T17:16:00","slug":"plateau-ovale-sucre-dorge","status":"publish","type":"product","link":"https:\/\/www.mimpishop.be\/en\/produit\/plateau-ovale-sucre-dorge\/","title":{"rendered":"Plateau ovale |\u00a0Sucre d&#8217;orge"},"content":{"rendered":"<p>Parfait comme vide-poche, support pour bougies, bijoux ou objets d\u00e9coratifs, ce plateau est \u00e0 la fois pratique et esth\u00e9tique. Sa finition lisse et son style minimaliste s\u2019int\u00e8grent facilement dans tous les espaces : salle de bain, chambre ou salon.<\/p>\n<p>Mat\u00e9riau : Jesmonite \u2013 \u00e9cologique et ultra r\u00e9sistant\u2028<br \/>Couleurs : Bordeau, jaune et gris sur fond blanc\u2028<br \/>Entretien : Nettoyage \u00e0 l\u2019aide d\u2019un chiffon doux et humide<\/p>\n<p>Ajoutez une touche d\u2019artisanat contemporain \u00e0 votre d\u00e9coration avec ce plateau terrazzo au charme subtil.<\/p>\n","protected":false},"excerpt":{"rendered":"<p>Apportez une touche d\u2019\u00e9l\u00e9gance moderne \u00e0 votre int\u00e9rieur avec ce plateau ovale en jesmonite, inspir\u00e9 du terrazzo. Son fond blanc pur est parsem\u00e9 d\u2019\u00e9clats de Bordeau, jaune et gris, cr\u00e9ant un contraste doux et raffin\u00e9. Chaque pi\u00e8ce est enti\u00e8rement faite \u00e0 la main, rendant chaque motif unique.<\/p>\n","protected":false},"featured_media":5063,"template":"","meta":[],"product_cat":[246,250,207],"product_tag":[],"class_list":{"0":"post-5207","1":"product","2":"type-product","3":"status-publish","4":"has-post-thumbnail","6":"product_cat-sucre-dorge","7":"product_cat-terrazzo-de-noel","8":"product_cat-plateau-ovale-medium","10":"first","11":"instock","12":"taxable","13":"shipping-taxable","14":"purchasable","15":"product-type-simple"},"yoast_head":"<!-- This site is optimized with the Yoast SEO plugin v24.2 - https:\/\/yoast.com\/wordpress\/plugins\/seo\/ -->\n<title>Plateau ovale |\u00a0Sucre d&#039;orge - Mimpi<\/title>\n<meta name=\"robots\" content=\"index, follow, max-snippet:-1, max-image-preview:large, max-video-preview:-1\" \/>\n<link rel=\"canonical\" href=\"https:\/\/www.mimpishop.be\/en\/produit\/plateau-ovale-sucre-dorge\/\" \/>\n<meta property=\"og:locale\" content=\"en_US\" \/>\n<meta property=\"og:type\" content=\"article\" \/>\n<meta property=\"og:title\" content=\"Plateau ovale |\u00a0Sucre d&#039;orge - Mimpi\" \/>\n<meta property=\"og:description\" content=\"Apportez une touche d\u2019\u00e9l\u00e9gance moderne \u00e0 votre int\u00e9rieur avec ce plateau ovale en jesmonite, inspir\u00e9 du terrazzo. Son fond blanc pur est parsem\u00e9 d\u2019\u00e9clats de Bordeau, jaune et gris, cr\u00e9ant un contraste doux et raffin\u00e9. Chaque pi\u00e8ce est enti\u00e8rement faite \u00e0 la main, rendant chaque motif unique.\" \/>\n<meta property=\"og:url\" content=\"https:\/\/www.mimpishop.be\/en\/produit\/plateau-ovale-sucre-dorge\/\" \/>\n<meta property=\"og:site_name\" content=\"Mimpi\" \/>\n<meta property=\"article:publisher\" content=\"https:\/\/www.facebook.com\/mimpibyjulie\/\" \/>\n<meta property=\"article:modified_time\" content=\"2026-02-03T17:16:00+00:00\" \/>\n<meta property=\"og:image\" content=\"https:\/\/www.mimpishop.be\/wp-content\/uploads\/2026\/02\/IMG_9791-scaled.jpg\" \/>\n\t<meta property=\"og:image:width\" content=\"1920\" \/>\n\t<meta property=\"og:image:height\" content=\"2560\" \/>\n\t<meta property=\"og:image:type\" content=\"image\/jpeg\" \/>\n<script type=\"application\/ld+json\" class=\"yoast-schema-graph\">{\"@context\":\"https:\/\/schema.org\",\"@graph\":[{\"@type\":\"WebPage\",\"@id\":\"https:\/\/www.mimpishop.be\/en\/produit\/plateau-ovale-sucre-dorge\/\",\"url\":\"https:\/\/www.mimpishop.be\/en\/produit\/plateau-ovale-sucre-dorge\/\",\"name\":\"Plateau ovale |\u00a0Sucre d'orge - Mimpi\",\"isPartOf\":{\"@id\":\"https:\/\/www.mimpishop.be\/en\/#website\"},\"primaryImageOfPage\":{\"@id\":\"https:\/\/www.mimpishop.be\/en\/produit\/plateau-ovale-sucre-dorge\/#primaryimage\"},\"image\":{\"@id\":\"https:\/\/www.mimpishop.be\/en\/produit\/plateau-ovale-sucre-dorge\/#primaryimage\"},\"thumbnailUrl\":\"https:\/\/www.mimpishop.be\/wp-content\/uploads\/2026\/02\/IMG_9791-scaled.jpg\",\"datePublished\":\"2026-02-03T17:14:35+00:00\",\"dateModified\":\"2026-02-03T17:16:00+00:00\",\"breadcrumb\":{\"@id\":\"https:\/\/www.mimpishop.be\/en\/produit\/plateau-ovale-sucre-dorge\/#breadcrumb\"},\"inLanguage\":\"en-US\",\"potentialAction\":[{\"@type\":\"ReadAction\",\"target\":[\"https:\/\/www.mimpishop.be\/en\/produit\/plateau-ovale-sucre-dorge\/\"]}]},{\"@type\":\"ImageObject\",\"inLanguage\":\"en-US\",\"@id\":\"https:\/\/www.mimpishop.be\/en\/produit\/plateau-ovale-sucre-dorge\/#primaryimage\",\"url\":\"https:\/\/www.mimpishop.be\/wp-content\/uploads\/2026\/02\/IMG_9791-scaled.jpg\",\"contentUrl\":\"https:\/\/www.mimpishop.be\/wp-content\/uploads\/2026\/02\/IMG_9791-scaled.jpg\",\"width\":1920,\"height\":2560},{\"@type\":\"BreadcrumbList\",\"@id\":\"https:\/\/www.mimpishop.be\/en\/produit\/plateau-ovale-sucre-dorge\/#breadcrumb\",\"itemListElement\":[{\"@type\":\"ListItem\",\"position\":1,\"name\":\"Accueil\",\"item\":\"https:\/\/www.mimpishop.be\/en\/home\/\"},{\"@type\":\"ListItem\",\"position\":2,\"name\":\"Shop\",\"item\":\"https:\/\/www.mimpishop.be\/en\/shop\/\"},{\"@type\":\"ListItem\",\"position\":3,\"name\":\"Plateau ovale |\u00a0Sucre d&rsquo;orge\"}]},{\"@type\":\"WebSite\",\"@id\":\"https:\/\/www.mimpishop.be\/en\/#website\",\"url\":\"https:\/\/www.mimpishop.be\/en\/\",\"name\":\"Mimpi\",\"description\":\"Des Cr\u00e9ations Artisanales Pour Sublimer Votre Int\u00e9rieur !\",\"publisher\":{\"@id\":\"https:\/\/www.mimpishop.be\/en\/#organization\"},\"alternateName\":\"Mimpi\",\"potentialAction\":[{\"@type\":\"SearchAction\",\"target\":{\"@type\":\"EntryPoint\",\"urlTemplate\":\"https:\/\/www.mimpishop.be\/en\/?s={search_term_string}\"},\"query-input\":{\"@type\":\"PropertyValueSpecification\",\"valueRequired\":true,\"valueName\":\"search_term_string\"}}],\"inLanguage\":\"en-US\"},{\"@type\":\"Organization\",\"@id\":\"https:\/\/www.mimpishop.be\/en\/#organization\",\"name\":\"Mimpi\",\"alternateName\":\"Mimpi\",\"url\":\"https:\/\/www.mimpishop.be\/en\/\",\"logo\":{\"@type\":\"ImageObject\",\"inLanguage\":\"en-US\",\"@id\":\"https:\/\/www.mimpishop.be\/en\/#\/schema\/logo\/image\/\",\"url\":\"https:\/\/www.mimpishop.be\/wp-content\/uploads\/2023\/07\/logo-mimpi.svg\",\"contentUrl\":\"https:\/\/www.mimpishop.be\/wp-content\/uploads\/2023\/07\/logo-mimpi.svg\",\"width\":317,\"height\":147,\"caption\":\"Mimpi\"},\"image\":{\"@id\":\"https:\/\/www.mimpishop.be\/en\/#\/schema\/logo\/image\/\"},\"sameAs\":[\"https:\/\/www.facebook.com\/mimpibyjulie\/\",\"https:\/\/www.instagram.com\/mimpibyjulie\/\",\"https:\/\/www.tiktok.com\/@mimpishopjulie?_t=8dlMXK7DkAk&_r=1\"]}]}<\/script>\n<!-- \/ Yoast SEO plugin. -->","yoast_head_json":{"title":"Plateau ovale |\u00a0Sucre d'orge - Mimpi","robots":{"index":"index","follow":"follow","max-snippet":"max-snippet:-1","max-image-preview":"max-image-preview:large","max-video-preview":"max-video-preview:-1"},"canonical":"https:\/\/www.mimpishop.be\/en\/produit\/plateau-ovale-sucre-dorge\/","og_locale":"en_US","og_type":"article","og_title":"Plateau ovale |\u00a0Sucre d'orge - Mimpi","og_description":"Apportez une touche d\u2019\u00e9l\u00e9gance moderne \u00e0 votre int\u00e9rieur avec ce plateau ovale en jesmonite, inspir\u00e9 du terrazzo. Son fond blanc pur est parsem\u00e9 d\u2019\u00e9clats de Bordeau, jaune et gris, cr\u00e9ant un contraste doux et raffin\u00e9. Chaque pi\u00e8ce est enti\u00e8rement faite \u00e0 la main, rendant chaque motif unique.","og_url":"https:\/\/www.mimpishop.be\/en\/produit\/plateau-ovale-sucre-dorge\/","og_site_name":"Mimpi","article_publisher":"https:\/\/www.facebook.com\/mimpibyjulie\/","article_modified_time":"2026-02-03T17:16:00+00:00","og_image":[{"width":1920,"height":2560,"url":"https:\/\/www.mimpishop.be\/wp-content\/uploads\/2026\/02\/IMG_9791-scaled.jpg","type":"image\/jpeg"}],"schema":{"@context":"https:\/\/schema.org","@graph":[{"@type":"WebPage","@id":"https:\/\/www.mimpishop.be\/en\/produit\/plateau-ovale-sucre-dorge\/","url":"https:\/\/www.mimpishop.be\/en\/produit\/plateau-ovale-sucre-dorge\/","name":"Plateau ovale |\u00a0Sucre d'orge - Mimpi","isPartOf":{"@id":"https:\/\/www.mimpishop.be\/en\/#website"},"primaryImageOfPage":{"@id":"https:\/\/www.mimpishop.be\/en\/produit\/plateau-ovale-sucre-dorge\/#primaryimage"},"image":{"@id":"https:\/\/www.mimpishop.be\/en\/produit\/plateau-ovale-sucre-dorge\/#primaryimage"},"thumbnailUrl":"https:\/\/www.mimpishop.be\/wp-content\/uploads\/2026\/02\/IMG_9791-scaled.jpg","datePublished":"2026-02-03T17:14:35+00:00","dateModified":"2026-02-03T17:16:00+00:00","breadcrumb":{"@id":"https:\/\/www.mimpishop.be\/en\/produit\/plateau-ovale-sucre-dorge\/#breadcrumb"},"inLanguage":"en-US","potentialAction":[{"@type":"ReadAction","target":["https:\/\/www.mimpishop.be\/en\/produit\/plateau-ovale-sucre-dorge\/"]}]},{"@type":"ImageObject","inLanguage":"en-US","@id":"https:\/\/www.mimpishop.be\/en\/produit\/plateau-ovale-sucre-dorge\/#primaryimage","url":"https:\/\/www.mimpishop.be\/wp-content\/uploads\/2026\/02\/IMG_9791-scaled.jpg","contentUrl":"https:\/\/www.mimpishop.be\/wp-content\/uploads\/2026\/02\/IMG_9791-scaled.jpg","width":1920,"height":2560},{"@type":"BreadcrumbList","@id":"https:\/\/www.mimpishop.be\/en\/produit\/plateau-ovale-sucre-dorge\/#breadcrumb","itemListElement":[{"@type":"ListItem","position":1,"name":"Accueil","item":"https:\/\/www.mimpishop.be\/en\/home\/"},{"@type":"ListItem","position":2,"name":"Shop","item":"https:\/\/www.mimpishop.be\/en\/shop\/"},{"@type":"ListItem","position":3,"name":"Plateau ovale |\u00a0Sucre d&rsquo;orge"}]},{"@type":"WebSite","@id":"https:\/\/www.mimpishop.be\/en\/#website","url":"https:\/\/www.mimpishop.be\/en\/","name":"Mimpi","description":"Des Cr\u00e9ations Artisanales Pour Sublimer Votre Int\u00e9rieur !","publisher":{"@id":"https:\/\/www.mimpishop.be\/en\/#organization"},"alternateName":"Mimpi","potentialAction":[{"@type":"SearchAction","target":{"@type":"EntryPoint","urlTemplate":"https:\/\/www.mimpishop.be\/en\/?s={search_term_string}"},"query-input":{"@type":"PropertyValueSpecification","valueRequired":true,"valueName":"search_term_string"}}],"inLanguage":"en-US"},{"@type":"Organization","@id":"https:\/\/www.mimpishop.be\/en\/#organization","name":"Mimpi","alternateName":"Mimpi","url":"https:\/\/www.mimpishop.be\/en\/","logo":{"@type":"ImageObject","inLanguage":"en-US","@id":"https:\/\/www.mimpishop.be\/en\/#\/schema\/logo\/image\/","url":"https:\/\/www.mimpishop.be\/wp-content\/uploads\/2023\/07\/logo-mimpi.svg","contentUrl":"https:\/\/www.mimpishop.be\/wp-content\/uploads\/2023\/07\/logo-mimpi.svg","width":317,"height":147,"caption":"Mimpi"},"image":{"@id":"https:\/\/www.mimpishop.be\/en\/#\/schema\/logo\/image\/"},"sameAs":["https:\/\/www.facebook.com\/mimpibyjulie\/","https:\/\/www.instagram.com\/mimpibyjulie\/","https:\/\/www.tiktok.com\/@mimpishopjulie?_t=8dlMXK7DkAk&_r=1"]}]}},"_links":{"self":[{"href":"https:\/\/www.mimpishop.be\/en\/wp-json\/wp\/v2\/product\/5207","targetHints":{"allow":["GET"]}}],"collection":[{"href":"https:\/\/www.mimpishop.be\/en\/wp-json\/wp\/v2\/product"}],"about":[{"href":"https:\/\/www.mimpishop.be\/en\/wp-json\/wp\/v2\/types\/product"}],"wp:featuredmedia":[{"embeddable":true,"href":"https:\/\/www.mimpishop.be\/en\/wp-json\/wp\/v2\/media\/5063"}],"wp:attachment":[{"href":"https:\/\/www.mimpishop.be\/en\/wp-json\/wp\/v2\/media?parent=5207"}],"wp:term":[{"taxonomy":"product_cat","embeddable":true,"href":"https:\/\/www.mimpishop.be\/en\/wp-json\/wp\/v2\/product_cat?post=5207"},{"taxonomy":"product_tag","embeddable":true,"href":"https:\/\/www.mimpishop.be\/en\/wp-json\/wp\/v2\/product_tag?post=5207"}],"curies":[{"name":"wp","href":"https:\/\/api.w.org\/{rel}","templated":true}]}}