{"id":5216,"date":"2026-02-04T10:48:57","date_gmt":"2026-02-04T09:48:57","guid":{"rendered":"https:\/\/www.mimpishop.be\/?post_type=product&#038;p=5216"},"modified":"2026-02-04T10:50:23","modified_gmt":"2026-02-04T09:50:23","slug":"porte-savon-sucre-dorge","status":"publish","type":"product","link":"https:\/\/www.mimpishop.be\/en\/produit\/porte-savon-sucre-dorge\/","title":{"rendered":"Porte-Savon | Sucre d&#8217;orge"},"content":{"rendered":"<p>Compact, pratique et r\u00e9sistant \u00e0 l\u2019humidit\u00e9, il accueille votre savon tout en embellissant votre espace. Sa surface lisse et l\u00e9g\u00e8rement incurv\u00e9e permet un bon \u00e9coulement de l\u2019eau, pr\u00e9servant ainsi la dur\u00e9e de vie de votre savon.<\/p>\n<p>Mat\u00e9riau : Jesmonite \u2013 \u00e9co-responsable, r\u00e9sistant \u00e0 l\u2019eau\u2028<br \/>Couleurs : Bordeau, jaune et gris <br \/>Entretien : Nettoyer avec un chiffon doux et humide<\/p>\n<p>Ce petit accessoire d\u00e9coratif, fait main, allie esth\u00e9tisme et fonctionnalit\u00e9 pour une salle de bain aussi belle que pratique.<\/p>\n","protected":false},"excerpt":{"rendered":"<p>Apportez une touche de douceur et de modernit\u00e9 \u00e0 votre salle de bain avec ce porte-savon en jesmonite, r\u00e9alis\u00e9 dans un style terrazzo raffin\u00e9. Son fond bordeaux \u00e9clatant est ponctu\u00e9 d\u2019\u00e9clats de Bordeau, jaune et gris pour un rendu d\u00e9licat et tendance.<\/p>\n","protected":false},"featured_media":5119,"template":"","meta":[],"product_cat":[246,250,45],"product_tag":[],"class_list":{"0":"post-5216","1":"product","2":"type-product","3":"status-publish","4":"has-post-thumbnail","6":"product_cat-sucre-dorge","7":"product_cat-terrazzo-de-noel","8":"product_cat-categorie-porte-savon","10":"first","11":"instock","12":"taxable","13":"shipping-taxable","14":"purchasable","15":"product-type-simple"},"yoast_head":"<!-- This site is optimized with the Yoast SEO plugin v24.2 - https:\/\/yoast.com\/wordpress\/plugins\/seo\/ -->\n<title>Porte-Savon | Sucre d&#039;orge - Mimpi<\/title>\n<meta name=\"robots\" content=\"index, follow, max-snippet:-1, max-image-preview:large, max-video-preview:-1\" \/>\n<link rel=\"canonical\" href=\"https:\/\/www.mimpishop.be\/en\/produit\/porte-savon-sucre-dorge\/\" \/>\n<meta property=\"og:locale\" content=\"en_US\" \/>\n<meta property=\"og:type\" content=\"article\" \/>\n<meta property=\"og:title\" content=\"Porte-Savon | Sucre d&#039;orge - Mimpi\" \/>\n<meta property=\"og:description\" content=\"Apportez une touche de douceur et de modernit\u00e9 \u00e0 votre salle de bain avec ce porte-savon en jesmonite, r\u00e9alis\u00e9 dans un style terrazzo raffin\u00e9. Son fond bordeaux \u00e9clatant est ponctu\u00e9 d\u2019\u00e9clats de Bordeau, jaune et gris pour un rendu d\u00e9licat et tendance.\" \/>\n<meta property=\"og:url\" content=\"https:\/\/www.mimpishop.be\/en\/produit\/porte-savon-sucre-dorge\/\" \/>\n<meta property=\"og:site_name\" content=\"Mimpi\" \/>\n<meta property=\"article:publisher\" content=\"https:\/\/www.facebook.com\/mimpibyjulie\/\" \/>\n<meta property=\"article:modified_time\" content=\"2026-02-04T09:50:23+00:00\" \/>\n<meta property=\"og:image\" content=\"https:\/\/www.mimpishop.be\/wp-content\/uploads\/2026\/02\/IMG_9801-scaled.jpg\" \/>\n\t<meta property=\"og:image:width\" content=\"1920\" \/>\n\t<meta property=\"og:image:height\" content=\"2560\" \/>\n\t<meta property=\"og:image:type\" content=\"image\/jpeg\" \/>\n<script type=\"application\/ld+json\" class=\"yoast-schema-graph\">{\"@context\":\"https:\/\/schema.org\",\"@graph\":[{\"@type\":\"WebPage\",\"@id\":\"https:\/\/www.mimpishop.be\/en\/produit\/porte-savon-sucre-dorge\/\",\"url\":\"https:\/\/www.mimpishop.be\/en\/produit\/porte-savon-sucre-dorge\/\",\"name\":\"Porte-Savon | Sucre d'orge - Mimpi\",\"isPartOf\":{\"@id\":\"https:\/\/www.mimpishop.be\/en\/#website\"},\"primaryImageOfPage\":{\"@id\":\"https:\/\/www.mimpishop.be\/en\/produit\/porte-savon-sucre-dorge\/#primaryimage\"},\"image\":{\"@id\":\"https:\/\/www.mimpishop.be\/en\/produit\/porte-savon-sucre-dorge\/#primaryimage\"},\"thumbnailUrl\":\"https:\/\/www.mimpishop.be\/wp-content\/uploads\/2026\/02\/IMG_9801-scaled.jpg\",\"datePublished\":\"2026-02-04T09:48:57+00:00\",\"dateModified\":\"2026-02-04T09:50:23+00:00\",\"breadcrumb\":{\"@id\":\"https:\/\/www.mimpishop.be\/en\/produit\/porte-savon-sucre-dorge\/#breadcrumb\"},\"inLanguage\":\"en-US\",\"potentialAction\":[{\"@type\":\"ReadAction\",\"target\":[\"https:\/\/www.mimpishop.be\/en\/produit\/porte-savon-sucre-dorge\/\"]}]},{\"@type\":\"ImageObject\",\"inLanguage\":\"en-US\",\"@id\":\"https:\/\/www.mimpishop.be\/en\/produit\/porte-savon-sucre-dorge\/#primaryimage\",\"url\":\"https:\/\/www.mimpishop.be\/wp-content\/uploads\/2026\/02\/IMG_9801-scaled.jpg\",\"contentUrl\":\"https:\/\/www.mimpishop.be\/wp-content\/uploads\/2026\/02\/IMG_9801-scaled.jpg\",\"width\":1920,\"height\":2560},{\"@type\":\"BreadcrumbList\",\"@id\":\"https:\/\/www.mimpishop.be\/en\/produit\/porte-savon-sucre-dorge\/#breadcrumb\",\"itemListElement\":[{\"@type\":\"ListItem\",\"position\":1,\"name\":\"Accueil\",\"item\":\"https:\/\/www.mimpishop.be\/en\/home\/\"},{\"@type\":\"ListItem\",\"position\":2,\"name\":\"Shop\",\"item\":\"https:\/\/www.mimpishop.be\/en\/shop\/\"},{\"@type\":\"ListItem\",\"position\":3,\"name\":\"Porte-Savon | Sucre d&rsquo;orge\"}]},{\"@type\":\"WebSite\",\"@id\":\"https:\/\/www.mimpishop.be\/en\/#website\",\"url\":\"https:\/\/www.mimpishop.be\/en\/\",\"name\":\"Mimpi\",\"description\":\"Des Cr\u00e9ations Artisanales Pour Sublimer Votre Int\u00e9rieur !\",\"publisher\":{\"@id\":\"https:\/\/www.mimpishop.be\/en\/#organization\"},\"alternateName\":\"Mimpi\",\"potentialAction\":[{\"@type\":\"SearchAction\",\"target\":{\"@type\":\"EntryPoint\",\"urlTemplate\":\"https:\/\/www.mimpishop.be\/en\/?s={search_term_string}\"},\"query-input\":{\"@type\":\"PropertyValueSpecification\",\"valueRequired\":true,\"valueName\":\"search_term_string\"}}],\"inLanguage\":\"en-US\"},{\"@type\":\"Organization\",\"@id\":\"https:\/\/www.mimpishop.be\/en\/#organization\",\"name\":\"Mimpi\",\"alternateName\":\"Mimpi\",\"url\":\"https:\/\/www.mimpishop.be\/en\/\",\"logo\":{\"@type\":\"ImageObject\",\"inLanguage\":\"en-US\",\"@id\":\"https:\/\/www.mimpishop.be\/en\/#\/schema\/logo\/image\/\",\"url\":\"https:\/\/www.mimpishop.be\/wp-content\/uploads\/2023\/07\/logo-mimpi.svg\",\"contentUrl\":\"https:\/\/www.mimpishop.be\/wp-content\/uploads\/2023\/07\/logo-mimpi.svg\",\"width\":317,\"height\":147,\"caption\":\"Mimpi\"},\"image\":{\"@id\":\"https:\/\/www.mimpishop.be\/en\/#\/schema\/logo\/image\/\"},\"sameAs\":[\"https:\/\/www.facebook.com\/mimpibyjulie\/\",\"https:\/\/www.instagram.com\/mimpibyjulie\/\",\"https:\/\/www.tiktok.com\/@mimpishopjulie?_t=8dlMXK7DkAk&_r=1\"]}]}<\/script>\n<!-- \/ Yoast SEO plugin. -->","yoast_head_json":{"title":"Porte-Savon | Sucre d'orge - Mimpi","robots":{"index":"index","follow":"follow","max-snippet":"max-snippet:-1","max-image-preview":"max-image-preview:large","max-video-preview":"max-video-preview:-1"},"canonical":"https:\/\/www.mimpishop.be\/en\/produit\/porte-savon-sucre-dorge\/","og_locale":"en_US","og_type":"article","og_title":"Porte-Savon | Sucre d'orge - Mimpi","og_description":"Apportez une touche de douceur et de modernit\u00e9 \u00e0 votre salle de bain avec ce porte-savon en jesmonite, r\u00e9alis\u00e9 dans un style terrazzo raffin\u00e9. Son fond bordeaux \u00e9clatant est ponctu\u00e9 d\u2019\u00e9clats de Bordeau, jaune et gris pour un rendu d\u00e9licat et tendance.","og_url":"https:\/\/www.mimpishop.be\/en\/produit\/porte-savon-sucre-dorge\/","og_site_name":"Mimpi","article_publisher":"https:\/\/www.facebook.com\/mimpibyjulie\/","article_modified_time":"2026-02-04T09:50:23+00:00","og_image":[{"width":1920,"height":2560,"url":"https:\/\/www.mimpishop.be\/wp-content\/uploads\/2026\/02\/IMG_9801-scaled.jpg","type":"image\/jpeg"}],"schema":{"@context":"https:\/\/schema.org","@graph":[{"@type":"WebPage","@id":"https:\/\/www.mimpishop.be\/en\/produit\/porte-savon-sucre-dorge\/","url":"https:\/\/www.mimpishop.be\/en\/produit\/porte-savon-sucre-dorge\/","name":"Porte-Savon | Sucre d'orge - Mimpi","isPartOf":{"@id":"https:\/\/www.mimpishop.be\/en\/#website"},"primaryImageOfPage":{"@id":"https:\/\/www.mimpishop.be\/en\/produit\/porte-savon-sucre-dorge\/#primaryimage"},"image":{"@id":"https:\/\/www.mimpishop.be\/en\/produit\/porte-savon-sucre-dorge\/#primaryimage"},"thumbnailUrl":"https:\/\/www.mimpishop.be\/wp-content\/uploads\/2026\/02\/IMG_9801-scaled.jpg","datePublished":"2026-02-04T09:48:57+00:00","dateModified":"2026-02-04T09:50:23+00:00","breadcrumb":{"@id":"https:\/\/www.mimpishop.be\/en\/produit\/porte-savon-sucre-dorge\/#breadcrumb"},"inLanguage":"en-US","potentialAction":[{"@type":"ReadAction","target":["https:\/\/www.mimpishop.be\/en\/produit\/porte-savon-sucre-dorge\/"]}]},{"@type":"ImageObject","inLanguage":"en-US","@id":"https:\/\/www.mimpishop.be\/en\/produit\/porte-savon-sucre-dorge\/#primaryimage","url":"https:\/\/www.mimpishop.be\/wp-content\/uploads\/2026\/02\/IMG_9801-scaled.jpg","contentUrl":"https:\/\/www.mimpishop.be\/wp-content\/uploads\/2026\/02\/IMG_9801-scaled.jpg","width":1920,"height":2560},{"@type":"BreadcrumbList","@id":"https:\/\/www.mimpishop.be\/en\/produit\/porte-savon-sucre-dorge\/#breadcrumb","itemListElement":[{"@type":"ListItem","position":1,"name":"Accueil","item":"https:\/\/www.mimpishop.be\/en\/home\/"},{"@type":"ListItem","position":2,"name":"Shop","item":"https:\/\/www.mimpishop.be\/en\/shop\/"},{"@type":"ListItem","position":3,"name":"Porte-Savon | Sucre d&rsquo;orge"}]},{"@type":"WebSite","@id":"https:\/\/www.mimpishop.be\/en\/#website","url":"https:\/\/www.mimpishop.be\/en\/","name":"Mimpi","description":"Des Cr\u00e9ations Artisanales Pour Sublimer Votre Int\u00e9rieur !","publisher":{"@id":"https:\/\/www.mimpishop.be\/en\/#organization"},"alternateName":"Mimpi","potentialAction":[{"@type":"SearchAction","target":{"@type":"EntryPoint","urlTemplate":"https:\/\/www.mimpishop.be\/en\/?s={search_term_string}"},"query-input":{"@type":"PropertyValueSpecification","valueRequired":true,"valueName":"search_term_string"}}],"inLanguage":"en-US"},{"@type":"Organization","@id":"https:\/\/www.mimpishop.be\/en\/#organization","name":"Mimpi","alternateName":"Mimpi","url":"https:\/\/www.mimpishop.be\/en\/","logo":{"@type":"ImageObject","inLanguage":"en-US","@id":"https:\/\/www.mimpishop.be\/en\/#\/schema\/logo\/image\/","url":"https:\/\/www.mimpishop.be\/wp-content\/uploads\/2023\/07\/logo-mimpi.svg","contentUrl":"https:\/\/www.mimpishop.be\/wp-content\/uploads\/2023\/07\/logo-mimpi.svg","width":317,"height":147,"caption":"Mimpi"},"image":{"@id":"https:\/\/www.mimpishop.be\/en\/#\/schema\/logo\/image\/"},"sameAs":["https:\/\/www.facebook.com\/mimpibyjulie\/","https:\/\/www.instagram.com\/mimpibyjulie\/","https:\/\/www.tiktok.com\/@mimpishopjulie?_t=8dlMXK7DkAk&_r=1"]}]}},"_links":{"self":[{"href":"https:\/\/www.mimpishop.be\/en\/wp-json\/wp\/v2\/product\/5216","targetHints":{"allow":["GET"]}}],"collection":[{"href":"https:\/\/www.mimpishop.be\/en\/wp-json\/wp\/v2\/product"}],"about":[{"href":"https:\/\/www.mimpishop.be\/en\/wp-json\/wp\/v2\/types\/product"}],"wp:featuredmedia":[{"embeddable":true,"href":"https:\/\/www.mimpishop.be\/en\/wp-json\/wp\/v2\/media\/5119"}],"wp:attachment":[{"href":"https:\/\/www.mimpishop.be\/en\/wp-json\/wp\/v2\/media?parent=5216"}],"wp:term":[{"taxonomy":"product_cat","embeddable":true,"href":"https:\/\/www.mimpishop.be\/en\/wp-json\/wp\/v2\/product_cat?post=5216"},{"taxonomy":"product_tag","embeddable":true,"href":"https:\/\/www.mimpishop.be\/en\/wp-json\/wp\/v2\/product_tag?post=5216"}],"curies":[{"name":"wp","href":"https:\/\/api.w.org\/{rel}","templated":true}]}}