{"id":5328,"date":"2026-02-04T14:17:08","date_gmt":"2026-02-04T13:17:08","guid":{"rendered":"https:\/\/www.mimpishop.be\/?post_type=product&#038;p=5328"},"modified":"2026-03-14T11:46:00","modified_gmt":"2026-03-14T10:46:00","slug":"plateau-rond-xl-the-vert","status":"publish","type":"product","link":"https:\/\/www.mimpishop.be\/en\/produit\/plateau-rond-xl-the-vert\/","title":{"rendered":"Plateau Rond XL | Th\u00e9 Vert"},"content":{"rendered":"<p>Chaque plateau est une pi\u00e8ce unique, orn\u00e9e de variations subtiles dans le motif et la couleur, t\u00e9moignant de son caract\u00e8re fait main. Veuillez noter que l\u2019image illustrant le produit peut diff\u00e9rer l\u00e9g\u00e8rement de l\u2019article que vous recevrez, renfor\u00e7ant ainsi l\u2019unicit\u00e9 et le caract\u00e8re personnalis\u00e9 de chaque cr\u00e9ation.<\/p>\n<p>Parfait comme pi\u00e8ce ma\u00eetresse sur votre table basse ou comme plateau d\u00e9coratif sur une \u00e9tag\u00e8re, il offre une fusion parfaite entre art et fonctionnalit\u00e9 dans votre int\u00e9rieur.<\/p>\n<p>Explication de la mati\u00e8re<br \/>La Jesmonite est une r\u00e9sine compos\u00e9e d\u2019un liquide acrylique aqueux et d\u2019une base min\u00e9rale \u00e0 base de gypse (pierre \u00e0 pl\u00e2tre). Respectueuse de l\u2019environnement, elle ne comporte aucun produits chimiques nocifs. L\u00e9g\u00e8re, durable et r\u00e9sistante aux impacts et au feu, la Jesmonite est mon mat\u00e9riau de pr\u00e9dilection pour mes cr\u00e9ations.<\/p>\n<p>Entretien<br \/>Chaque article est individuellement coul\u00e9 \u00e0 la main, ponc\u00e9 et vernis. Ce qui le rend unique, la couleur et les motifs peuvent varier l\u00e9g\u00e8rement d\u2019un article \u00e0 un autre.Il peut \u00eatre nettoy\u00e9 avec un chiffon humide et un savon doux. L\u2019utilisation de produits de nettoyage agressifs ou d\u2019un frottement agressif endommagera la surface de votre pi\u00e8ce. Nous vous conseillons \u00e9galement d\u2019essuyer d\u00e8s que possible tous les contaminants forts tels que le vin ou le caf\u00e9.<\/p>\n<p>Exp\u00e9dition<br \/>Les produits faits \u00e0 la main prennent un peu plus de temps \u00e0 fabriquer et \u00e0 exp\u00e9dier (5 \u00e0 7 jours ouvrables), mais faites-nous confiance, cela en vaut la peine !Cependant, si vous \u00eates press\u00e9, contactez-nous par e-mail ou sur les r\u00e9seaux sociaux, et nous ferons de notre mieux pour acc\u00e9l\u00e9rer votre commande.<\/p>\n","protected":false},"excerpt":{"rendered":"<p>Plongez dans l\u2019\u00e9l\u00e9gance artisanale avec notre plateau en terrazzo de 30 cm de diam\u00e8tre, minutieusement confectionn\u00e9 \u00e0 la main dans notre atelier. Chaque pi\u00e8ce est fabriqu\u00e9e gr\u00e2ce \u00e0 une r\u00e9sine \u00e9cologique aux nuances captivantes de blanc sur fond vert sauge cr\u00e9ant ainsi un motif unique et irr\u00e9sistiblement moderne. Ce plateau non seulement embellit votre espace avec son esth\u00e9tique contemporaine, mais incarne \u00e9galement notre engagement envers la durabilit\u00e9 environnementale gr\u00e2ce \u00e0 l\u2019utilisation de mat\u00e9riaux \u00e9cologiques.<\/p>\n","protected":false},"featured_media":5704,"template":"","meta":[],"product_cat":[247,205],"product_tag":[],"class_list":{"0":"post-5328","1":"product","2":"type-product","3":"status-publish","4":"has-post-thumbnail","6":"product_cat-the-vert","7":"product_cat-plateau-rond-xl","9":"first","10":"instock","11":"taxable","12":"shipping-taxable","13":"purchasable","14":"product-type-simple"},"yoast_head":"<!-- This site is optimized with the Yoast SEO plugin v24.2 - https:\/\/yoast.com\/wordpress\/plugins\/seo\/ -->\n<title>Plateau Rond XL | Th\u00e9 Vert - Mimpi<\/title>\n<meta name=\"robots\" content=\"index, follow, max-snippet:-1, max-image-preview:large, max-video-preview:-1\" \/>\n<link rel=\"canonical\" href=\"https:\/\/www.mimpishop.be\/en\/produit\/plateau-rond-xl-the-vert\/\" \/>\n<meta property=\"og:locale\" content=\"en_US\" \/>\n<meta property=\"og:type\" content=\"article\" \/>\n<meta property=\"og:title\" content=\"Plateau Rond XL | Th\u00e9 Vert - Mimpi\" \/>\n<meta property=\"og:description\" content=\"Plongez dans l\u2019\u00e9l\u00e9gance artisanale avec notre plateau en terrazzo de 30 cm de diam\u00e8tre, minutieusement confectionn\u00e9 \u00e0 la main dans notre atelier. Chaque pi\u00e8ce est fabriqu\u00e9e gr\u00e2ce \u00e0 une r\u00e9sine \u00e9cologique aux nuances captivantes de blanc sur fond vert sauge cr\u00e9ant ainsi un motif unique et irr\u00e9sistiblement moderne. Ce plateau non seulement embellit votre espace avec son esth\u00e9tique contemporaine, mais incarne \u00e9galement notre engagement envers la durabilit\u00e9 environnementale gr\u00e2ce \u00e0 l\u2019utilisation de mat\u00e9riaux \u00e9cologiques.\" \/>\n<meta property=\"og:url\" content=\"https:\/\/www.mimpishop.be\/en\/produit\/plateau-rond-xl-the-vert\/\" \/>\n<meta property=\"og:site_name\" content=\"Mimpi\" \/>\n<meta property=\"article:publisher\" content=\"https:\/\/www.facebook.com\/mimpibyjulie\/\" \/>\n<meta property=\"article:modified_time\" content=\"2026-03-14T10:46:00+00:00\" \/>\n<meta property=\"og:image\" content=\"https:\/\/www.mimpishop.be\/wp-content\/uploads\/2026\/02\/IMG_9903-scaled.jpg\" \/>\n\t<meta property=\"og:image:width\" content=\"1920\" \/>\n\t<meta property=\"og:image:height\" content=\"2560\" \/>\n\t<meta property=\"og:image:type\" content=\"image\/jpeg\" \/>\n<script type=\"application\/ld+json\" class=\"yoast-schema-graph\">{\"@context\":\"https:\/\/schema.org\",\"@graph\":[{\"@type\":\"WebPage\",\"@id\":\"https:\/\/www.mimpishop.be\/en\/produit\/plateau-rond-xl-the-vert\/\",\"url\":\"https:\/\/www.mimpishop.be\/en\/produit\/plateau-rond-xl-the-vert\/\",\"name\":\"Plateau Rond XL | Th\u00e9 Vert - Mimpi\",\"isPartOf\":{\"@id\":\"https:\/\/www.mimpishop.be\/en\/#website\"},\"primaryImageOfPage\":{\"@id\":\"https:\/\/www.mimpishop.be\/en\/produit\/plateau-rond-xl-the-vert\/#primaryimage\"},\"image\":{\"@id\":\"https:\/\/www.mimpishop.be\/en\/produit\/plateau-rond-xl-the-vert\/#primaryimage\"},\"thumbnailUrl\":\"https:\/\/www.mimpishop.be\/wp-content\/uploads\/2026\/03\/ChatGPT-Image-14-mars-2026-11_45_20.png\",\"datePublished\":\"2026-02-04T13:17:08+00:00\",\"dateModified\":\"2026-03-14T10:46:00+00:00\",\"breadcrumb\":{\"@id\":\"https:\/\/www.mimpishop.be\/en\/produit\/plateau-rond-xl-the-vert\/#breadcrumb\"},\"inLanguage\":\"en-US\",\"potentialAction\":[{\"@type\":\"ReadAction\",\"target\":[\"https:\/\/www.mimpishop.be\/en\/produit\/plateau-rond-xl-the-vert\/\"]}]},{\"@type\":\"ImageObject\",\"inLanguage\":\"en-US\",\"@id\":\"https:\/\/www.mimpishop.be\/en\/produit\/plateau-rond-xl-the-vert\/#primaryimage\",\"url\":\"https:\/\/www.mimpishop.be\/wp-content\/uploads\/2026\/03\/ChatGPT-Image-14-mars-2026-11_45_20.png\",\"contentUrl\":\"https:\/\/www.mimpishop.be\/wp-content\/uploads\/2026\/03\/ChatGPT-Image-14-mars-2026-11_45_20.png\",\"width\":1024,\"height\":1536},{\"@type\":\"BreadcrumbList\",\"@id\":\"https:\/\/www.mimpishop.be\/en\/produit\/plateau-rond-xl-the-vert\/#breadcrumb\",\"itemListElement\":[{\"@type\":\"ListItem\",\"position\":1,\"name\":\"Accueil\",\"item\":\"https:\/\/www.mimpishop.be\/en\/home\/\"},{\"@type\":\"ListItem\",\"position\":2,\"name\":\"Shop\",\"item\":\"https:\/\/www.mimpishop.be\/en\/shop\/\"},{\"@type\":\"ListItem\",\"position\":3,\"name\":\"Plateau Rond XL | Th\u00e9 Vert\"}]},{\"@type\":\"WebSite\",\"@id\":\"https:\/\/www.mimpishop.be\/en\/#website\",\"url\":\"https:\/\/www.mimpishop.be\/en\/\",\"name\":\"Mimpi\",\"description\":\"Des Cr\u00e9ations Artisanales Pour Sublimer Votre Int\u00e9rieur !\",\"publisher\":{\"@id\":\"https:\/\/www.mimpishop.be\/en\/#organization\"},\"alternateName\":\"Mimpi\",\"potentialAction\":[{\"@type\":\"SearchAction\",\"target\":{\"@type\":\"EntryPoint\",\"urlTemplate\":\"https:\/\/www.mimpishop.be\/en\/?s={search_term_string}\"},\"query-input\":{\"@type\":\"PropertyValueSpecification\",\"valueRequired\":true,\"valueName\":\"search_term_string\"}}],\"inLanguage\":\"en-US\"},{\"@type\":\"Organization\",\"@id\":\"https:\/\/www.mimpishop.be\/en\/#organization\",\"name\":\"Mimpi\",\"alternateName\":\"Mimpi\",\"url\":\"https:\/\/www.mimpishop.be\/en\/\",\"logo\":{\"@type\":\"ImageObject\",\"inLanguage\":\"en-US\",\"@id\":\"https:\/\/www.mimpishop.be\/en\/#\/schema\/logo\/image\/\",\"url\":\"https:\/\/www.mimpishop.be\/wp-content\/uploads\/2023\/07\/logo-mimpi.svg\",\"contentUrl\":\"https:\/\/www.mimpishop.be\/wp-content\/uploads\/2023\/07\/logo-mimpi.svg\",\"width\":317,\"height\":147,\"caption\":\"Mimpi\"},\"image\":{\"@id\":\"https:\/\/www.mimpishop.be\/en\/#\/schema\/logo\/image\/\"},\"sameAs\":[\"https:\/\/www.facebook.com\/mimpibyjulie\/\",\"https:\/\/www.instagram.com\/mimpibyjulie\/\",\"https:\/\/www.tiktok.com\/@mimpishopjulie?_t=8dlMXK7DkAk&_r=1\"]}]}<\/script>\n<!-- \/ Yoast SEO plugin. -->","yoast_head_json":{"title":"Plateau Rond XL | Th\u00e9 Vert - Mimpi","robots":{"index":"index","follow":"follow","max-snippet":"max-snippet:-1","max-image-preview":"max-image-preview:large","max-video-preview":"max-video-preview:-1"},"canonical":"https:\/\/www.mimpishop.be\/en\/produit\/plateau-rond-xl-the-vert\/","og_locale":"en_US","og_type":"article","og_title":"Plateau Rond XL | Th\u00e9 Vert - Mimpi","og_description":"Plongez dans l\u2019\u00e9l\u00e9gance artisanale avec notre plateau en terrazzo de 30 cm de diam\u00e8tre, minutieusement confectionn\u00e9 \u00e0 la main dans notre atelier. Chaque pi\u00e8ce est fabriqu\u00e9e gr\u00e2ce \u00e0 une r\u00e9sine \u00e9cologique aux nuances captivantes de blanc sur fond vert sauge cr\u00e9ant ainsi un motif unique et irr\u00e9sistiblement moderne. Ce plateau non seulement embellit votre espace avec son esth\u00e9tique contemporaine, mais incarne \u00e9galement notre engagement envers la durabilit\u00e9 environnementale gr\u00e2ce \u00e0 l\u2019utilisation de mat\u00e9riaux \u00e9cologiques.","og_url":"https:\/\/www.mimpishop.be\/en\/produit\/plateau-rond-xl-the-vert\/","og_site_name":"Mimpi","article_publisher":"https:\/\/www.facebook.com\/mimpibyjulie\/","article_modified_time":"2026-03-14T10:46:00+00:00","og_image":[{"width":1920,"height":2560,"url":"https:\/\/www.mimpishop.be\/wp-content\/uploads\/2026\/02\/IMG_9903-scaled.jpg","type":"image\/jpeg"}],"schema":{"@context":"https:\/\/schema.org","@graph":[{"@type":"WebPage","@id":"https:\/\/www.mimpishop.be\/en\/produit\/plateau-rond-xl-the-vert\/","url":"https:\/\/www.mimpishop.be\/en\/produit\/plateau-rond-xl-the-vert\/","name":"Plateau Rond XL | Th\u00e9 Vert - Mimpi","isPartOf":{"@id":"https:\/\/www.mimpishop.be\/en\/#website"},"primaryImageOfPage":{"@id":"https:\/\/www.mimpishop.be\/en\/produit\/plateau-rond-xl-the-vert\/#primaryimage"},"image":{"@id":"https:\/\/www.mimpishop.be\/en\/produit\/plateau-rond-xl-the-vert\/#primaryimage"},"thumbnailUrl":"https:\/\/www.mimpishop.be\/wp-content\/uploads\/2026\/03\/ChatGPT-Image-14-mars-2026-11_45_20.png","datePublished":"2026-02-04T13:17:08+00:00","dateModified":"2026-03-14T10:46:00+00:00","breadcrumb":{"@id":"https:\/\/www.mimpishop.be\/en\/produit\/plateau-rond-xl-the-vert\/#breadcrumb"},"inLanguage":"en-US","potentialAction":[{"@type":"ReadAction","target":["https:\/\/www.mimpishop.be\/en\/produit\/plateau-rond-xl-the-vert\/"]}]},{"@type":"ImageObject","inLanguage":"en-US","@id":"https:\/\/www.mimpishop.be\/en\/produit\/plateau-rond-xl-the-vert\/#primaryimage","url":"https:\/\/www.mimpishop.be\/wp-content\/uploads\/2026\/03\/ChatGPT-Image-14-mars-2026-11_45_20.png","contentUrl":"https:\/\/www.mimpishop.be\/wp-content\/uploads\/2026\/03\/ChatGPT-Image-14-mars-2026-11_45_20.png","width":1024,"height":1536},{"@type":"BreadcrumbList","@id":"https:\/\/www.mimpishop.be\/en\/produit\/plateau-rond-xl-the-vert\/#breadcrumb","itemListElement":[{"@type":"ListItem","position":1,"name":"Accueil","item":"https:\/\/www.mimpishop.be\/en\/home\/"},{"@type":"ListItem","position":2,"name":"Shop","item":"https:\/\/www.mimpishop.be\/en\/shop\/"},{"@type":"ListItem","position":3,"name":"Plateau Rond XL | Th\u00e9 Vert"}]},{"@type":"WebSite","@id":"https:\/\/www.mimpishop.be\/en\/#website","url":"https:\/\/www.mimpishop.be\/en\/","name":"Mimpi","description":"Des Cr\u00e9ations Artisanales Pour Sublimer Votre Int\u00e9rieur !","publisher":{"@id":"https:\/\/www.mimpishop.be\/en\/#organization"},"alternateName":"Mimpi","potentialAction":[{"@type":"SearchAction","target":{"@type":"EntryPoint","urlTemplate":"https:\/\/www.mimpishop.be\/en\/?s={search_term_string}"},"query-input":{"@type":"PropertyValueSpecification","valueRequired":true,"valueName":"search_term_string"}}],"inLanguage":"en-US"},{"@type":"Organization","@id":"https:\/\/www.mimpishop.be\/en\/#organization","name":"Mimpi","alternateName":"Mimpi","url":"https:\/\/www.mimpishop.be\/en\/","logo":{"@type":"ImageObject","inLanguage":"en-US","@id":"https:\/\/www.mimpishop.be\/en\/#\/schema\/logo\/image\/","url":"https:\/\/www.mimpishop.be\/wp-content\/uploads\/2023\/07\/logo-mimpi.svg","contentUrl":"https:\/\/www.mimpishop.be\/wp-content\/uploads\/2023\/07\/logo-mimpi.svg","width":317,"height":147,"caption":"Mimpi"},"image":{"@id":"https:\/\/www.mimpishop.be\/en\/#\/schema\/logo\/image\/"},"sameAs":["https:\/\/www.facebook.com\/mimpibyjulie\/","https:\/\/www.instagram.com\/mimpibyjulie\/","https:\/\/www.tiktok.com\/@mimpishopjulie?_t=8dlMXK7DkAk&_r=1"]}]}},"_links":{"self":[{"href":"https:\/\/www.mimpishop.be\/en\/wp-json\/wp\/v2\/product\/5328","targetHints":{"allow":["GET"]}}],"collection":[{"href":"https:\/\/www.mimpishop.be\/en\/wp-json\/wp\/v2\/product"}],"about":[{"href":"https:\/\/www.mimpishop.be\/en\/wp-json\/wp\/v2\/types\/product"}],"wp:featuredmedia":[{"embeddable":true,"href":"https:\/\/www.mimpishop.be\/en\/wp-json\/wp\/v2\/media\/5704"}],"wp:attachment":[{"href":"https:\/\/www.mimpishop.be\/en\/wp-json\/wp\/v2\/media?parent=5328"}],"wp:term":[{"taxonomy":"product_cat","embeddable":true,"href":"https:\/\/www.mimpishop.be\/en\/wp-json\/wp\/v2\/product_cat?post=5328"},{"taxonomy":"product_tag","embeddable":true,"href":"https:\/\/www.mimpishop.be\/en\/wp-json\/wp\/v2\/product_tag?post=5328"}],"curies":[{"name":"wp","href":"https:\/\/api.w.org\/{rel}","templated":true}]}}