{"id":5334,"date":"2026-02-04T15:12:29","date_gmt":"2026-02-04T14:12:29","guid":{"rendered":"https:\/\/www.mimpishop.be\/?post_type=product&#038;p=5334"},"modified":"2026-03-13T14:46:57","modified_gmt":"2026-03-13T13:46:57","slug":"vase-terrazzo-citron-vert","status":"publish","type":"product","link":"https:\/\/www.mimpishop.be\/en\/produit\/vase-terrazzo-citron-vert\/","title":{"rendered":"Vase Terrazzo | Citron-Vert"},"content":{"rendered":"","protected":false},"excerpt":{"rendered":"<p>Lumineux et plein de fra\u00eecheur, ce vase au fond blanc est d\u00e9licatement parsem\u00e9 d\u2019\u00e9clats terrazzo jaunes et verts.<br \/>Chaque pi\u00e8ce est fabriqu\u00e9e \u00e0 la main, ce qui rend chaque motif unique. Les \u00e9clats se placent diff\u00e9remment \u00e0 chaque cr\u00e9ation, faisant de votre vase un objet singulier.<br \/>\u00c0 la fois d\u00e9coratif et fonctionnel, il peut accueillir des fleurs fra\u00eeches et contenir de l\u2019eau en toute s\u00e9curit\u00e9. Id\u00e9al pour mettre en valeur un bouquet color\u00e9, quelques tiges minimalistes ou simplement pour apporter une touche lumineuse \u00e0 votre int\u00e9rieur.<br \/>Un objet artisanal, durable et intemporel \u2014 imagin\u00e9 et fa\u00e7onn\u00e9 par Mimpi.<\/p>\n","protected":false},"featured_media":5676,"template":"","meta":[],"product_cat":[225,234,20,125],"product_tag":[],"class_list":{"0":"post-5334","1":"product","2":"type-product","3":"status-publish","4":"has-post-thumbnail","6":"product_cat-decoration-2","7":"product_cat-fleur-doranger","8":"product_cat-categorie-vases","9":"product_cat-vase-terrazzo","11":"first","12":"instock","13":"taxable","14":"shipping-taxable","15":"purchasable","16":"product-type-simple"},"yoast_head":"<!-- This site is optimized with the Yoast SEO plugin v24.2 - https:\/\/yoast.com\/wordpress\/plugins\/seo\/ -->\n<title>Vase Terrazzo | Citron-Vert - Mimpi<\/title>\n<meta name=\"robots\" content=\"index, follow, max-snippet:-1, max-image-preview:large, max-video-preview:-1\" \/>\n<link rel=\"canonical\" href=\"https:\/\/www.mimpishop.be\/en\/produit\/vase-terrazzo-citron-vert\/\" \/>\n<meta property=\"og:locale\" content=\"en_US\" \/>\n<meta property=\"og:type\" content=\"article\" \/>\n<meta property=\"og:title\" content=\"Vase Terrazzo | Citron-Vert - Mimpi\" \/>\n<meta property=\"og:description\" content=\"Lumineux et plein de fra\u00eecheur, ce vase au fond blanc est d\u00e9licatement parsem\u00e9 d\u2019\u00e9clats terrazzo jaunes et verts.Chaque pi\u00e8ce est fabriqu\u00e9e \u00e0 la main, ce qui rend chaque motif unique. Les \u00e9clats se placent diff\u00e9remment \u00e0 chaque cr\u00e9ation, faisant de votre vase un objet singulier.\u00c0 la fois d\u00e9coratif et fonctionnel, il peut accueillir des fleurs fra\u00eeches et contenir de l\u2019eau en toute s\u00e9curit\u00e9. Id\u00e9al pour mettre en valeur un bouquet color\u00e9, quelques tiges minimalistes ou simplement pour apporter une touche lumineuse \u00e0 votre int\u00e9rieur.Un objet artisanal, durable et intemporel \u2014 imagin\u00e9 et fa\u00e7onn\u00e9 par Mimpi.\" \/>\n<meta property=\"og:url\" content=\"https:\/\/www.mimpishop.be\/en\/produit\/vase-terrazzo-citron-vert\/\" \/>\n<meta property=\"og:site_name\" content=\"Mimpi\" \/>\n<meta property=\"article:publisher\" content=\"https:\/\/www.facebook.com\/mimpibyjulie\/\" \/>\n<meta property=\"article:modified_time\" content=\"2026-03-13T13:46:57+00:00\" \/>\n<meta property=\"og:image\" content=\"https:\/\/www.mimpishop.be\/wp-content\/uploads\/2026\/02\/IMG_9908-scaled.jpg\" \/>\n\t<meta property=\"og:image:width\" content=\"1920\" \/>\n\t<meta property=\"og:image:height\" content=\"2560\" \/>\n\t<meta property=\"og:image:type\" content=\"image\/jpeg\" \/>\n<script type=\"application\/ld+json\" class=\"yoast-schema-graph\">{\"@context\":\"https:\/\/schema.org\",\"@graph\":[{\"@type\":\"WebPage\",\"@id\":\"https:\/\/www.mimpishop.be\/en\/produit\/vase-terrazzo-citron-vert\/\",\"url\":\"https:\/\/www.mimpishop.be\/en\/produit\/vase-terrazzo-citron-vert\/\",\"name\":\"Vase Terrazzo | Citron-Vert - Mimpi\",\"isPartOf\":{\"@id\":\"https:\/\/www.mimpishop.be\/en\/#website\"},\"primaryImageOfPage\":{\"@id\":\"https:\/\/www.mimpishop.be\/en\/produit\/vase-terrazzo-citron-vert\/#primaryimage\"},\"image\":{\"@id\":\"https:\/\/www.mimpishop.be\/en\/produit\/vase-terrazzo-citron-vert\/#primaryimage\"},\"thumbnailUrl\":\"https:\/\/www.mimpishop.be\/wp-content\/uploads\/2026\/03\/ChatGPT-Image-13-mars-2026-14_46_27.png\",\"datePublished\":\"2026-02-04T14:12:29+00:00\",\"dateModified\":\"2026-03-13T13:46:57+00:00\",\"breadcrumb\":{\"@id\":\"https:\/\/www.mimpishop.be\/en\/produit\/vase-terrazzo-citron-vert\/#breadcrumb\"},\"inLanguage\":\"en-US\",\"potentialAction\":[{\"@type\":\"ReadAction\",\"target\":[\"https:\/\/www.mimpishop.be\/en\/produit\/vase-terrazzo-citron-vert\/\"]}]},{\"@type\":\"ImageObject\",\"inLanguage\":\"en-US\",\"@id\":\"https:\/\/www.mimpishop.be\/en\/produit\/vase-terrazzo-citron-vert\/#primaryimage\",\"url\":\"https:\/\/www.mimpishop.be\/wp-content\/uploads\/2026\/03\/ChatGPT-Image-13-mars-2026-14_46_27.png\",\"contentUrl\":\"https:\/\/www.mimpishop.be\/wp-content\/uploads\/2026\/03\/ChatGPT-Image-13-mars-2026-14_46_27.png\",\"width\":1024,\"height\":1536},{\"@type\":\"BreadcrumbList\",\"@id\":\"https:\/\/www.mimpishop.be\/en\/produit\/vase-terrazzo-citron-vert\/#breadcrumb\",\"itemListElement\":[{\"@type\":\"ListItem\",\"position\":1,\"name\":\"Accueil\",\"item\":\"https:\/\/www.mimpishop.be\/en\/home\/\"},{\"@type\":\"ListItem\",\"position\":2,\"name\":\"Shop\",\"item\":\"https:\/\/www.mimpishop.be\/en\/shop\/\"},{\"@type\":\"ListItem\",\"position\":3,\"name\":\"Vase Terrazzo | Citron-Vert\"}]},{\"@type\":\"WebSite\",\"@id\":\"https:\/\/www.mimpishop.be\/en\/#website\",\"url\":\"https:\/\/www.mimpishop.be\/en\/\",\"name\":\"Mimpi\",\"description\":\"Des Cr\u00e9ations Artisanales Pour Sublimer Votre Int\u00e9rieur !\",\"publisher\":{\"@id\":\"https:\/\/www.mimpishop.be\/en\/#organization\"},\"alternateName\":\"Mimpi\",\"potentialAction\":[{\"@type\":\"SearchAction\",\"target\":{\"@type\":\"EntryPoint\",\"urlTemplate\":\"https:\/\/www.mimpishop.be\/en\/?s={search_term_string}\"},\"query-input\":{\"@type\":\"PropertyValueSpecification\",\"valueRequired\":true,\"valueName\":\"search_term_string\"}}],\"inLanguage\":\"en-US\"},{\"@type\":\"Organization\",\"@id\":\"https:\/\/www.mimpishop.be\/en\/#organization\",\"name\":\"Mimpi\",\"alternateName\":\"Mimpi\",\"url\":\"https:\/\/www.mimpishop.be\/en\/\",\"logo\":{\"@type\":\"ImageObject\",\"inLanguage\":\"en-US\",\"@id\":\"https:\/\/www.mimpishop.be\/en\/#\/schema\/logo\/image\/\",\"url\":\"https:\/\/www.mimpishop.be\/wp-content\/uploads\/2023\/07\/logo-mimpi.svg\",\"contentUrl\":\"https:\/\/www.mimpishop.be\/wp-content\/uploads\/2023\/07\/logo-mimpi.svg\",\"width\":317,\"height\":147,\"caption\":\"Mimpi\"},\"image\":{\"@id\":\"https:\/\/www.mimpishop.be\/en\/#\/schema\/logo\/image\/\"},\"sameAs\":[\"https:\/\/www.facebook.com\/mimpibyjulie\/\",\"https:\/\/www.instagram.com\/mimpibyjulie\/\",\"https:\/\/www.tiktok.com\/@mimpishopjulie?_t=8dlMXK7DkAk&_r=1\"]}]}<\/script>\n<!-- \/ Yoast SEO plugin. -->","yoast_head_json":{"title":"Vase Terrazzo | Citron-Vert - Mimpi","robots":{"index":"index","follow":"follow","max-snippet":"max-snippet:-1","max-image-preview":"max-image-preview:large","max-video-preview":"max-video-preview:-1"},"canonical":"https:\/\/www.mimpishop.be\/en\/produit\/vase-terrazzo-citron-vert\/","og_locale":"en_US","og_type":"article","og_title":"Vase Terrazzo | Citron-Vert - Mimpi","og_description":"Lumineux et plein de fra\u00eecheur, ce vase au fond blanc est d\u00e9licatement parsem\u00e9 d\u2019\u00e9clats terrazzo jaunes et verts.Chaque pi\u00e8ce est fabriqu\u00e9e \u00e0 la main, ce qui rend chaque motif unique. Les \u00e9clats se placent diff\u00e9remment \u00e0 chaque cr\u00e9ation, faisant de votre vase un objet singulier.\u00c0 la fois d\u00e9coratif et fonctionnel, il peut accueillir des fleurs fra\u00eeches et contenir de l\u2019eau en toute s\u00e9curit\u00e9. Id\u00e9al pour mettre en valeur un bouquet color\u00e9, quelques tiges minimalistes ou simplement pour apporter une touche lumineuse \u00e0 votre int\u00e9rieur.Un objet artisanal, durable et intemporel \u2014 imagin\u00e9 et fa\u00e7onn\u00e9 par Mimpi.","og_url":"https:\/\/www.mimpishop.be\/en\/produit\/vase-terrazzo-citron-vert\/","og_site_name":"Mimpi","article_publisher":"https:\/\/www.facebook.com\/mimpibyjulie\/","article_modified_time":"2026-03-13T13:46:57+00:00","og_image":[{"width":1920,"height":2560,"url":"https:\/\/www.mimpishop.be\/wp-content\/uploads\/2026\/02\/IMG_9908-scaled.jpg","type":"image\/jpeg"}],"schema":{"@context":"https:\/\/schema.org","@graph":[{"@type":"WebPage","@id":"https:\/\/www.mimpishop.be\/en\/produit\/vase-terrazzo-citron-vert\/","url":"https:\/\/www.mimpishop.be\/en\/produit\/vase-terrazzo-citron-vert\/","name":"Vase Terrazzo | Citron-Vert - Mimpi","isPartOf":{"@id":"https:\/\/www.mimpishop.be\/en\/#website"},"primaryImageOfPage":{"@id":"https:\/\/www.mimpishop.be\/en\/produit\/vase-terrazzo-citron-vert\/#primaryimage"},"image":{"@id":"https:\/\/www.mimpishop.be\/en\/produit\/vase-terrazzo-citron-vert\/#primaryimage"},"thumbnailUrl":"https:\/\/www.mimpishop.be\/wp-content\/uploads\/2026\/03\/ChatGPT-Image-13-mars-2026-14_46_27.png","datePublished":"2026-02-04T14:12:29+00:00","dateModified":"2026-03-13T13:46:57+00:00","breadcrumb":{"@id":"https:\/\/www.mimpishop.be\/en\/produit\/vase-terrazzo-citron-vert\/#breadcrumb"},"inLanguage":"en-US","potentialAction":[{"@type":"ReadAction","target":["https:\/\/www.mimpishop.be\/en\/produit\/vase-terrazzo-citron-vert\/"]}]},{"@type":"ImageObject","inLanguage":"en-US","@id":"https:\/\/www.mimpishop.be\/en\/produit\/vase-terrazzo-citron-vert\/#primaryimage","url":"https:\/\/www.mimpishop.be\/wp-content\/uploads\/2026\/03\/ChatGPT-Image-13-mars-2026-14_46_27.png","contentUrl":"https:\/\/www.mimpishop.be\/wp-content\/uploads\/2026\/03\/ChatGPT-Image-13-mars-2026-14_46_27.png","width":1024,"height":1536},{"@type":"BreadcrumbList","@id":"https:\/\/www.mimpishop.be\/en\/produit\/vase-terrazzo-citron-vert\/#breadcrumb","itemListElement":[{"@type":"ListItem","position":1,"name":"Accueil","item":"https:\/\/www.mimpishop.be\/en\/home\/"},{"@type":"ListItem","position":2,"name":"Shop","item":"https:\/\/www.mimpishop.be\/en\/shop\/"},{"@type":"ListItem","position":3,"name":"Vase Terrazzo | Citron-Vert"}]},{"@type":"WebSite","@id":"https:\/\/www.mimpishop.be\/en\/#website","url":"https:\/\/www.mimpishop.be\/en\/","name":"Mimpi","description":"Des Cr\u00e9ations Artisanales Pour Sublimer Votre Int\u00e9rieur !","publisher":{"@id":"https:\/\/www.mimpishop.be\/en\/#organization"},"alternateName":"Mimpi","potentialAction":[{"@type":"SearchAction","target":{"@type":"EntryPoint","urlTemplate":"https:\/\/www.mimpishop.be\/en\/?s={search_term_string}"},"query-input":{"@type":"PropertyValueSpecification","valueRequired":true,"valueName":"search_term_string"}}],"inLanguage":"en-US"},{"@type":"Organization","@id":"https:\/\/www.mimpishop.be\/en\/#organization","name":"Mimpi","alternateName":"Mimpi","url":"https:\/\/www.mimpishop.be\/en\/","logo":{"@type":"ImageObject","inLanguage":"en-US","@id":"https:\/\/www.mimpishop.be\/en\/#\/schema\/logo\/image\/","url":"https:\/\/www.mimpishop.be\/wp-content\/uploads\/2023\/07\/logo-mimpi.svg","contentUrl":"https:\/\/www.mimpishop.be\/wp-content\/uploads\/2023\/07\/logo-mimpi.svg","width":317,"height":147,"caption":"Mimpi"},"image":{"@id":"https:\/\/www.mimpishop.be\/en\/#\/schema\/logo\/image\/"},"sameAs":["https:\/\/www.facebook.com\/mimpibyjulie\/","https:\/\/www.instagram.com\/mimpibyjulie\/","https:\/\/www.tiktok.com\/@mimpishopjulie?_t=8dlMXK7DkAk&_r=1"]}]}},"_links":{"self":[{"href":"https:\/\/www.mimpishop.be\/en\/wp-json\/wp\/v2\/product\/5334","targetHints":{"allow":["GET"]}}],"collection":[{"href":"https:\/\/www.mimpishop.be\/en\/wp-json\/wp\/v2\/product"}],"about":[{"href":"https:\/\/www.mimpishop.be\/en\/wp-json\/wp\/v2\/types\/product"}],"wp:featuredmedia":[{"embeddable":true,"href":"https:\/\/www.mimpishop.be\/en\/wp-json\/wp\/v2\/media\/5676"}],"wp:attachment":[{"href":"https:\/\/www.mimpishop.be\/en\/wp-json\/wp\/v2\/media?parent=5334"}],"wp:term":[{"taxonomy":"product_cat","embeddable":true,"href":"https:\/\/www.mimpishop.be\/en\/wp-json\/wp\/v2\/product_cat?post=5334"},{"taxonomy":"product_tag","embeddable":true,"href":"https:\/\/www.mimpishop.be\/en\/wp-json\/wp\/v2\/product_tag?post=5334"}],"curies":[{"name":"wp","href":"https:\/\/api.w.org\/{rel}","templated":true}]}}