{"id":5348,"date":"2026-02-05T11:10:24","date_gmt":"2026-02-05T10:10:24","guid":{"rendered":"https:\/\/www.mimpishop.be\/?post_type=product&#038;p=5348"},"modified":"2026-03-12T16:29:04","modified_gmt":"2026-03-12T15:29:04","slug":"recharge-citron-vert","status":"publish","type":"product","link":"https:\/\/www.mimpishop.be\/en\/produit\/recharge-citron-vert\/","title":{"rendered":"Recharge | Citron Vert"},"content":{"rendered":"<p>Fabriqu\u00e9e \u00e0 partir de <strong>cire de soja<\/strong>, elle assure une combustion propre et homog\u00e8ne pendant environ <strong>50 heures<\/strong>. Sa <strong>m\u00e8che en bois<\/strong> diffuse une flamme douce accompagn\u00e9e d\u2019un l\u00e9ger cr\u00e9pitement chaleureux.<br \/>Le parfum, \u00e9labor\u00e9 \u00e0 <strong>Grasse<\/strong>, r\u00e9v\u00e8le des notes vives et zest\u00e9es de citron vert pour une ambiance fra\u00eeche et raffin\u00e9e.<\/p>\n<p><img decoding=\"async\" role=\"img\" class=\"emoji\" src=\"https:\/\/s.w.org\/images\/core\/emoji\/17.0.2\/svg\/2728.svg\" alt=\"\u2728\"> 50h de combustion<br \/><img decoding=\"async\" role=\"img\" class=\"emoji\" src=\"https:\/\/s.w.org\/images\/core\/emoji\/17.0.2\/svg\/2728.svg\" alt=\"\u2728\"> Cire de soja<br \/><img decoding=\"async\" role=\"img\" class=\"emoji\" src=\"https:\/\/s.w.org\/images\/core\/emoji\/17.0.2\/svg\/2728.svg\" alt=\"\u2728\"> M\u00e8che en bois<br \/><img decoding=\"async\" role=\"img\" class=\"emoji\" src=\"https:\/\/s.w.org\/images\/core\/emoji\/17.0.2\/svg\/2728.svg\" alt=\"\u2728\"> Parfum de Grasse<br \/><img decoding=\"async\" role=\"img\" class=\"emoji\" src=\"https:\/\/s.w.org\/images\/core\/emoji\/17.0.2\/svg\/2728.svg\" alt=\"\u2728\"> Compatible uniquement avec les pots Mimpi<\/p>\n<p>Rechargez, rallumez, profitez.<\/p>\n","protected":false},"excerpt":{"rendered":"<p>Offrez une seconde vie \u00e0 votre bougie Mimpi avec notre recharge parfum\u00e9e au <strong>citron vert<\/strong>. Une fragrance fra\u00eeche, p\u00e9tillante et lumineuse qui apporte instantan\u00e9ment une sensation de puret\u00e9 et d\u2019\u00e9nergie \u00e0 votre int\u00e9rieur.<\/p>\n<p>Cette recharge est <strong>exclusivement compatible avec les pots Mimpi<\/strong>, con\u00e7us pour \u00eatre r\u00e9utilis\u00e9s encore et encore. Une d\u00e9marche durable, \u00e9l\u00e9gante et responsable.<\/p>\n","protected":false},"featured_media":5465,"template":"","meta":[],"product_cat":[228,37],"product_tag":[],"class_list":{"0":"post-5348","1":"product","2":"type-product","3":"status-publish","4":"has-post-thumbnail","6":"product_cat-citron-vert","7":"product_cat-categorie-recharges","9":"first","10":"instock","11":"taxable","12":"shipping-taxable","13":"purchasable","14":"product-type-simple"},"yoast_head":"<!-- This site is optimized with the Yoast SEO plugin v24.2 - https:\/\/yoast.com\/wordpress\/plugins\/seo\/ -->\n<title>Recharge | Citron Vert - Mimpi<\/title>\n<meta name=\"robots\" content=\"index, follow, max-snippet:-1, max-image-preview:large, max-video-preview:-1\" \/>\n<link rel=\"canonical\" href=\"https:\/\/www.mimpishop.be\/en\/produit\/recharge-citron-vert\/\" \/>\n<meta property=\"og:locale\" content=\"en_US\" \/>\n<meta property=\"og:type\" content=\"article\" \/>\n<meta property=\"og:title\" content=\"Recharge | Citron Vert - Mimpi\" \/>\n<meta property=\"og:description\" content=\"Offrez une seconde vie \u00e0 votre bougie Mimpi avec notre recharge parfum\u00e9e au citron vert. Une fragrance fra\u00eeche, p\u00e9tillante et lumineuse qui apporte instantan\u00e9ment une sensation de puret\u00e9 et d\u2019\u00e9nergie \u00e0 votre int\u00e9rieur.Cette recharge est exclusivement compatible avec les pots Mimpi, con\u00e7us pour \u00eatre r\u00e9utilis\u00e9s encore et encore. Une d\u00e9marche durable, \u00e9l\u00e9gante et responsable.\" \/>\n<meta property=\"og:url\" content=\"https:\/\/www.mimpishop.be\/en\/produit\/recharge-citron-vert\/\" \/>\n<meta property=\"og:site_name\" content=\"Mimpi\" \/>\n<meta property=\"article:publisher\" content=\"https:\/\/www.facebook.com\/mimpibyjulie\/\" \/>\n<meta property=\"article:modified_time\" content=\"2026-03-12T15:29:04+00:00\" \/>\n<meta property=\"og:image\" content=\"https:\/\/www.mimpishop.be\/wp-content\/uploads\/2024\/06\/IMG_8999-2-scaled.jpg\" \/>\n\t<meta property=\"og:image:width\" content=\"1920\" \/>\n\t<meta property=\"og:image:height\" content=\"2560\" \/>\n\t<meta property=\"og:image:type\" content=\"image\/jpeg\" \/>\n<script type=\"application\/ld+json\" class=\"yoast-schema-graph\">{\"@context\":\"https:\/\/schema.org\",\"@graph\":[{\"@type\":\"WebPage\",\"@id\":\"https:\/\/www.mimpishop.be\/en\/produit\/recharge-citron-vert\/\",\"url\":\"https:\/\/www.mimpishop.be\/en\/produit\/recharge-citron-vert\/\",\"name\":\"Recharge | Citron Vert - Mimpi\",\"isPartOf\":{\"@id\":\"https:\/\/www.mimpishop.be\/en\/#website\"},\"primaryImageOfPage\":{\"@id\":\"https:\/\/www.mimpishop.be\/en\/produit\/recharge-citron-vert\/#primaryimage\"},\"image\":{\"@id\":\"https:\/\/www.mimpishop.be\/en\/produit\/recharge-citron-vert\/#primaryimage\"},\"thumbnailUrl\":\"https:\/\/www.mimpishop.be\/wp-content\/uploads\/2026\/03\/recharge-bougie.jpg\",\"datePublished\":\"2026-02-05T10:10:24+00:00\",\"dateModified\":\"2026-03-12T15:29:04+00:00\",\"breadcrumb\":{\"@id\":\"https:\/\/www.mimpishop.be\/en\/produit\/recharge-citron-vert\/#breadcrumb\"},\"inLanguage\":\"en-US\",\"potentialAction\":[{\"@type\":\"ReadAction\",\"target\":[\"https:\/\/www.mimpishop.be\/en\/produit\/recharge-citron-vert\/\"]}]},{\"@type\":\"ImageObject\",\"inLanguage\":\"en-US\",\"@id\":\"https:\/\/www.mimpishop.be\/en\/produit\/recharge-citron-vert\/#primaryimage\",\"url\":\"https:\/\/www.mimpishop.be\/wp-content\/uploads\/2026\/03\/recharge-bougie.jpg\",\"contentUrl\":\"https:\/\/www.mimpishop.be\/wp-content\/uploads\/2026\/03\/recharge-bougie.jpg\",\"width\":1024,\"height\":1536},{\"@type\":\"BreadcrumbList\",\"@id\":\"https:\/\/www.mimpishop.be\/en\/produit\/recharge-citron-vert\/#breadcrumb\",\"itemListElement\":[{\"@type\":\"ListItem\",\"position\":1,\"name\":\"Accueil\",\"item\":\"https:\/\/www.mimpishop.be\/en\/home\/\"},{\"@type\":\"ListItem\",\"position\":2,\"name\":\"Shop\",\"item\":\"https:\/\/www.mimpishop.be\/en\/shop\/\"},{\"@type\":\"ListItem\",\"position\":3,\"name\":\"Recharge | Citron Vert\"}]},{\"@type\":\"WebSite\",\"@id\":\"https:\/\/www.mimpishop.be\/en\/#website\",\"url\":\"https:\/\/www.mimpishop.be\/en\/\",\"name\":\"Mimpi\",\"description\":\"Des Cr\u00e9ations Artisanales Pour Sublimer Votre Int\u00e9rieur !\",\"publisher\":{\"@id\":\"https:\/\/www.mimpishop.be\/en\/#organization\"},\"alternateName\":\"Mimpi\",\"potentialAction\":[{\"@type\":\"SearchAction\",\"target\":{\"@type\":\"EntryPoint\",\"urlTemplate\":\"https:\/\/www.mimpishop.be\/en\/?s={search_term_string}\"},\"query-input\":{\"@type\":\"PropertyValueSpecification\",\"valueRequired\":true,\"valueName\":\"search_term_string\"}}],\"inLanguage\":\"en-US\"},{\"@type\":\"Organization\",\"@id\":\"https:\/\/www.mimpishop.be\/en\/#organization\",\"name\":\"Mimpi\",\"alternateName\":\"Mimpi\",\"url\":\"https:\/\/www.mimpishop.be\/en\/\",\"logo\":{\"@type\":\"ImageObject\",\"inLanguage\":\"en-US\",\"@id\":\"https:\/\/www.mimpishop.be\/en\/#\/schema\/logo\/image\/\",\"url\":\"https:\/\/www.mimpishop.be\/wp-content\/uploads\/2023\/07\/logo-mimpi.svg\",\"contentUrl\":\"https:\/\/www.mimpishop.be\/wp-content\/uploads\/2023\/07\/logo-mimpi.svg\",\"width\":317,\"height\":147,\"caption\":\"Mimpi\"},\"image\":{\"@id\":\"https:\/\/www.mimpishop.be\/en\/#\/schema\/logo\/image\/\"},\"sameAs\":[\"https:\/\/www.facebook.com\/mimpibyjulie\/\",\"https:\/\/www.instagram.com\/mimpibyjulie\/\",\"https:\/\/www.tiktok.com\/@mimpishopjulie?_t=8dlMXK7DkAk&_r=1\"]}]}<\/script>\n<!-- \/ Yoast SEO plugin. -->","yoast_head_json":{"title":"Recharge | Citron Vert - Mimpi","robots":{"index":"index","follow":"follow","max-snippet":"max-snippet:-1","max-image-preview":"max-image-preview:large","max-video-preview":"max-video-preview:-1"},"canonical":"https:\/\/www.mimpishop.be\/en\/produit\/recharge-citron-vert\/","og_locale":"en_US","og_type":"article","og_title":"Recharge | Citron Vert - Mimpi","og_description":"Offrez une seconde vie \u00e0 votre bougie Mimpi avec notre recharge parfum\u00e9e au citron vert. Une fragrance fra\u00eeche, p\u00e9tillante et lumineuse qui apporte instantan\u00e9ment une sensation de puret\u00e9 et d\u2019\u00e9nergie \u00e0 votre int\u00e9rieur.Cette recharge est exclusivement compatible avec les pots Mimpi, con\u00e7us pour \u00eatre r\u00e9utilis\u00e9s encore et encore. Une d\u00e9marche durable, \u00e9l\u00e9gante et responsable.","og_url":"https:\/\/www.mimpishop.be\/en\/produit\/recharge-citron-vert\/","og_site_name":"Mimpi","article_publisher":"https:\/\/www.facebook.com\/mimpibyjulie\/","article_modified_time":"2026-03-12T15:29:04+00:00","og_image":[{"width":1920,"height":2560,"url":"https:\/\/www.mimpishop.be\/wp-content\/uploads\/2024\/06\/IMG_8999-2-scaled.jpg","type":"image\/jpeg"}],"schema":{"@context":"https:\/\/schema.org","@graph":[{"@type":"WebPage","@id":"https:\/\/www.mimpishop.be\/en\/produit\/recharge-citron-vert\/","url":"https:\/\/www.mimpishop.be\/en\/produit\/recharge-citron-vert\/","name":"Recharge | Citron Vert - Mimpi","isPartOf":{"@id":"https:\/\/www.mimpishop.be\/en\/#website"},"primaryImageOfPage":{"@id":"https:\/\/www.mimpishop.be\/en\/produit\/recharge-citron-vert\/#primaryimage"},"image":{"@id":"https:\/\/www.mimpishop.be\/en\/produit\/recharge-citron-vert\/#primaryimage"},"thumbnailUrl":"https:\/\/www.mimpishop.be\/wp-content\/uploads\/2026\/03\/recharge-bougie.jpg","datePublished":"2026-02-05T10:10:24+00:00","dateModified":"2026-03-12T15:29:04+00:00","breadcrumb":{"@id":"https:\/\/www.mimpishop.be\/en\/produit\/recharge-citron-vert\/#breadcrumb"},"inLanguage":"en-US","potentialAction":[{"@type":"ReadAction","target":["https:\/\/www.mimpishop.be\/en\/produit\/recharge-citron-vert\/"]}]},{"@type":"ImageObject","inLanguage":"en-US","@id":"https:\/\/www.mimpishop.be\/en\/produit\/recharge-citron-vert\/#primaryimage","url":"https:\/\/www.mimpishop.be\/wp-content\/uploads\/2026\/03\/recharge-bougie.jpg","contentUrl":"https:\/\/www.mimpishop.be\/wp-content\/uploads\/2026\/03\/recharge-bougie.jpg","width":1024,"height":1536},{"@type":"BreadcrumbList","@id":"https:\/\/www.mimpishop.be\/en\/produit\/recharge-citron-vert\/#breadcrumb","itemListElement":[{"@type":"ListItem","position":1,"name":"Accueil","item":"https:\/\/www.mimpishop.be\/en\/home\/"},{"@type":"ListItem","position":2,"name":"Shop","item":"https:\/\/www.mimpishop.be\/en\/shop\/"},{"@type":"ListItem","position":3,"name":"Recharge | Citron Vert"}]},{"@type":"WebSite","@id":"https:\/\/www.mimpishop.be\/en\/#website","url":"https:\/\/www.mimpishop.be\/en\/","name":"Mimpi","description":"Des Cr\u00e9ations Artisanales Pour Sublimer Votre Int\u00e9rieur !","publisher":{"@id":"https:\/\/www.mimpishop.be\/en\/#organization"},"alternateName":"Mimpi","potentialAction":[{"@type":"SearchAction","target":{"@type":"EntryPoint","urlTemplate":"https:\/\/www.mimpishop.be\/en\/?s={search_term_string}"},"query-input":{"@type":"PropertyValueSpecification","valueRequired":true,"valueName":"search_term_string"}}],"inLanguage":"en-US"},{"@type":"Organization","@id":"https:\/\/www.mimpishop.be\/en\/#organization","name":"Mimpi","alternateName":"Mimpi","url":"https:\/\/www.mimpishop.be\/en\/","logo":{"@type":"ImageObject","inLanguage":"en-US","@id":"https:\/\/www.mimpishop.be\/en\/#\/schema\/logo\/image\/","url":"https:\/\/www.mimpishop.be\/wp-content\/uploads\/2023\/07\/logo-mimpi.svg","contentUrl":"https:\/\/www.mimpishop.be\/wp-content\/uploads\/2023\/07\/logo-mimpi.svg","width":317,"height":147,"caption":"Mimpi"},"image":{"@id":"https:\/\/www.mimpishop.be\/en\/#\/schema\/logo\/image\/"},"sameAs":["https:\/\/www.facebook.com\/mimpibyjulie\/","https:\/\/www.instagram.com\/mimpibyjulie\/","https:\/\/www.tiktok.com\/@mimpishopjulie?_t=8dlMXK7DkAk&_r=1"]}]}},"_links":{"self":[{"href":"https:\/\/www.mimpishop.be\/en\/wp-json\/wp\/v2\/product\/5348","targetHints":{"allow":["GET"]}}],"collection":[{"href":"https:\/\/www.mimpishop.be\/en\/wp-json\/wp\/v2\/product"}],"about":[{"href":"https:\/\/www.mimpishop.be\/en\/wp-json\/wp\/v2\/types\/product"}],"wp:featuredmedia":[{"embeddable":true,"href":"https:\/\/www.mimpishop.be\/en\/wp-json\/wp\/v2\/media\/5465"}],"wp:attachment":[{"href":"https:\/\/www.mimpishop.be\/en\/wp-json\/wp\/v2\/media?parent=5348"}],"wp:term":[{"taxonomy":"product_cat","embeddable":true,"href":"https:\/\/www.mimpishop.be\/en\/wp-json\/wp\/v2\/product_cat?post=5348"},{"taxonomy":"product_tag","embeddable":true,"href":"https:\/\/www.mimpishop.be\/en\/wp-json\/wp\/v2\/product_tag?post=5348"}],"curies":[{"name":"wp","href":"https:\/\/api.w.org\/{rel}","templated":true}]}}