{"id":5364,"date":"2026-02-06T12:10:11","date_gmt":"2026-02-06T11:10:11","guid":{"rendered":"https:\/\/www.mimpishop.be\/?post_type=product&#038;p=5364"},"modified":"2026-03-12T16:22:11","modified_gmt":"2026-03-12T15:22:11","slug":"recharge-sauge-et-sel-de-mer","status":"publish","type":"product","link":"https:\/\/www.mimpishop.be\/en\/produit\/recharge-sauge-et-sel-de-mer\/","title":{"rendered":"Recharge | Sauge et Sel de Mer"},"content":{"rendered":"<p>Coul\u00e9e en <strong>cire de soja<\/strong>, elle offre environ <strong>50 heures de combustion<\/strong> propre et homog\u00e8ne. Sa <strong>m\u00e8che en bois<\/strong> diffuse une flamme douce accompagn\u00e9e d\u2019un l\u00e9ger cr\u00e9pitement, pour un instant relaxant et rafra\u00eechissant.<\/p>\n<p>\u00c9labor\u00e9 \u00e0 <strong>Grasse<\/strong>, le parfum r\u00e9v\u00e8le une composition \u00e9quilibr\u00e9e et raffin\u00e9e :<br \/><strong>Notes de t\u00eate<\/strong> : orange, sel<br \/><strong>Notes de c\u0153ur<\/strong> : violette, sauge, jasmin<br \/><strong>Notes de fond<\/strong> : ambre, patchouli<\/p>\n<p>Un parfum frais, l\u00e9g\u00e8rement floral et min\u00e9ral, subtilement r\u00e9chauff\u00e9 par le patchouli et l\u2019ambre, pour une atmosph\u00e8re naturelle et apaisante.<\/p>\n<p><img decoding=\"async\" role=\"img\" class=\"emoji\" src=\"https:\/\/s.w.org\/images\/core\/emoji\/17.0.2\/svg\/2728.svg\" alt=\"\u2728\"> 50h de combustion<br \/><img decoding=\"async\" role=\"img\" class=\"emoji\" src=\"https:\/\/s.w.org\/images\/core\/emoji\/17.0.2\/svg\/2728.svg\" alt=\"\u2728\"> Cire de soja<br \/><img decoding=\"async\" role=\"img\" class=\"emoji\" src=\"https:\/\/s.w.org\/images\/core\/emoji\/17.0.2\/svg\/2728.svg\" alt=\"\u2728\"> M\u00e8che en bois<br \/><img decoding=\"async\" role=\"img\" class=\"emoji\" src=\"https:\/\/s.w.org\/images\/core\/emoji\/17.0.2\/svg\/2728.svg\" alt=\"\u2728\"> Parfum de Grasse<br \/><img decoding=\"async\" role=\"img\" class=\"emoji\" src=\"https:\/\/s.w.org\/images\/core\/emoji\/17.0.2\/svg\/2728.svg\" alt=\"\u2728\"> Compatible uniquement avec les pots Mimpi<\/p>\n<p>Rechargez, rallumez, laissez-vous transporter par la brise marine et herbac\u00e9e.<\/p>\n","protected":false},"excerpt":{"rendered":"<p>\u00c9vadez-vous au bord de l\u2019oc\u00e9an avec <strong>Sauge &amp; Sel de Mer<\/strong>, une fragrance fra\u00eeche et min\u00e9rale qui m\u00eale notes marines et herbac\u00e9es pour une ambiance apaisante et vivifiante.<br \/>Cette recharge est <strong>exclusivement compatible avec les pots Mimpi<\/strong>, con\u00e7us pour \u00eatre r\u00e9utilis\u00e9s dans une d\u00e9marche durable et \u00e9l\u00e9gante.<\/p>\n","protected":false},"featured_media":5465,"template":"","meta":[],"product_cat":[245,37],"product_tag":[],"class_list":{"0":"post-5364","1":"product","2":"type-product","3":"status-publish","4":"has-post-thumbnail","6":"product_cat-sauge-et-sel-de-mer","7":"product_cat-categorie-recharges","9":"first","10":"instock","11":"taxable","12":"shipping-taxable","13":"purchasable","14":"product-type-simple"},"yoast_head":"<!-- This site is optimized with the Yoast SEO plugin v24.2 - https:\/\/yoast.com\/wordpress\/plugins\/seo\/ -->\n<title>Recharge | Sauge et Sel de Mer - Mimpi<\/title>\n<meta name=\"robots\" content=\"index, follow, max-snippet:-1, max-image-preview:large, max-video-preview:-1\" \/>\n<link rel=\"canonical\" href=\"https:\/\/www.mimpishop.be\/en\/produit\/recharge-sauge-et-sel-de-mer\/\" \/>\n<meta property=\"og:locale\" content=\"en_US\" \/>\n<meta property=\"og:type\" content=\"article\" \/>\n<meta property=\"og:title\" content=\"Recharge | Sauge et Sel de Mer - Mimpi\" \/>\n<meta property=\"og:description\" content=\"\u00c9vadez-vous au bord de l\u2019oc\u00e9an avec Sauge &amp; Sel de Mer, une fragrance fra\u00eeche et min\u00e9rale qui m\u00eale notes marines et herbac\u00e9es pour une ambiance apaisante et vivifiante.Cette recharge est exclusivement compatible avec les pots Mimpi, con\u00e7us pour \u00eatre r\u00e9utilis\u00e9s dans une d\u00e9marche durable et \u00e9l\u00e9gante.\" \/>\n<meta property=\"og:url\" content=\"https:\/\/www.mimpishop.be\/en\/produit\/recharge-sauge-et-sel-de-mer\/\" \/>\n<meta property=\"og:site_name\" content=\"Mimpi\" \/>\n<meta property=\"article:publisher\" content=\"https:\/\/www.facebook.com\/mimpibyjulie\/\" \/>\n<meta property=\"article:modified_time\" content=\"2026-03-12T15:22:11+00:00\" \/>\n<meta property=\"og:image\" content=\"https:\/\/www.mimpishop.be\/wp-content\/uploads\/2024\/06\/IMG_8999-2-scaled.jpg\" \/>\n\t<meta property=\"og:image:width\" content=\"1920\" \/>\n\t<meta property=\"og:image:height\" content=\"2560\" \/>\n\t<meta property=\"og:image:type\" content=\"image\/jpeg\" \/>\n<script type=\"application\/ld+json\" class=\"yoast-schema-graph\">{\"@context\":\"https:\/\/schema.org\",\"@graph\":[{\"@type\":\"WebPage\",\"@id\":\"https:\/\/www.mimpishop.be\/en\/produit\/recharge-sauge-et-sel-de-mer\/\",\"url\":\"https:\/\/www.mimpishop.be\/en\/produit\/recharge-sauge-et-sel-de-mer\/\",\"name\":\"Recharge | Sauge et Sel de Mer - Mimpi\",\"isPartOf\":{\"@id\":\"https:\/\/www.mimpishop.be\/en\/#website\"},\"primaryImageOfPage\":{\"@id\":\"https:\/\/www.mimpishop.be\/en\/produit\/recharge-sauge-et-sel-de-mer\/#primaryimage\"},\"image\":{\"@id\":\"https:\/\/www.mimpishop.be\/en\/produit\/recharge-sauge-et-sel-de-mer\/#primaryimage\"},\"thumbnailUrl\":\"https:\/\/www.mimpishop.be\/wp-content\/uploads\/2026\/03\/recharge-bougie.jpg\",\"datePublished\":\"2026-02-06T11:10:11+00:00\",\"dateModified\":\"2026-03-12T15:22:11+00:00\",\"breadcrumb\":{\"@id\":\"https:\/\/www.mimpishop.be\/en\/produit\/recharge-sauge-et-sel-de-mer\/#breadcrumb\"},\"inLanguage\":\"en-US\",\"potentialAction\":[{\"@type\":\"ReadAction\",\"target\":[\"https:\/\/www.mimpishop.be\/en\/produit\/recharge-sauge-et-sel-de-mer\/\"]}]},{\"@type\":\"ImageObject\",\"inLanguage\":\"en-US\",\"@id\":\"https:\/\/www.mimpishop.be\/en\/produit\/recharge-sauge-et-sel-de-mer\/#primaryimage\",\"url\":\"https:\/\/www.mimpishop.be\/wp-content\/uploads\/2026\/03\/recharge-bougie.jpg\",\"contentUrl\":\"https:\/\/www.mimpishop.be\/wp-content\/uploads\/2026\/03\/recharge-bougie.jpg\",\"width\":1024,\"height\":1536},{\"@type\":\"BreadcrumbList\",\"@id\":\"https:\/\/www.mimpishop.be\/en\/produit\/recharge-sauge-et-sel-de-mer\/#breadcrumb\",\"itemListElement\":[{\"@type\":\"ListItem\",\"position\":1,\"name\":\"Accueil\",\"item\":\"https:\/\/www.mimpishop.be\/en\/home\/\"},{\"@type\":\"ListItem\",\"position\":2,\"name\":\"Shop\",\"item\":\"https:\/\/www.mimpishop.be\/en\/shop\/\"},{\"@type\":\"ListItem\",\"position\":3,\"name\":\"Recharge | Sauge et Sel de Mer\"}]},{\"@type\":\"WebSite\",\"@id\":\"https:\/\/www.mimpishop.be\/en\/#website\",\"url\":\"https:\/\/www.mimpishop.be\/en\/\",\"name\":\"Mimpi\",\"description\":\"Des Cr\u00e9ations Artisanales Pour Sublimer Votre Int\u00e9rieur !\",\"publisher\":{\"@id\":\"https:\/\/www.mimpishop.be\/en\/#organization\"},\"alternateName\":\"Mimpi\",\"potentialAction\":[{\"@type\":\"SearchAction\",\"target\":{\"@type\":\"EntryPoint\",\"urlTemplate\":\"https:\/\/www.mimpishop.be\/en\/?s={search_term_string}\"},\"query-input\":{\"@type\":\"PropertyValueSpecification\",\"valueRequired\":true,\"valueName\":\"search_term_string\"}}],\"inLanguage\":\"en-US\"},{\"@type\":\"Organization\",\"@id\":\"https:\/\/www.mimpishop.be\/en\/#organization\",\"name\":\"Mimpi\",\"alternateName\":\"Mimpi\",\"url\":\"https:\/\/www.mimpishop.be\/en\/\",\"logo\":{\"@type\":\"ImageObject\",\"inLanguage\":\"en-US\",\"@id\":\"https:\/\/www.mimpishop.be\/en\/#\/schema\/logo\/image\/\",\"url\":\"https:\/\/www.mimpishop.be\/wp-content\/uploads\/2023\/07\/logo-mimpi.svg\",\"contentUrl\":\"https:\/\/www.mimpishop.be\/wp-content\/uploads\/2023\/07\/logo-mimpi.svg\",\"width\":317,\"height\":147,\"caption\":\"Mimpi\"},\"image\":{\"@id\":\"https:\/\/www.mimpishop.be\/en\/#\/schema\/logo\/image\/\"},\"sameAs\":[\"https:\/\/www.facebook.com\/mimpibyjulie\/\",\"https:\/\/www.instagram.com\/mimpibyjulie\/\",\"https:\/\/www.tiktok.com\/@mimpishopjulie?_t=8dlMXK7DkAk&_r=1\"]}]}<\/script>\n<!-- \/ Yoast SEO plugin. -->","yoast_head_json":{"title":"Recharge | Sauge et Sel de Mer - Mimpi","robots":{"index":"index","follow":"follow","max-snippet":"max-snippet:-1","max-image-preview":"max-image-preview:large","max-video-preview":"max-video-preview:-1"},"canonical":"https:\/\/www.mimpishop.be\/en\/produit\/recharge-sauge-et-sel-de-mer\/","og_locale":"en_US","og_type":"article","og_title":"Recharge | Sauge et Sel de Mer - Mimpi","og_description":"\u00c9vadez-vous au bord de l\u2019oc\u00e9an avec Sauge &amp; Sel de Mer, une fragrance fra\u00eeche et min\u00e9rale qui m\u00eale notes marines et herbac\u00e9es pour une ambiance apaisante et vivifiante.Cette recharge est exclusivement compatible avec les pots Mimpi, con\u00e7us pour \u00eatre r\u00e9utilis\u00e9s dans une d\u00e9marche durable et \u00e9l\u00e9gante.","og_url":"https:\/\/www.mimpishop.be\/en\/produit\/recharge-sauge-et-sel-de-mer\/","og_site_name":"Mimpi","article_publisher":"https:\/\/www.facebook.com\/mimpibyjulie\/","article_modified_time":"2026-03-12T15:22:11+00:00","og_image":[{"width":1920,"height":2560,"url":"https:\/\/www.mimpishop.be\/wp-content\/uploads\/2024\/06\/IMG_8999-2-scaled.jpg","type":"image\/jpeg"}],"schema":{"@context":"https:\/\/schema.org","@graph":[{"@type":"WebPage","@id":"https:\/\/www.mimpishop.be\/en\/produit\/recharge-sauge-et-sel-de-mer\/","url":"https:\/\/www.mimpishop.be\/en\/produit\/recharge-sauge-et-sel-de-mer\/","name":"Recharge | Sauge et Sel de Mer - Mimpi","isPartOf":{"@id":"https:\/\/www.mimpishop.be\/en\/#website"},"primaryImageOfPage":{"@id":"https:\/\/www.mimpishop.be\/en\/produit\/recharge-sauge-et-sel-de-mer\/#primaryimage"},"image":{"@id":"https:\/\/www.mimpishop.be\/en\/produit\/recharge-sauge-et-sel-de-mer\/#primaryimage"},"thumbnailUrl":"https:\/\/www.mimpishop.be\/wp-content\/uploads\/2026\/03\/recharge-bougie.jpg","datePublished":"2026-02-06T11:10:11+00:00","dateModified":"2026-03-12T15:22:11+00:00","breadcrumb":{"@id":"https:\/\/www.mimpishop.be\/en\/produit\/recharge-sauge-et-sel-de-mer\/#breadcrumb"},"inLanguage":"en-US","potentialAction":[{"@type":"ReadAction","target":["https:\/\/www.mimpishop.be\/en\/produit\/recharge-sauge-et-sel-de-mer\/"]}]},{"@type":"ImageObject","inLanguage":"en-US","@id":"https:\/\/www.mimpishop.be\/en\/produit\/recharge-sauge-et-sel-de-mer\/#primaryimage","url":"https:\/\/www.mimpishop.be\/wp-content\/uploads\/2026\/03\/recharge-bougie.jpg","contentUrl":"https:\/\/www.mimpishop.be\/wp-content\/uploads\/2026\/03\/recharge-bougie.jpg","width":1024,"height":1536},{"@type":"BreadcrumbList","@id":"https:\/\/www.mimpishop.be\/en\/produit\/recharge-sauge-et-sel-de-mer\/#breadcrumb","itemListElement":[{"@type":"ListItem","position":1,"name":"Accueil","item":"https:\/\/www.mimpishop.be\/en\/home\/"},{"@type":"ListItem","position":2,"name":"Shop","item":"https:\/\/www.mimpishop.be\/en\/shop\/"},{"@type":"ListItem","position":3,"name":"Recharge | Sauge et Sel de Mer"}]},{"@type":"WebSite","@id":"https:\/\/www.mimpishop.be\/en\/#website","url":"https:\/\/www.mimpishop.be\/en\/","name":"Mimpi","description":"Des Cr\u00e9ations Artisanales Pour Sublimer Votre Int\u00e9rieur !","publisher":{"@id":"https:\/\/www.mimpishop.be\/en\/#organization"},"alternateName":"Mimpi","potentialAction":[{"@type":"SearchAction","target":{"@type":"EntryPoint","urlTemplate":"https:\/\/www.mimpishop.be\/en\/?s={search_term_string}"},"query-input":{"@type":"PropertyValueSpecification","valueRequired":true,"valueName":"search_term_string"}}],"inLanguage":"en-US"},{"@type":"Organization","@id":"https:\/\/www.mimpishop.be\/en\/#organization","name":"Mimpi","alternateName":"Mimpi","url":"https:\/\/www.mimpishop.be\/en\/","logo":{"@type":"ImageObject","inLanguage":"en-US","@id":"https:\/\/www.mimpishop.be\/en\/#\/schema\/logo\/image\/","url":"https:\/\/www.mimpishop.be\/wp-content\/uploads\/2023\/07\/logo-mimpi.svg","contentUrl":"https:\/\/www.mimpishop.be\/wp-content\/uploads\/2023\/07\/logo-mimpi.svg","width":317,"height":147,"caption":"Mimpi"},"image":{"@id":"https:\/\/www.mimpishop.be\/en\/#\/schema\/logo\/image\/"},"sameAs":["https:\/\/www.facebook.com\/mimpibyjulie\/","https:\/\/www.instagram.com\/mimpibyjulie\/","https:\/\/www.tiktok.com\/@mimpishopjulie?_t=8dlMXK7DkAk&_r=1"]}]}},"_links":{"self":[{"href":"https:\/\/www.mimpishop.be\/en\/wp-json\/wp\/v2\/product\/5364","targetHints":{"allow":["GET"]}}],"collection":[{"href":"https:\/\/www.mimpishop.be\/en\/wp-json\/wp\/v2\/product"}],"about":[{"href":"https:\/\/www.mimpishop.be\/en\/wp-json\/wp\/v2\/types\/product"}],"wp:featuredmedia":[{"embeddable":true,"href":"https:\/\/www.mimpishop.be\/en\/wp-json\/wp\/v2\/media\/5465"}],"wp:attachment":[{"href":"https:\/\/www.mimpishop.be\/en\/wp-json\/wp\/v2\/media?parent=5364"}],"wp:term":[{"taxonomy":"product_cat","embeddable":true,"href":"https:\/\/www.mimpishop.be\/en\/wp-json\/wp\/v2\/product_cat?post=5364"},{"taxonomy":"product_tag","embeddable":true,"href":"https:\/\/www.mimpishop.be\/en\/wp-json\/wp\/v2\/product_tag?post=5364"}],"curies":[{"name":"wp","href":"https:\/\/api.w.org\/{rel}","templated":true}]}}