{"id":5593,"date":"2026-03-13T09:35:23","date_gmt":"2026-03-13T08:35:23","guid":{"rendered":"https:\/\/www.mimpishop.be\/?post_type=product&#038;p=5593"},"modified":"2026-03-13T09:40:41","modified_gmt":"2026-03-13T08:40:41","slug":"bougie-lait-damande","status":"publish","type":"product","link":"https:\/\/www.mimpishop.be\/en\/produit\/bougie-lait-damande\/","title":{"rendered":"Bougie Lait d&#8217;amande"},"content":{"rendered":"<p>Douce et r\u00e9confortante, la bougie <strong>Lait d\u2019Amande<\/strong> diffuse un parfum gourmand et cr\u00e9meux, inspir\u00e9 de la d\u00e9licatesse de l\u2019amande et de la chaleur d\u2019un moment de d\u00e9tente. Une fragrance subtile et enveloppante qui apporte une atmosph\u00e8re apaisante et cosy \u00e0 votre int\u00e9rieur.<\/p>\n<p>Sa <strong>m\u00e8che en bois<\/strong> \u00e9met un l\u00e9ger cr\u00e9pitement \u00e0 l\u2019allumage, pour une ambiance cocooning et apaisante. Compos\u00e9e de <strong>cire de soja 100 % naturelle<\/strong>, elle garantit une combustion propre et homog\u00e8ne pendant <strong>jusqu\u2019\u00e0 50 heures<\/strong>. Le pot est <strong>rechargeable<\/strong>, pour une d\u00e9marche \u00e0 la fois \u00e9l\u00e9gante et \u00e9coresponsable.<\/p>\n<p><img decoding=\"async\" role=\"img\" class=\"emoji\" src=\"https:\/\/s.w.org\/images\/core\/emoji\/15.1.0\/svg\/1f4ab.svg\" alt=\"\ud83d\udcab\"> <strong>Dur\u00e9e de combustion :<\/strong> environ 50h<br \/><img decoding=\"async\" role=\"img\" class=\"emoji\" src=\"https:\/\/s.w.org\/images\/core\/emoji\/15.1.0\/svg\/267b.svg\" alt=\"\u267b\ufe0f\"> <strong>Pot en jesmonite rechargeable<\/strong><br \/><img decoding=\"async\" role=\"img\" class=\"emoji\" src=\"https:\/\/s.w.org\/images\/core\/emoji\/15.1.0\/svg\/1f33f.svg\" alt=\"\ud83c\udf3f\"> <strong>Cire de soja &amp; parfum de Grasse<\/strong><br \/><img decoding=\"async\" role=\"img\" class=\"emoji\" src=\"https:\/\/s.w.org\/images\/core\/emoji\/15.1.0\/svg\/1f525.svg\" alt=\"\ud83d\udd25\"> <strong>M\u00e8che en bois \u2013 ambiance douce et cr\u00e9pitante<\/strong><\/p>\n<p><strong>Pyramide olfactive \u2013 Lait d\u2019Amande<\/strong><br \/>\u2022 <strong>Notes de t\u00eate :<\/strong> amande douce, accord lact\u00e9<br \/>\u2022 <strong>Notes de c\u0153ur :<\/strong> fleur d\u2019amandier, vanille l\u00e9g\u00e8re<br \/>\u2022 <strong>Notes de fond :<\/strong> musc blanc, bois doux<\/p>\n<p>Un parfum gourmand et d\u00e9licat, id\u00e9al pour cr\u00e9er une atmosph\u00e8re chaleureuse et r\u00e9confortante au quotidien.<\/p>\n","protected":false},"excerpt":{"rendered":"<p>Apportez une touche de douceur et de gourmandise \u00e0 votre int\u00e9rieur avec la bougie <strong>Lait d\u2019Amande<\/strong>, au parfum d\u00e9licat et enveloppant. Coul\u00e9e dans un pot en jesmonite terrazzo blanc, rehauss\u00e9 d\u2019\u00e9clats de beiges, chaque pi\u00e8ce est unique et r\u00e9alis\u00e9e \u00e0 la main.<\/p>\n<p>Sa m\u00e8che en bois cr\u00e9pite doucement \u00e0 l\u2019allumage, cr\u00e9ant une ambiance apaisante et chaleureuse. Compos\u00e9e de cire de soja et parfum\u00e9e \u00e0 Grasse, elle offre jusqu\u2019\u00e0 <strong>50 heures de br\u00fblage<\/strong>. Rechargeable et durable, elle allie \u00e9l\u00e9gance, artisanat et \u00e9coresponsabilit\u00e9.<\/p>\n","protected":false},"featured_media":5565,"template":"","meta":[],"product_cat":[236,122],"product_tag":[],"class_list":{"0":"post-5593","1":"product","2":"type-product","3":"status-publish","4":"has-post-thumbnail","6":"product_cat-lait-damande","7":"product_cat-bougie","9":"first","10":"instock","11":"taxable","12":"shipping-taxable","13":"purchasable","14":"product-type-simple"},"yoast_head":"<!-- This site is optimized with the Yoast SEO plugin v24.2 - https:\/\/yoast.com\/wordpress\/plugins\/seo\/ -->\n<title>Bougie Lait d&#039;amande - Mimpi<\/title>\n<meta name=\"robots\" content=\"index, follow, max-snippet:-1, max-image-preview:large, max-video-preview:-1\" \/>\n<link rel=\"canonical\" href=\"https:\/\/www.mimpishop.be\/en\/produit\/bougie-lait-damande\/\" \/>\n<meta property=\"og:locale\" content=\"en_US\" \/>\n<meta property=\"og:type\" content=\"article\" \/>\n<meta property=\"og:title\" content=\"Bougie Lait d&#039;amande - Mimpi\" \/>\n<meta property=\"og:description\" content=\"Apportez une touche de douceur et de gourmandise \u00e0 votre int\u00e9rieur avec la bougie Lait d\u2019Amande, au parfum d\u00e9licat et enveloppant. Coul\u00e9e dans un pot en jesmonite terrazzo blanc, rehauss\u00e9 d\u2019\u00e9clats de beiges, chaque pi\u00e8ce est unique et r\u00e9alis\u00e9e \u00e0 la main.Sa m\u00e8che en bois cr\u00e9pite doucement \u00e0 l\u2019allumage, cr\u00e9ant une ambiance apaisante et chaleureuse. Compos\u00e9e de cire de soja et parfum\u00e9e \u00e0 Grasse, elle offre jusqu\u2019\u00e0 50 heures de br\u00fblage. Rechargeable et durable, elle allie \u00e9l\u00e9gance, artisanat et \u00e9coresponsabilit\u00e9.\" \/>\n<meta property=\"og:url\" content=\"https:\/\/www.mimpishop.be\/en\/produit\/bougie-lait-damande\/\" \/>\n<meta property=\"og:site_name\" content=\"Mimpi\" \/>\n<meta property=\"article:publisher\" content=\"https:\/\/www.facebook.com\/mimpibyjulie\/\" \/>\n<meta property=\"article:modified_time\" content=\"2026-03-13T08:40:41+00:00\" \/>\n<meta property=\"og:image\" content=\"https:\/\/www.mimpishop.be\/wp-content\/uploads\/2026\/03\/ChatGPT-Image-9-mars-2026-15_56_02-683x1024.png\" \/>\n\t<meta property=\"og:image:width\" content=\"683\" \/>\n\t<meta property=\"og:image:height\" content=\"1024\" \/>\n\t<meta property=\"og:image:type\" content=\"image\/png\" \/>\n<script type=\"application\/ld+json\" class=\"yoast-schema-graph\">{\"@context\":\"https:\/\/schema.org\",\"@graph\":[{\"@type\":\"WebPage\",\"@id\":\"https:\/\/www.mimpishop.be\/en\/produit\/bougie-lait-damande\/\",\"url\":\"https:\/\/www.mimpishop.be\/en\/produit\/bougie-lait-damande\/\",\"name\":\"Bougie Lait d'amande - Mimpi\",\"isPartOf\":{\"@id\":\"https:\/\/www.mimpishop.be\/en\/#website\"},\"primaryImageOfPage\":{\"@id\":\"https:\/\/www.mimpishop.be\/en\/produit\/bougie-lait-damande\/#primaryimage\"},\"image\":{\"@id\":\"https:\/\/www.mimpishop.be\/en\/produit\/bougie-lait-damande\/#primaryimage\"},\"thumbnailUrl\":\"https:\/\/www.mimpishop.be\/wp-content\/uploads\/2026\/03\/ChatGPT-Image-9-mars-2026-15_56_02.png\",\"datePublished\":\"2026-03-13T08:35:23+00:00\",\"dateModified\":\"2026-03-13T08:40:41+00:00\",\"breadcrumb\":{\"@id\":\"https:\/\/www.mimpishop.be\/en\/produit\/bougie-lait-damande\/#breadcrumb\"},\"inLanguage\":\"en-US\",\"potentialAction\":[{\"@type\":\"ReadAction\",\"target\":[\"https:\/\/www.mimpishop.be\/en\/produit\/bougie-lait-damande\/\"]}]},{\"@type\":\"ImageObject\",\"inLanguage\":\"en-US\",\"@id\":\"https:\/\/www.mimpishop.be\/en\/produit\/bougie-lait-damande\/#primaryimage\",\"url\":\"https:\/\/www.mimpishop.be\/wp-content\/uploads\/2026\/03\/ChatGPT-Image-9-mars-2026-15_56_02.png\",\"contentUrl\":\"https:\/\/www.mimpishop.be\/wp-content\/uploads\/2026\/03\/ChatGPT-Image-9-mars-2026-15_56_02.png\",\"width\":1024,\"height\":1536},{\"@type\":\"BreadcrumbList\",\"@id\":\"https:\/\/www.mimpishop.be\/en\/produit\/bougie-lait-damande\/#breadcrumb\",\"itemListElement\":[{\"@type\":\"ListItem\",\"position\":1,\"name\":\"Accueil\",\"item\":\"https:\/\/www.mimpishop.be\/en\/home\/\"},{\"@type\":\"ListItem\",\"position\":2,\"name\":\"Shop\",\"item\":\"https:\/\/www.mimpishop.be\/en\/shop\/\"},{\"@type\":\"ListItem\",\"position\":3,\"name\":\"Bougie Lait d&rsquo;amande\"}]},{\"@type\":\"WebSite\",\"@id\":\"https:\/\/www.mimpishop.be\/en\/#website\",\"url\":\"https:\/\/www.mimpishop.be\/en\/\",\"name\":\"Mimpi\",\"description\":\"Des Cr\u00e9ations Artisanales Pour Sublimer Votre Int\u00e9rieur !\",\"publisher\":{\"@id\":\"https:\/\/www.mimpishop.be\/en\/#organization\"},\"alternateName\":\"Mimpi\",\"potentialAction\":[{\"@type\":\"SearchAction\",\"target\":{\"@type\":\"EntryPoint\",\"urlTemplate\":\"https:\/\/www.mimpishop.be\/en\/?s={search_term_string}\"},\"query-input\":{\"@type\":\"PropertyValueSpecification\",\"valueRequired\":true,\"valueName\":\"search_term_string\"}}],\"inLanguage\":\"en-US\"},{\"@type\":\"Organization\",\"@id\":\"https:\/\/www.mimpishop.be\/en\/#organization\",\"name\":\"Mimpi\",\"alternateName\":\"Mimpi\",\"url\":\"https:\/\/www.mimpishop.be\/en\/\",\"logo\":{\"@type\":\"ImageObject\",\"inLanguage\":\"en-US\",\"@id\":\"https:\/\/www.mimpishop.be\/en\/#\/schema\/logo\/image\/\",\"url\":\"https:\/\/www.mimpishop.be\/wp-content\/uploads\/2023\/07\/logo-mimpi.svg\",\"contentUrl\":\"https:\/\/www.mimpishop.be\/wp-content\/uploads\/2023\/07\/logo-mimpi.svg\",\"width\":317,\"height\":147,\"caption\":\"Mimpi\"},\"image\":{\"@id\":\"https:\/\/www.mimpishop.be\/en\/#\/schema\/logo\/image\/\"},\"sameAs\":[\"https:\/\/www.facebook.com\/mimpibyjulie\/\",\"https:\/\/www.instagram.com\/mimpibyjulie\/\",\"https:\/\/www.tiktok.com\/@mimpishopjulie?_t=8dlMXK7DkAk&_r=1\"]}]}<\/script>\n<!-- \/ Yoast SEO plugin. -->","yoast_head_json":{"title":"Bougie Lait d'amande - Mimpi","robots":{"index":"index","follow":"follow","max-snippet":"max-snippet:-1","max-image-preview":"max-image-preview:large","max-video-preview":"max-video-preview:-1"},"canonical":"https:\/\/www.mimpishop.be\/en\/produit\/bougie-lait-damande\/","og_locale":"en_US","og_type":"article","og_title":"Bougie Lait d'amande - Mimpi","og_description":"Apportez une touche de douceur et de gourmandise \u00e0 votre int\u00e9rieur avec la bougie Lait d\u2019Amande, au parfum d\u00e9licat et enveloppant. Coul\u00e9e dans un pot en jesmonite terrazzo blanc, rehauss\u00e9 d\u2019\u00e9clats de beiges, chaque pi\u00e8ce est unique et r\u00e9alis\u00e9e \u00e0 la main.Sa m\u00e8che en bois cr\u00e9pite doucement \u00e0 l\u2019allumage, cr\u00e9ant une ambiance apaisante et chaleureuse. Compos\u00e9e de cire de soja et parfum\u00e9e \u00e0 Grasse, elle offre jusqu\u2019\u00e0 50 heures de br\u00fblage. Rechargeable et durable, elle allie \u00e9l\u00e9gance, artisanat et \u00e9coresponsabilit\u00e9.","og_url":"https:\/\/www.mimpishop.be\/en\/produit\/bougie-lait-damande\/","og_site_name":"Mimpi","article_publisher":"https:\/\/www.facebook.com\/mimpibyjulie\/","article_modified_time":"2026-03-13T08:40:41+00:00","og_image":[{"width":683,"height":1024,"url":"https:\/\/www.mimpishop.be\/wp-content\/uploads\/2026\/03\/ChatGPT-Image-9-mars-2026-15_56_02-683x1024.png","type":"image\/png"}],"schema":{"@context":"https:\/\/schema.org","@graph":[{"@type":"WebPage","@id":"https:\/\/www.mimpishop.be\/en\/produit\/bougie-lait-damande\/","url":"https:\/\/www.mimpishop.be\/en\/produit\/bougie-lait-damande\/","name":"Bougie Lait d'amande - Mimpi","isPartOf":{"@id":"https:\/\/www.mimpishop.be\/en\/#website"},"primaryImageOfPage":{"@id":"https:\/\/www.mimpishop.be\/en\/produit\/bougie-lait-damande\/#primaryimage"},"image":{"@id":"https:\/\/www.mimpishop.be\/en\/produit\/bougie-lait-damande\/#primaryimage"},"thumbnailUrl":"https:\/\/www.mimpishop.be\/wp-content\/uploads\/2026\/03\/ChatGPT-Image-9-mars-2026-15_56_02.png","datePublished":"2026-03-13T08:35:23+00:00","dateModified":"2026-03-13T08:40:41+00:00","breadcrumb":{"@id":"https:\/\/www.mimpishop.be\/en\/produit\/bougie-lait-damande\/#breadcrumb"},"inLanguage":"en-US","potentialAction":[{"@type":"ReadAction","target":["https:\/\/www.mimpishop.be\/en\/produit\/bougie-lait-damande\/"]}]},{"@type":"ImageObject","inLanguage":"en-US","@id":"https:\/\/www.mimpishop.be\/en\/produit\/bougie-lait-damande\/#primaryimage","url":"https:\/\/www.mimpishop.be\/wp-content\/uploads\/2026\/03\/ChatGPT-Image-9-mars-2026-15_56_02.png","contentUrl":"https:\/\/www.mimpishop.be\/wp-content\/uploads\/2026\/03\/ChatGPT-Image-9-mars-2026-15_56_02.png","width":1024,"height":1536},{"@type":"BreadcrumbList","@id":"https:\/\/www.mimpishop.be\/en\/produit\/bougie-lait-damande\/#breadcrumb","itemListElement":[{"@type":"ListItem","position":1,"name":"Accueil","item":"https:\/\/www.mimpishop.be\/en\/home\/"},{"@type":"ListItem","position":2,"name":"Shop","item":"https:\/\/www.mimpishop.be\/en\/shop\/"},{"@type":"ListItem","position":3,"name":"Bougie Lait d&rsquo;amande"}]},{"@type":"WebSite","@id":"https:\/\/www.mimpishop.be\/en\/#website","url":"https:\/\/www.mimpishop.be\/en\/","name":"Mimpi","description":"Des Cr\u00e9ations Artisanales Pour Sublimer Votre Int\u00e9rieur !","publisher":{"@id":"https:\/\/www.mimpishop.be\/en\/#organization"},"alternateName":"Mimpi","potentialAction":[{"@type":"SearchAction","target":{"@type":"EntryPoint","urlTemplate":"https:\/\/www.mimpishop.be\/en\/?s={search_term_string}"},"query-input":{"@type":"PropertyValueSpecification","valueRequired":true,"valueName":"search_term_string"}}],"inLanguage":"en-US"},{"@type":"Organization","@id":"https:\/\/www.mimpishop.be\/en\/#organization","name":"Mimpi","alternateName":"Mimpi","url":"https:\/\/www.mimpishop.be\/en\/","logo":{"@type":"ImageObject","inLanguage":"en-US","@id":"https:\/\/www.mimpishop.be\/en\/#\/schema\/logo\/image\/","url":"https:\/\/www.mimpishop.be\/wp-content\/uploads\/2023\/07\/logo-mimpi.svg","contentUrl":"https:\/\/www.mimpishop.be\/wp-content\/uploads\/2023\/07\/logo-mimpi.svg","width":317,"height":147,"caption":"Mimpi"},"image":{"@id":"https:\/\/www.mimpishop.be\/en\/#\/schema\/logo\/image\/"},"sameAs":["https:\/\/www.facebook.com\/mimpibyjulie\/","https:\/\/www.instagram.com\/mimpibyjulie\/","https:\/\/www.tiktok.com\/@mimpishopjulie?_t=8dlMXK7DkAk&_r=1"]}]}},"_links":{"self":[{"href":"https:\/\/www.mimpishop.be\/en\/wp-json\/wp\/v2\/product\/5593","targetHints":{"allow":["GET"]}}],"collection":[{"href":"https:\/\/www.mimpishop.be\/en\/wp-json\/wp\/v2\/product"}],"about":[{"href":"https:\/\/www.mimpishop.be\/en\/wp-json\/wp\/v2\/types\/product"}],"wp:featuredmedia":[{"embeddable":true,"href":"https:\/\/www.mimpishop.be\/en\/wp-json\/wp\/v2\/media\/5565"}],"wp:attachment":[{"href":"https:\/\/www.mimpishop.be\/en\/wp-json\/wp\/v2\/media?parent=5593"}],"wp:term":[{"taxonomy":"product_cat","embeddable":true,"href":"https:\/\/www.mimpishop.be\/en\/wp-json\/wp\/v2\/product_cat?post=5593"},{"taxonomy":"product_tag","embeddable":true,"href":"https:\/\/www.mimpishop.be\/en\/wp-json\/wp\/v2\/product_tag?post=5593"}],"curies":[{"name":"wp","href":"https:\/\/api.w.org\/{rel}","templated":true}]}}